{"id":97593,"date":"2021-08-10T08:30:10","date_gmt":"2021-08-10T08:30:10","guid":{"rendered":"http:\/\/alexmobilier.ro\/vestiare\/?page_id=97593"},"modified":"2021-10-06T12:28:49","modified_gmt":"2021-10-06T12:28:49","slug":"domino","status":"publish","type":"page","link":"https:\/\/alexmobilier.ro\/vestiare\/categorii\/banca-vestiar\/domino\/","title":{"rendered":"Domino"},"content":{"rendered":"<div class=\"yt-row\">\n<div class=\"yt-subrow yt-subrow1\">\n<iframe width=\"448\" height=\"252\" src=\"https:\/\/www.youtube.com\/embed\/ESmEdNoXEIQ\" frameborder=\"0\" allow=\"accelerometer; autoplay; clipboard-write; encrypted-media; gyroscope; picture-in-picture\" allowfullscreen><\/iframe>\n<\/div>\n<div class=\"yt-subrow yt-subrow2\">\n<p>Forma gra\u021bioas\u0103 \u0219i aerisit\u0103 a b\u0103ncilor Domino se datoreaz\u0103 picioarelor \u00eenguste \u0219i jocului delicat de propor\u021bii. Datorit\u0103 designului structurii \u0219i pernelor care ne trimit cu g\u00e2ndul la piesele domino, varia\u021biile de dimensiuni ne invit\u0103 s\u0103 ne juc\u0103m. Putem amenaja un spa\u021biu specific \u00een mai multe variante, fie c\u0103 este o zon\u0103 comun\u0103 \u00eentr-o cl\u0103dire cu birouri sau o sal\u0103 de a\u0219teptare sau chiar o sal\u0103 de gimnastic\u0103 \u0219i fitness. Cu un \u00eenc\u0103rc\u0103tor de telefon \u0219i intr\u0103ri USB A \u0219i USB C plasate pe mobil\u0103, a\u0219teptarea nu va fi plictisitoare \u0219i inutil\u0103. Pernele \u00eenalte, linoleul de mobilier pl\u0103cut tactil utilizat pe placaj, t\u0103lpile autoreglabile cromate reprezint\u0103 toate o categorie superioar\u0103 de calitate.<\/p>\n<\/div>\n<\/div>\n","protected":false},"excerpt":{"rendered":"<p>Forma gra\u021bioas\u0103 \u0219i aerisit\u0103 a b\u0103ncilor Domino se datoreaz\u0103 picioarelor \u00eenguste \u0219i jocului delicat de propor\u021bii. Datorit\u0103 designului structurii \u0219i pernelor care ne trimit cu g\u00e2ndul la piesele domino, varia\u021biile de dimensiuni ne invit\u0103 s\u0103 ne juc\u0103m. Putem amenaja un spa\u021biu specific \u00een mai multe variante, fie c\u0103 este o zon\u0103 comun\u0103 \u00eentr-o cl\u0103dire cu birouri sau o sal\u0103 de&nbsp;<a href=\"https:\/\/alexmobilier.ro\/vestiare\/categorii\/banca-vestiar\/domino\/\" class=\"read-more\">...<\/a><\/p>\n","protected":false},"author":1,"featured_media":97586,"parent":31372,"menu_order":0,"comment_status":"closed","ping_status":"closed","template":"page-Portfolio4Cols-filterable.php","meta":{"footnotes":""},"class_list":["post-97593","page","type-page","status-publish","has-post-thumbnail","hentry"],"yoast_head":"<!-- This site is optimized with the Yoast SEO plugin v25.2 - https:\/\/yoast.com\/wordpress\/plugins\/seo\/ -->\n<title>Domino - Vestiar<\/title>\n<meta name=\"robots\" content=\"index, follow, max-snippet:-1, max-image-preview:large, max-video-preview:-1\" \/>\n<link rel=\"canonical\" href=\"https:\/\/alexmobilier.ro\/vestiare\/categorii\/banca-vestiar\/domino\/\" \/>\n<meta property=\"og:locale\" content=\"en_US\" \/>\n<meta property=\"og:type\" content=\"article\" \/>\n<meta property=\"og:title\" content=\"Domino - Vestiar\" \/>\n<meta property=\"og:description\" content=\"Forma gra\u021bioas\u0103 \u0219i aerisit\u0103 a b\u0103ncilor Domino se datoreaz\u0103 picioarelor \u00eenguste \u0219i jocului delicat de propor\u021bii. Datorit\u0103 designului structurii \u0219i pernelor care ne trimit cu g\u00e2ndul la piesele domino, varia\u021biile de dimensiuni ne invit\u0103 s\u0103 ne juc\u0103m. Putem amenaja un spa\u021biu specific \u00een mai multe variante, fie c\u0103 este o zon\u0103 comun\u0103 \u00eentr-o cl\u0103dire cu birouri sau o sal\u0103 de&nbsp;...\" \/>\n<meta property=\"og:url\" content=\"https:\/\/alexmobilier.ro\/vestiare\/categorii\/banca-vestiar\/domino\/\" \/>\n<meta property=\"og:site_name\" content=\"Vestiar\" \/>\n<meta property=\"article:modified_time\" content=\"2021-10-06T12:28:49+00:00\" \/>\n<meta property=\"og:image\" content=\"https:\/\/alexmobilier.ro\/vestiare\/wp-content\/uploads\/2021\/08\/domino.jpg\" \/>\n\t<meta property=\"og:image:width\" content=\"800\" \/>\n\t<meta property=\"og:image:height\" content=\"560\" \/>\n\t<meta property=\"og:image:type\" content=\"image\/jpeg\" \/>\n<meta name=\"twitter:card\" content=\"summary_large_image\" \/>\n<meta name=\"twitter:label1\" content=\"Est. reading time\" \/>\n\t<meta name=\"twitter:data1\" content=\"1 minute\" \/>\n<script type=\"application\/ld+json\" class=\"yoast-schema-graph\">{\"@context\":\"https:\/\/schema.org\",\"@graph\":[{\"@type\":\"WebPage\",\"@id\":\"https:\/\/alexmobilier.ro\/vestiare\/categorii\/banca-vestiar\/domino\/\",\"url\":\"https:\/\/alexmobilier.ro\/vestiare\/categorii\/banca-vestiar\/domino\/\",\"name\":\"Domino - Vestiar\",\"isPartOf\":{\"@id\":\"https:\/\/alexmobilier.ro\/vestiare\/#website\"},\"primaryImageOfPage\":{\"@id\":\"https:\/\/alexmobilier.ro\/vestiare\/categorii\/banca-vestiar\/domino\/#primaryimage\"},\"image\":{\"@id\":\"https:\/\/alexmobilier.ro\/vestiare\/categorii\/banca-vestiar\/domino\/#primaryimage\"},\"thumbnailUrl\":\"https:\/\/alexmobilier.ro\/vestiare\/wp-content\/uploads\/2021\/08\/domino.jpg\",\"datePublished\":\"2021-08-10T08:30:10+00:00\",\"dateModified\":\"2021-10-06T12:28:49+00:00\",\"breadcrumb\":{\"@id\":\"https:\/\/alexmobilier.ro\/vestiare\/categorii\/banca-vestiar\/domino\/#breadcrumb\"},\"inLanguage\":\"en-US\",\"potentialAction\":[{\"@type\":\"ReadAction\",\"target\":[\"https:\/\/alexmobilier.ro\/vestiare\/categorii\/banca-vestiar\/domino\/\"]}]},{\"@type\":\"ImageObject\",\"inLanguage\":\"en-US\",\"@id\":\"https:\/\/alexmobilier.ro\/vestiare\/categorii\/banca-vestiar\/domino\/#primaryimage\",\"url\":\"https:\/\/alexmobilier.ro\/vestiare\/wp-content\/uploads\/2021\/08\/domino.jpg\",\"contentUrl\":\"https:\/\/alexmobilier.ro\/vestiare\/wp-content\/uploads\/2021\/08\/domino.jpg\",\"width\":800,\"height\":560},{\"@type\":\"BreadcrumbList\",\"@id\":\"https:\/\/alexmobilier.ro\/vestiare\/categorii\/banca-vestiar\/domino\/#breadcrumb\",\"itemListElement\":[{\"@type\":\"ListItem\",\"position\":1,\"name\":\"Home\",\"item\":\"https:\/\/alexmobilier.ro\/vestiare\/\"},{\"@type\":\"ListItem\",\"position\":2,\"name\":\"Produse\",\"item\":\"https:\/\/alexmobilier.ro\/vestiare\/categorii\/\"},{\"@type\":\"ListItem\",\"position\":3,\"name\":\"Banc\u0103 vestiar\",\"item\":\"https:\/\/alexmobilier.ro\/vestiare\/categorii\/banca-vestiar\/\"},{\"@type\":\"ListItem\",\"position\":4,\"name\":\"Domino\"}]},{\"@type\":\"WebSite\",\"@id\":\"https:\/\/alexmobilier.ro\/vestiare\/#website\",\"url\":\"https:\/\/alexmobilier.ro\/vestiare\/\",\"name\":\"Vestiar\",\"description\":\"ALEX MOBILIER MACS\",\"potentialAction\":[{\"@type\":\"SearchAction\",\"target\":{\"@type\":\"EntryPoint\",\"urlTemplate\":\"https:\/\/alexmobilier.ro\/vestiare\/?s={search_term_string}\"},\"query-input\":{\"@type\":\"PropertyValueSpecification\",\"valueRequired\":true,\"valueName\":\"search_term_string\"}}],\"inLanguage\":\"en-US\"}]}<\/script>\n<!-- \/ Yoast SEO plugin. -->","yoast_head_json":{"title":"Domino - Vestiar","robots":{"index":"index","follow":"follow","max-snippet":"max-snippet:-1","max-image-preview":"max-image-preview:large","max-video-preview":"max-video-preview:-1"},"canonical":"https:\/\/alexmobilier.ro\/vestiare\/categorii\/banca-vestiar\/domino\/","og_locale":"en_US","og_type":"article","og_title":"Domino - Vestiar","og_description":"Forma gra\u021bioas\u0103 \u0219i aerisit\u0103 a b\u0103ncilor Domino se datoreaz\u0103 picioarelor \u00eenguste \u0219i jocului delicat de propor\u021bii. Datorit\u0103 designului structurii \u0219i pernelor care ne trimit cu g\u00e2ndul la piesele domino, varia\u021biile de dimensiuni ne invit\u0103 s\u0103 ne juc\u0103m. Putem amenaja un spa\u021biu specific \u00een mai multe variante, fie c\u0103 este o zon\u0103 comun\u0103 \u00eentr-o cl\u0103dire cu birouri sau o sal\u0103 de&nbsp;...","og_url":"https:\/\/alexmobilier.ro\/vestiare\/categorii\/banca-vestiar\/domino\/","og_site_name":"Vestiar","article_modified_time":"2021-10-06T12:28:49+00:00","og_image":[{"width":800,"height":560,"url":"https:\/\/alexmobilier.ro\/vestiare\/wp-content\/uploads\/2021\/08\/domino.jpg","type":"image\/jpeg"}],"twitter_card":"summary_large_image","twitter_misc":{"Est. reading time":"1 minute"},"schema":{"@context":"https:\/\/schema.org","@graph":[{"@type":"WebPage","@id":"https:\/\/alexmobilier.ro\/vestiare\/categorii\/banca-vestiar\/domino\/","url":"https:\/\/alexmobilier.ro\/vestiare\/categorii\/banca-vestiar\/domino\/","name":"Domino - Vestiar","isPartOf":{"@id":"https:\/\/alexmobilier.ro\/vestiare\/#website"},"primaryImageOfPage":{"@id":"https:\/\/alexmobilier.ro\/vestiare\/categorii\/banca-vestiar\/domino\/#primaryimage"},"image":{"@id":"https:\/\/alexmobilier.ro\/vestiare\/categorii\/banca-vestiar\/domino\/#primaryimage"},"thumbnailUrl":"https:\/\/alexmobilier.ro\/vestiare\/wp-content\/uploads\/2021\/08\/domino.jpg","datePublished":"2021-08-10T08:30:10+00:00","dateModified":"2021-10-06T12:28:49+00:00","breadcrumb":{"@id":"https:\/\/alexmobilier.ro\/vestiare\/categorii\/banca-vestiar\/domino\/#breadcrumb"},"inLanguage":"en-US","potentialAction":[{"@type":"ReadAction","target":["https:\/\/alexmobilier.ro\/vestiare\/categorii\/banca-vestiar\/domino\/"]}]},{"@type":"ImageObject","inLanguage":"en-US","@id":"https:\/\/alexmobilier.ro\/vestiare\/categorii\/banca-vestiar\/domino\/#primaryimage","url":"https:\/\/alexmobilier.ro\/vestiare\/wp-content\/uploads\/2021\/08\/domino.jpg","contentUrl":"https:\/\/alexmobilier.ro\/vestiare\/wp-content\/uploads\/2021\/08\/domino.jpg","width":800,"height":560},{"@type":"BreadcrumbList","@id":"https:\/\/alexmobilier.ro\/vestiare\/categorii\/banca-vestiar\/domino\/#breadcrumb","itemListElement":[{"@type":"ListItem","position":1,"name":"Home","item":"https:\/\/alexmobilier.ro\/vestiare\/"},{"@type":"ListItem","position":2,"name":"Produse","item":"https:\/\/alexmobilier.ro\/vestiare\/categorii\/"},{"@type":"ListItem","position":3,"name":"Banc\u0103 vestiar","item":"https:\/\/alexmobilier.ro\/vestiare\/categorii\/banca-vestiar\/"},{"@type":"ListItem","position":4,"name":"Domino"}]},{"@type":"WebSite","@id":"https:\/\/alexmobilier.ro\/vestiare\/#website","url":"https:\/\/alexmobilier.ro\/vestiare\/","name":"Vestiar","description":"ALEX MOBILIER MACS","potentialAction":[{"@type":"SearchAction","target":{"@type":"EntryPoint","urlTemplate":"https:\/\/alexmobilier.ro\/vestiare\/?s={search_term_string}"},"query-input":{"@type":"PropertyValueSpecification","valueRequired":true,"valueName":"search_term_string"}}],"inLanguage":"en-US"}]}},"_links":{"self":[{"href":"https:\/\/alexmobilier.ro\/vestiare\/wp-json\/wp\/v2\/pages\/97593","targetHints":{"allow":["GET"]}}],"collection":[{"href":"https:\/\/alexmobilier.ro\/vestiare\/wp-json\/wp\/v2\/pages"}],"about":[{"href":"https:\/\/alexmobilier.ro\/vestiare\/wp-json\/wp\/v2\/types\/page"}],"author":[{"embeddable":true,"href":"https:\/\/alexmobilier.ro\/vestiare\/wp-json\/wp\/v2\/users\/1"}],"replies":[{"embeddable":true,"href":"https:\/\/alexmobilier.ro\/vestiare\/wp-json\/wp\/v2\/comments?post=97593"}],"version-history":[{"count":2,"href":"https:\/\/alexmobilier.ro\/vestiare\/wp-json\/wp\/v2\/pages\/97593\/revisions"}],"predecessor-version":[{"id":98146,"href":"https:\/\/alexmobilier.ro\/vestiare\/wp-json\/wp\/v2\/pages\/97593\/revisions\/98146"}],"up":[{"embeddable":true,"href":"https:\/\/alexmobilier.ro\/vestiare\/wp-json\/wp\/v2\/pages\/31372"}],"wp:featuredmedia":[{"embeddable":true,"href":"https:\/\/alexmobilier.ro\/vestiare\/wp-json\/wp\/v2\/media\/97586"}],"wp:attachment":[{"href":"https:\/\/alexmobilier.ro\/vestiare\/wp-json\/wp\/v2\/media?parent=97593"}],"curies":[{"name":"wp","href":"https:\/\/api.w.org\/{rel}","templated":true}]}}