{"id":69,"date":"2016-06-11T08:47:53","date_gmt":"2016-06-11T08:47:53","guid":{"rendered":"http:\/\/szallodabutor.hu\/?page_id=69"},"modified":"2021-08-10T09:08:07","modified_gmt":"2021-08-10T09:08:07","slug":"dulap-vestiar","status":"publish","type":"page","link":"https:\/\/alexmobilier.ro\/vestiare\/categorii\/dulap-vestiar\/","title":{"rendered":"Dulap vestiar"},"content":{"rendered":"\r\n\t<li class=\"portfolio_item isotope-item\"><div class=\"portfolio_item_holder\"><figure class=\"thumbnail thumbnail__portfolio\"><a href=\"https:\/\/alexmobilier.ro\/vestiare\/categorii\/dulap-vestiar\/dulap-vestiar-din-pal-melaminat\/\" class=\"image-wrap\"><img decoding=\"async\" src=\"https:\/\/alexmobilier.ro\/vestiare\/wp-content\/uploads\/2021\/08\/Kategoria_kepek_800x5605_butorlapos.jpg\" alt=\"Dulap vestiar din PAL melaminat\"><\/a><\/figure><div class=\"caption caption__portfolio\"><h3><a href=\"https:\/\/alexmobilier.ro\/vestiare\/categorii\/dulap-vestiar\/dulap-vestiar-din-pal-melaminat\/\">Dulap vestiar din PAL melaminat<\/a><\/h3><\/div><\/div><\/li>\n\r\n\t<li class=\"portfolio_item isotope-item\"><div class=\"portfolio_item_holder\"><figure class=\"thumbnail thumbnail__portfolio\"><a href=\"https:\/\/alexmobilier.ro\/vestiare\/categorii\/dulap-vestiar\/dulap-metalic-vestiar\/\" class=\"image-wrap\"><img decoding=\"async\" src=\"https:\/\/alexmobilier.ro\/vestiare\/wp-content\/uploads\/2021\/08\/Kategoria_kepek_800x5606_fem.jpg\" alt=\"Dulap metalic vestiar\"><\/a><\/figure><div class=\"caption caption__portfolio\"><h3><a href=\"https:\/\/alexmobilier.ro\/vestiare\/categorii\/dulap-vestiar\/dulap-metalic-vestiar\/\">Dulap metalic vestiar<\/a><\/h3><\/div><\/div><\/li>\n","protected":false},"excerpt":{"rendered":"","protected":false},"author":1,"featured_media":34632,"parent":10,"menu_order":0,"comment_status":"closed","ping_status":"closed","template":"page-Portfolio2Cols-alexsub.php","meta":{"footnotes":""},"class_list":["post-69","page","type-page","status-publish","has-post-thumbnail","hentry"],"yoast_head":"<!-- This site is optimized with the Yoast SEO plugin v25.2 - https:\/\/yoast.com\/wordpress\/plugins\/seo\/ -->\n<title>Dulap vestiar - Vestiar<\/title>\n<meta name=\"description\" content=\"\u00d6lt\u00f6z\u0151szekr\u00e9nyeink \u00e9s \u00e9rt\u00e9kmeg\u00f6rz\u0151k iskol\u00e1knak, sport \u00e9s ipari \u00f6lt\u00f6z\u0151kbe. K\u00e9rje aj\u00e1nlatunkat standard vagy egy\u00e9ni m\u00e9retre!\" \/>\n<meta name=\"robots\" content=\"index, follow, max-snippet:-1, max-image-preview:large, max-video-preview:-1\" \/>\n<link rel=\"canonical\" href=\"https:\/\/alexmobilier.ro\/vestiare\/categorii\/dulap-vestiar\/\" \/>\n<meta property=\"og:locale\" content=\"en_US\" \/>\n<meta property=\"og:type\" content=\"article\" \/>\n<meta property=\"og:title\" content=\"Dulap vestiar - Vestiar\" \/>\n<meta property=\"og:description\" content=\"\u00d6lt\u00f6z\u0151szekr\u00e9nyeink \u00e9s \u00e9rt\u00e9kmeg\u00f6rz\u0151k iskol\u00e1knak, sport \u00e9s ipari \u00f6lt\u00f6z\u0151kbe. K\u00e9rje aj\u00e1nlatunkat standard vagy egy\u00e9ni m\u00e9retre!\" \/>\n<meta property=\"og:url\" content=\"https:\/\/alexmobilier.ro\/vestiare\/categorii\/dulap-vestiar\/\" \/>\n<meta property=\"og:site_name\" content=\"Vestiar\" \/>\n<meta property=\"article:modified_time\" content=\"2021-08-10T09:08:07+00:00\" \/>\n<meta name=\"twitter:card\" content=\"summary_large_image\" \/>\n<script type=\"application\/ld+json\" class=\"yoast-schema-graph\">{\"@context\":\"https:\/\/schema.org\",\"@graph\":[{\"@type\":\"WebPage\",\"@id\":\"https:\/\/alexmobilier.ro\/vestiare\/categorii\/dulap-vestiar\/\",\"url\":\"https:\/\/alexmobilier.ro\/vestiare\/categorii\/dulap-vestiar\/\",\"name\":\"Dulap vestiar - Vestiar\",\"isPartOf\":{\"@id\":\"https:\/\/alexmobilier.ro\/vestiare\/#website\"},\"primaryImageOfPage\":{\"@id\":\"https:\/\/alexmobilier.ro\/vestiare\/categorii\/dulap-vestiar\/#primaryimage\"},\"image\":{\"@id\":\"https:\/\/alexmobilier.ro\/vestiare\/categorii\/dulap-vestiar\/#primaryimage\"},\"thumbnailUrl\":\"\",\"datePublished\":\"2016-06-11T08:47:53+00:00\",\"dateModified\":\"2021-08-10T09:08:07+00:00\",\"description\":\"\u00d6lt\u00f6z\u0151szekr\u00e9nyeink \u00e9s \u00e9rt\u00e9kmeg\u00f6rz\u0151k iskol\u00e1knak, sport \u00e9s ipari \u00f6lt\u00f6z\u0151kbe. K\u00e9rje aj\u00e1nlatunkat standard vagy egy\u00e9ni m\u00e9retre!\",\"breadcrumb\":{\"@id\":\"https:\/\/alexmobilier.ro\/vestiare\/categorii\/dulap-vestiar\/#breadcrumb\"},\"inLanguage\":\"en-US\",\"potentialAction\":[{\"@type\":\"ReadAction\",\"target\":[\"https:\/\/alexmobilier.ro\/vestiare\/categorii\/dulap-vestiar\/\"]}]},{\"@type\":\"ImageObject\",\"inLanguage\":\"en-US\",\"@id\":\"https:\/\/alexmobilier.ro\/vestiare\/categorii\/dulap-vestiar\/#primaryimage\",\"url\":\"\",\"contentUrl\":\"\"},{\"@type\":\"BreadcrumbList\",\"@id\":\"https:\/\/alexmobilier.ro\/vestiare\/categorii\/dulap-vestiar\/#breadcrumb\",\"itemListElement\":[{\"@type\":\"ListItem\",\"position\":1,\"name\":\"Home\",\"item\":\"https:\/\/alexmobilier.ro\/vestiare\/\"},{\"@type\":\"ListItem\",\"position\":2,\"name\":\"Produse\",\"item\":\"https:\/\/alexmobilier.ro\/vestiare\/categorii\/\"},{\"@type\":\"ListItem\",\"position\":3,\"name\":\"Dulap vestiar\"}]},{\"@type\":\"WebSite\",\"@id\":\"https:\/\/alexmobilier.ro\/vestiare\/#website\",\"url\":\"https:\/\/alexmobilier.ro\/vestiare\/\",\"name\":\"Vestiar\",\"description\":\"ALEX MOBILIER MACS\",\"potentialAction\":[{\"@type\":\"SearchAction\",\"target\":{\"@type\":\"EntryPoint\",\"urlTemplate\":\"https:\/\/alexmobilier.ro\/vestiare\/?s={search_term_string}\"},\"query-input\":{\"@type\":\"PropertyValueSpecification\",\"valueRequired\":true,\"valueName\":\"search_term_string\"}}],\"inLanguage\":\"en-US\"}]}<\/script>\n<!-- \/ Yoast SEO plugin. -->","yoast_head_json":{"title":"Dulap vestiar - Vestiar","description":"\u00d6lt\u00f6z\u0151szekr\u00e9nyeink \u00e9s \u00e9rt\u00e9kmeg\u00f6rz\u0151k iskol\u00e1knak, sport \u00e9s ipari \u00f6lt\u00f6z\u0151kbe. K\u00e9rje aj\u00e1nlatunkat standard vagy egy\u00e9ni m\u00e9retre!","robots":{"index":"index","follow":"follow","max-snippet":"max-snippet:-1","max-image-preview":"max-image-preview:large","max-video-preview":"max-video-preview:-1"},"canonical":"https:\/\/alexmobilier.ro\/vestiare\/categorii\/dulap-vestiar\/","og_locale":"en_US","og_type":"article","og_title":"Dulap vestiar - Vestiar","og_description":"\u00d6lt\u00f6z\u0151szekr\u00e9nyeink \u00e9s \u00e9rt\u00e9kmeg\u00f6rz\u0151k iskol\u00e1knak, sport \u00e9s ipari \u00f6lt\u00f6z\u0151kbe. K\u00e9rje aj\u00e1nlatunkat standard vagy egy\u00e9ni m\u00e9retre!","og_url":"https:\/\/alexmobilier.ro\/vestiare\/categorii\/dulap-vestiar\/","og_site_name":"Vestiar","article_modified_time":"2021-08-10T09:08:07+00:00","twitter_card":"summary_large_image","schema":{"@context":"https:\/\/schema.org","@graph":[{"@type":"WebPage","@id":"https:\/\/alexmobilier.ro\/vestiare\/categorii\/dulap-vestiar\/","url":"https:\/\/alexmobilier.ro\/vestiare\/categorii\/dulap-vestiar\/","name":"Dulap vestiar - Vestiar","isPartOf":{"@id":"https:\/\/alexmobilier.ro\/vestiare\/#website"},"primaryImageOfPage":{"@id":"https:\/\/alexmobilier.ro\/vestiare\/categorii\/dulap-vestiar\/#primaryimage"},"image":{"@id":"https:\/\/alexmobilier.ro\/vestiare\/categorii\/dulap-vestiar\/#primaryimage"},"thumbnailUrl":"","datePublished":"2016-06-11T08:47:53+00:00","dateModified":"2021-08-10T09:08:07+00:00","description":"\u00d6lt\u00f6z\u0151szekr\u00e9nyeink \u00e9s \u00e9rt\u00e9kmeg\u00f6rz\u0151k iskol\u00e1knak, sport \u00e9s ipari \u00f6lt\u00f6z\u0151kbe. K\u00e9rje aj\u00e1nlatunkat standard vagy egy\u00e9ni m\u00e9retre!","breadcrumb":{"@id":"https:\/\/alexmobilier.ro\/vestiare\/categorii\/dulap-vestiar\/#breadcrumb"},"inLanguage":"en-US","potentialAction":[{"@type":"ReadAction","target":["https:\/\/alexmobilier.ro\/vestiare\/categorii\/dulap-vestiar\/"]}]},{"@type":"ImageObject","inLanguage":"en-US","@id":"https:\/\/alexmobilier.ro\/vestiare\/categorii\/dulap-vestiar\/#primaryimage","url":"","contentUrl":""},{"@type":"BreadcrumbList","@id":"https:\/\/alexmobilier.ro\/vestiare\/categorii\/dulap-vestiar\/#breadcrumb","itemListElement":[{"@type":"ListItem","position":1,"name":"Home","item":"https:\/\/alexmobilier.ro\/vestiare\/"},{"@type":"ListItem","position":2,"name":"Produse","item":"https:\/\/alexmobilier.ro\/vestiare\/categorii\/"},{"@type":"ListItem","position":3,"name":"Dulap vestiar"}]},{"@type":"WebSite","@id":"https:\/\/alexmobilier.ro\/vestiare\/#website","url":"https:\/\/alexmobilier.ro\/vestiare\/","name":"Vestiar","description":"ALEX MOBILIER MACS","potentialAction":[{"@type":"SearchAction","target":{"@type":"EntryPoint","urlTemplate":"https:\/\/alexmobilier.ro\/vestiare\/?s={search_term_string}"},"query-input":{"@type":"PropertyValueSpecification","valueRequired":true,"valueName":"search_term_string"}}],"inLanguage":"en-US"}]}},"_links":{"self":[{"href":"https:\/\/alexmobilier.ro\/vestiare\/wp-json\/wp\/v2\/pages\/69","targetHints":{"allow":["GET"]}}],"collection":[{"href":"https:\/\/alexmobilier.ro\/vestiare\/wp-json\/wp\/v2\/pages"}],"about":[{"href":"https:\/\/alexmobilier.ro\/vestiare\/wp-json\/wp\/v2\/types\/page"}],"author":[{"embeddable":true,"href":"https:\/\/alexmobilier.ro\/vestiare\/wp-json\/wp\/v2\/users\/1"}],"replies":[{"embeddable":true,"href":"https:\/\/alexmobilier.ro\/vestiare\/wp-json\/wp\/v2\/comments?post=69"}],"version-history":[{"count":4,"href":"https:\/\/alexmobilier.ro\/vestiare\/wp-json\/wp\/v2\/pages\/69\/revisions"}],"predecessor-version":[{"id":97642,"href":"https:\/\/alexmobilier.ro\/vestiare\/wp-json\/wp\/v2\/pages\/69\/revisions\/97642"}],"up":[{"embeddable":true,"href":"https:\/\/alexmobilier.ro\/vestiare\/wp-json\/wp\/v2\/pages\/10"}],"wp:featuredmedia":[{"embeddable":true,"href":"https:\/\/alexmobilier.ro\/vestiare\/wp-json\/"}],"wp:attachment":[{"href":"https:\/\/alexmobilier.ro\/vestiare\/wp-json\/wp\/v2\/media?parent=69"}],"curies":[{"name":"wp","href":"https:\/\/api.w.org\/{rel}","templated":true}]}}