{"id":31433,"date":"2016-11-30T15:05:27","date_gmt":"2016-11-30T15:05:27","guid":{"rendered":"http:\/\/alexbutor.hu\/oltozobutor\/?page_id=31433"},"modified":"2026-02-23T12:24:58","modified_gmt":"2026-02-23T12:24:58","slug":"dulap-pastrare-valori","status":"publish","type":"page","link":"https:\/\/alexmobilier.ro\/vestiare\/categorii\/dulap-pastrare-valori\/","title":{"rendered":"Dulap p\u0103strare valori"},"content":{"rendered":"\r\n\t<li class=\"portfolio_item isotope-item\"><div class=\"portfolio_item_holder\"><figure class=\"thumbnail thumbnail__portfolio\"><a href=\"https:\/\/alexmobilier.ro\/vestiare\/categorii\/dulap-pastrare-valori\/cube-locker\/\" class=\"image-wrap\"><img decoding=\"async\" src=\"https:\/\/alexmobilier.ro\/vestiare\/wp-content\/uploads\/2023\/09\/katkep_cube-locker.png\" alt=\"Cube Locker\"><\/a><\/figure><div class=\"caption caption__portfolio\"><h3><a href=\"https:\/\/alexmobilier.ro\/vestiare\/categorii\/dulap-pastrare-valori\/cube-locker\/\">Cube Locker<\/a><\/h3><\/div><\/div><\/li>\n\r\n\t<li class=\"portfolio_item isotope-item\"><div class=\"portfolio_item_holder\"><figure class=\"thumbnail thumbnail__portfolio\"><a href=\"https:\/\/alexmobilier.ro\/vestiare\/categorii\/dulap-pastrare-valori\/dulap-valori-din-pal-melaminat\/\" class=\"image-wrap\"><img decoding=\"async\" src=\"https:\/\/alexmobilier.ro\/vestiare\/wp-content\/uploads\/2023\/09\/butorlapertekmegorzo.jpg\" alt=\"Fitt 30\"><\/a><\/figure><div class=\"caption caption__portfolio\"><h3><a href=\"https:\/\/alexmobilier.ro\/vestiare\/categorii\/dulap-pastrare-valori\/dulap-valori-din-pal-melaminat\/\">Fitt 30<\/a><\/h3><\/div><\/div><\/li>\n\r\n\t<li class=\"portfolio_item isotope-item\"><div class=\"portfolio_item_holder\"><figure class=\"thumbnail thumbnail__portfolio\"><a href=\"https:\/\/alexmobilier.ro\/vestiare\/categorii\/dulap-pastrare-valori\/dulap-valori-metalic\/fittmet\/\" class=\"image-wrap\"><img decoding=\"async\" src=\"https:\/\/alexmobilier.ro\/vestiare\/wp-content\/uploads\/2021\/08\/Kategoria_kepek_FITTMET.jpg\" alt=\"FittMet\"><\/a><\/figure><div class=\"caption caption__portfolio\"><h3><a href=\"https:\/\/alexmobilier.ro\/vestiare\/categorii\/dulap-pastrare-valori\/dulap-valori-metalic\/fittmet\/\">FittMet<\/a><\/h3><\/div><\/div><\/li>\n\r\n\t<li class=\"portfolio_item isotope-item\"><div class=\"portfolio_item_holder\"><figure class=\"thumbnail thumbnail__portfolio\"><a href=\"https:\/\/alexmobilier.ro\/vestiare\/categorii\/dulap-pastrare-valori\/dulap-valori-metalic\/metilla\/\" class=\"image-wrap\"><img decoding=\"async\" src=\"https:\/\/alexmobilier.ro\/vestiare\/wp-content\/uploads\/2023\/09\/image001.png\" alt=\"Metilla\"><\/a><\/figure><div class=\"caption caption__portfolio\"><h3><a href=\"https:\/\/alexmobilier.ro\/vestiare\/categorii\/dulap-pastrare-valori\/dulap-valori-metalic\/metilla\/\">Metilla<\/a><\/h3><\/div><\/div><\/li>\n\r\n\t<li class=\"portfolio_item isotope-item\"><div class=\"portfolio_item_holder\"><figure class=\"thumbnail thumbnail__portfolio\"><a href=\"https:\/\/alexmobilier.ro\/vestiare\/categorii\/dulap-pastrare-valori\/dulap-valori-metalic\/lockmet\/\" class=\"image-wrap\"><img decoding=\"async\" src=\"https:\/\/alexmobilier.ro\/vestiare\/wp-content\/uploads\/2021\/08\/Kategoria_kepek_LOCKMET.jpg\" alt=\"LockMet\"><\/a><\/figure><div class=\"caption caption__portfolio\"><h3><a href=\"https:\/\/alexmobilier.ro\/vestiare\/categorii\/dulap-pastrare-valori\/dulap-valori-metalic\/lockmet\/\">LockMet<\/a><\/h3><\/div><\/div><\/li>\n","protected":false},"excerpt":{"rendered":"","protected":false},"author":1,"featured_media":34623,"parent":10,"menu_order":0,"comment_status":"closed","ping_status":"closed","template":"page-Portfolio4Cols-alexsub.php","meta":{"footnotes":""},"class_list":["post-31433","page","type-page","status-publish","has-post-thumbnail","hentry"],"yoast_head":"<!-- This site is optimized with the Yoast SEO plugin v25.2 - https:\/\/yoast.com\/wordpress\/plugins\/seo\/ -->\n<title>Dulap p\u0103strare valori - Vestiar<\/title>\n<meta name=\"description\" content=\"B\u00fatorlapos \u00e9s f\u00e9m \u00e9rt\u00e9kmeg\u00f6rz\u0151k, ipari szekr\u00e9nyek \u00e9s sport \u00f6lt\u00f6z\u0151szekr\u00e9nyek. Gyors \u00fcgyint\u00e9z\u00e9s, orsz\u00e1gos kisz\u00e1ll\u00edt\u00e1s, j\u00f3t\u00e1ll\u00e1si garancia.\" \/>\n<meta name=\"robots\" content=\"index, follow, max-snippet:-1, max-image-preview:large, max-video-preview:-1\" \/>\n<link rel=\"canonical\" href=\"https:\/\/alexmobilier.ro\/vestiare\/categorii\/dulap-pastrare-valori\/\" \/>\n<meta property=\"og:locale\" content=\"en_US\" \/>\n<meta property=\"og:type\" content=\"article\" \/>\n<meta property=\"og:title\" content=\"Dulap p\u0103strare valori - Vestiar\" \/>\n<meta property=\"og:description\" content=\"B\u00fatorlapos \u00e9s f\u00e9m \u00e9rt\u00e9kmeg\u00f6rz\u0151k, ipari szekr\u00e9nyek \u00e9s sport \u00f6lt\u00f6z\u0151szekr\u00e9nyek. Gyors \u00fcgyint\u00e9z\u00e9s, orsz\u00e1gos kisz\u00e1ll\u00edt\u00e1s, j\u00f3t\u00e1ll\u00e1si garancia.\" \/>\n<meta property=\"og:url\" content=\"https:\/\/alexmobilier.ro\/vestiare\/categorii\/dulap-pastrare-valori\/\" \/>\n<meta property=\"og:site_name\" content=\"Vestiar\" \/>\n<meta property=\"article:modified_time\" content=\"2026-02-23T12:24:58+00:00\" \/>\n<meta name=\"twitter:card\" content=\"summary_large_image\" \/>\n<meta name=\"twitter:label1\" content=\"Est. reading time\" \/>\n\t<meta name=\"twitter:data1\" content=\"1 minute\" \/>\n<script type=\"application\/ld+json\" class=\"yoast-schema-graph\">{\"@context\":\"https:\/\/schema.org\",\"@graph\":[{\"@type\":\"WebPage\",\"@id\":\"https:\/\/alexmobilier.ro\/vestiare\/categorii\/dulap-pastrare-valori\/\",\"url\":\"https:\/\/alexmobilier.ro\/vestiare\/categorii\/dulap-pastrare-valori\/\",\"name\":\"Dulap p\u0103strare valori - Vestiar\",\"isPartOf\":{\"@id\":\"https:\/\/alexmobilier.ro\/vestiare\/#website\"},\"primaryImageOfPage\":{\"@id\":\"https:\/\/alexmobilier.ro\/vestiare\/categorii\/dulap-pastrare-valori\/#primaryimage\"},\"image\":{\"@id\":\"https:\/\/alexmobilier.ro\/vestiare\/categorii\/dulap-pastrare-valori\/#primaryimage\"},\"thumbnailUrl\":\"\",\"datePublished\":\"2016-11-30T15:05:27+00:00\",\"dateModified\":\"2026-02-23T12:24:58+00:00\",\"description\":\"B\u00fatorlapos \u00e9s f\u00e9m \u00e9rt\u00e9kmeg\u00f6rz\u0151k, ipari szekr\u00e9nyek \u00e9s sport \u00f6lt\u00f6z\u0151szekr\u00e9nyek. Gyors \u00fcgyint\u00e9z\u00e9s, orsz\u00e1gos kisz\u00e1ll\u00edt\u00e1s, j\u00f3t\u00e1ll\u00e1si garancia.\",\"breadcrumb\":{\"@id\":\"https:\/\/alexmobilier.ro\/vestiare\/categorii\/dulap-pastrare-valori\/#breadcrumb\"},\"inLanguage\":\"en-US\",\"potentialAction\":[{\"@type\":\"ReadAction\",\"target\":[\"https:\/\/alexmobilier.ro\/vestiare\/categorii\/dulap-pastrare-valori\/\"]}]},{\"@type\":\"ImageObject\",\"inLanguage\":\"en-US\",\"@id\":\"https:\/\/alexmobilier.ro\/vestiare\/categorii\/dulap-pastrare-valori\/#primaryimage\",\"url\":\"\",\"contentUrl\":\"\"},{\"@type\":\"BreadcrumbList\",\"@id\":\"https:\/\/alexmobilier.ro\/vestiare\/categorii\/dulap-pastrare-valori\/#breadcrumb\",\"itemListElement\":[{\"@type\":\"ListItem\",\"position\":1,\"name\":\"Home\",\"item\":\"https:\/\/alexmobilier.ro\/vestiare\/\"},{\"@type\":\"ListItem\",\"position\":2,\"name\":\"Produse\",\"item\":\"https:\/\/alexmobilier.ro\/vestiare\/categorii\/\"},{\"@type\":\"ListItem\",\"position\":3,\"name\":\"Dulap p\u0103strare valori\"}]},{\"@type\":\"WebSite\",\"@id\":\"https:\/\/alexmobilier.ro\/vestiare\/#website\",\"url\":\"https:\/\/alexmobilier.ro\/vestiare\/\",\"name\":\"Vestiar\",\"description\":\"ALEX MOBILIER MACS\",\"potentialAction\":[{\"@type\":\"SearchAction\",\"target\":{\"@type\":\"EntryPoint\",\"urlTemplate\":\"https:\/\/alexmobilier.ro\/vestiare\/?s={search_term_string}\"},\"query-input\":{\"@type\":\"PropertyValueSpecification\",\"valueRequired\":true,\"valueName\":\"search_term_string\"}}],\"inLanguage\":\"en-US\"}]}<\/script>\n<!-- \/ Yoast SEO plugin. -->","yoast_head_json":{"title":"Dulap p\u0103strare valori - Vestiar","description":"B\u00fatorlapos \u00e9s f\u00e9m \u00e9rt\u00e9kmeg\u00f6rz\u0151k, ipari szekr\u00e9nyek \u00e9s sport \u00f6lt\u00f6z\u0151szekr\u00e9nyek. Gyors \u00fcgyint\u00e9z\u00e9s, orsz\u00e1gos kisz\u00e1ll\u00edt\u00e1s, j\u00f3t\u00e1ll\u00e1si garancia.","robots":{"index":"index","follow":"follow","max-snippet":"max-snippet:-1","max-image-preview":"max-image-preview:large","max-video-preview":"max-video-preview:-1"},"canonical":"https:\/\/alexmobilier.ro\/vestiare\/categorii\/dulap-pastrare-valori\/","og_locale":"en_US","og_type":"article","og_title":"Dulap p\u0103strare valori - Vestiar","og_description":"B\u00fatorlapos \u00e9s f\u00e9m \u00e9rt\u00e9kmeg\u00f6rz\u0151k, ipari szekr\u00e9nyek \u00e9s sport \u00f6lt\u00f6z\u0151szekr\u00e9nyek. Gyors \u00fcgyint\u00e9z\u00e9s, orsz\u00e1gos kisz\u00e1ll\u00edt\u00e1s, j\u00f3t\u00e1ll\u00e1si garancia.","og_url":"https:\/\/alexmobilier.ro\/vestiare\/categorii\/dulap-pastrare-valori\/","og_site_name":"Vestiar","article_modified_time":"2026-02-23T12:24:58+00:00","twitter_card":"summary_large_image","twitter_misc":{"Est. reading time":"1 minute"},"schema":{"@context":"https:\/\/schema.org","@graph":[{"@type":"WebPage","@id":"https:\/\/alexmobilier.ro\/vestiare\/categorii\/dulap-pastrare-valori\/","url":"https:\/\/alexmobilier.ro\/vestiare\/categorii\/dulap-pastrare-valori\/","name":"Dulap p\u0103strare valori - Vestiar","isPartOf":{"@id":"https:\/\/alexmobilier.ro\/vestiare\/#website"},"primaryImageOfPage":{"@id":"https:\/\/alexmobilier.ro\/vestiare\/categorii\/dulap-pastrare-valori\/#primaryimage"},"image":{"@id":"https:\/\/alexmobilier.ro\/vestiare\/categorii\/dulap-pastrare-valori\/#primaryimage"},"thumbnailUrl":"","datePublished":"2016-11-30T15:05:27+00:00","dateModified":"2026-02-23T12:24:58+00:00","description":"B\u00fatorlapos \u00e9s f\u00e9m \u00e9rt\u00e9kmeg\u00f6rz\u0151k, ipari szekr\u00e9nyek \u00e9s sport \u00f6lt\u00f6z\u0151szekr\u00e9nyek. Gyors \u00fcgyint\u00e9z\u00e9s, orsz\u00e1gos kisz\u00e1ll\u00edt\u00e1s, j\u00f3t\u00e1ll\u00e1si garancia.","breadcrumb":{"@id":"https:\/\/alexmobilier.ro\/vestiare\/categorii\/dulap-pastrare-valori\/#breadcrumb"},"inLanguage":"en-US","potentialAction":[{"@type":"ReadAction","target":["https:\/\/alexmobilier.ro\/vestiare\/categorii\/dulap-pastrare-valori\/"]}]},{"@type":"ImageObject","inLanguage":"en-US","@id":"https:\/\/alexmobilier.ro\/vestiare\/categorii\/dulap-pastrare-valori\/#primaryimage","url":"","contentUrl":""},{"@type":"BreadcrumbList","@id":"https:\/\/alexmobilier.ro\/vestiare\/categorii\/dulap-pastrare-valori\/#breadcrumb","itemListElement":[{"@type":"ListItem","position":1,"name":"Home","item":"https:\/\/alexmobilier.ro\/vestiare\/"},{"@type":"ListItem","position":2,"name":"Produse","item":"https:\/\/alexmobilier.ro\/vestiare\/categorii\/"},{"@type":"ListItem","position":3,"name":"Dulap p\u0103strare valori"}]},{"@type":"WebSite","@id":"https:\/\/alexmobilier.ro\/vestiare\/#website","url":"https:\/\/alexmobilier.ro\/vestiare\/","name":"Vestiar","description":"ALEX MOBILIER MACS","potentialAction":[{"@type":"SearchAction","target":{"@type":"EntryPoint","urlTemplate":"https:\/\/alexmobilier.ro\/vestiare\/?s={search_term_string}"},"query-input":{"@type":"PropertyValueSpecification","valueRequired":true,"valueName":"search_term_string"}}],"inLanguage":"en-US"}]}},"_links":{"self":[{"href":"https:\/\/alexmobilier.ro\/vestiare\/wp-json\/wp\/v2\/pages\/31433","targetHints":{"allow":["GET"]}}],"collection":[{"href":"https:\/\/alexmobilier.ro\/vestiare\/wp-json\/wp\/v2\/pages"}],"about":[{"href":"https:\/\/alexmobilier.ro\/vestiare\/wp-json\/wp\/v2\/types\/page"}],"author":[{"embeddable":true,"href":"https:\/\/alexmobilier.ro\/vestiare\/wp-json\/wp\/v2\/users\/1"}],"replies":[{"embeddable":true,"href":"https:\/\/alexmobilier.ro\/vestiare\/wp-json\/wp\/v2\/comments?post=31433"}],"version-history":[{"count":6,"href":"https:\/\/alexmobilier.ro\/vestiare\/wp-json\/wp\/v2\/pages\/31433\/revisions"}],"predecessor-version":[{"id":109226,"href":"https:\/\/alexmobilier.ro\/vestiare\/wp-json\/wp\/v2\/pages\/31433\/revisions\/109226"}],"up":[{"embeddable":true,"href":"https:\/\/alexmobilier.ro\/vestiare\/wp-json\/wp\/v2\/pages\/10"}],"wp:featuredmedia":[{"embeddable":true,"href":"https:\/\/alexmobilier.ro\/vestiare\/wp-json\/"}],"wp:attachment":[{"href":"https:\/\/alexmobilier.ro\/vestiare\/wp-json\/wp\/v2\/media?parent=31433"}],"curies":[{"name":"wp","href":"https:\/\/api.w.org\/{rel}","templated":true}]}}