{"id":31380,"date":"2016-11-30T14:04:18","date_gmt":"2016-11-30T14:04:18","guid":{"rendered":"http:\/\/alexbutor.hu\/oltozobutor\/?page_id=31380"},"modified":"2020-03-06T10:41:03","modified_gmt":"2020-03-06T10:41:03","slug":"banc-de-lucru-atelier-banci","status":"publish","type":"page","link":"https:\/\/alexmobilier.ro\/vestiare\/categorii\/echipament-industrial\/banc-de-lucru-atelier-banci\/","title":{"rendered":"Banc de lucru atelier, b\u0103nci"},"content":{"rendered":"","protected":false},"excerpt":{"rendered":"","protected":false},"author":1,"featured_media":92821,"parent":31378,"menu_order":0,"comment_status":"closed","ping_status":"closed","template":"page-Portfolio4Cols-filterable.php","meta":{"footnotes":""},"class_list":["post-31380","page","type-page","status-publish","has-post-thumbnail","hentry"],"yoast_head":"<!-- This site is optimized with the Yoast SEO plugin v25.2 - https:\/\/yoast.com\/wordpress\/plugins\/seo\/ -->\n<title>Banc de lucru atelier, b\u0103nci - Vestiar<\/title>\n<meta name=\"description\" content=\"\u00c1ll\u00edthat\u00f3 magass\u00e1g\u00fa, srapab\u00edr\u00f3, magas min\u0151s\u00e9g\u0171 m\u0171helyasztalok. R\u00e9tegelt lemez munkafel\u00fclet, t\u00f6bbf\u00e9le fi\u00f3kkioszt\u00e1s. K\u00e9rje aj\u00e1nlatunkat!\" \/>\n<meta name=\"robots\" content=\"index, follow, max-snippet:-1, max-image-preview:large, max-video-preview:-1\" \/>\n<link rel=\"canonical\" href=\"https:\/\/alexmobilier.ro\/vestiare\/categorii\/echipament-industrial\/banc-de-lucru-atelier-banci\/\" \/>\n<meta property=\"og:locale\" content=\"en_US\" \/>\n<meta property=\"og:type\" content=\"article\" \/>\n<meta property=\"og:title\" content=\"Banc de lucru atelier, b\u0103nci - Vestiar\" \/>\n<meta property=\"og:description\" content=\"\u00c1ll\u00edthat\u00f3 magass\u00e1g\u00fa, srapab\u00edr\u00f3, magas min\u0151s\u00e9g\u0171 m\u0171helyasztalok. R\u00e9tegelt lemez munkafel\u00fclet, t\u00f6bbf\u00e9le fi\u00f3kkioszt\u00e1s. K\u00e9rje aj\u00e1nlatunkat!\" \/>\n<meta property=\"og:url\" content=\"https:\/\/alexmobilier.ro\/vestiare\/categorii\/echipament-industrial\/banc-de-lucru-atelier-banci\/\" \/>\n<meta property=\"og:site_name\" content=\"Vestiar\" \/>\n<meta property=\"article:modified_time\" content=\"2020-03-06T10:41:03+00:00\" \/>\n<meta property=\"og:image\" content=\"https:\/\/alexmobilier.ro\/vestiare\/wp-content\/uploads\/2020\/03\/3-Ipari_berendezes-01-Muhelyasztal_800x560px.jpg\" \/>\n\t<meta property=\"og:image:width\" content=\"800\" \/>\n\t<meta property=\"og:image:height\" content=\"560\" \/>\n\t<meta property=\"og:image:type\" content=\"image\/jpeg\" \/>\n<meta name=\"twitter:card\" content=\"summary_large_image\" \/>\n<script type=\"application\/ld+json\" class=\"yoast-schema-graph\">{\"@context\":\"https:\/\/schema.org\",\"@graph\":[{\"@type\":\"WebPage\",\"@id\":\"https:\/\/alexmobilier.ro\/vestiare\/categorii\/echipament-industrial\/banc-de-lucru-atelier-banci\/\",\"url\":\"https:\/\/alexmobilier.ro\/vestiare\/categorii\/echipament-industrial\/banc-de-lucru-atelier-banci\/\",\"name\":\"Banc de lucru atelier, b\u0103nci - Vestiar\",\"isPartOf\":{\"@id\":\"https:\/\/alexmobilier.ro\/vestiare\/#website\"},\"primaryImageOfPage\":{\"@id\":\"https:\/\/alexmobilier.ro\/vestiare\/categorii\/echipament-industrial\/banc-de-lucru-atelier-banci\/#primaryimage\"},\"image\":{\"@id\":\"https:\/\/alexmobilier.ro\/vestiare\/categorii\/echipament-industrial\/banc-de-lucru-atelier-banci\/#primaryimage\"},\"thumbnailUrl\":\"https:\/\/alexmobilier.ro\/vestiare\/wp-content\/uploads\/2020\/03\/3-Ipari_berendezes-01-Muhelyasztal_800x560px.jpg\",\"datePublished\":\"2016-11-30T14:04:18+00:00\",\"dateModified\":\"2020-03-06T10:41:03+00:00\",\"description\":\"\u00c1ll\u00edthat\u00f3 magass\u00e1g\u00fa, srapab\u00edr\u00f3, magas min\u0151s\u00e9g\u0171 m\u0171helyasztalok. R\u00e9tegelt lemez munkafel\u00fclet, t\u00f6bbf\u00e9le fi\u00f3kkioszt\u00e1s. K\u00e9rje aj\u00e1nlatunkat!\",\"breadcrumb\":{\"@id\":\"https:\/\/alexmobilier.ro\/vestiare\/categorii\/echipament-industrial\/banc-de-lucru-atelier-banci\/#breadcrumb\"},\"inLanguage\":\"en-US\",\"potentialAction\":[{\"@type\":\"ReadAction\",\"target\":[\"https:\/\/alexmobilier.ro\/vestiare\/categorii\/echipament-industrial\/banc-de-lucru-atelier-banci\/\"]}]},{\"@type\":\"ImageObject\",\"inLanguage\":\"en-US\",\"@id\":\"https:\/\/alexmobilier.ro\/vestiare\/categorii\/echipament-industrial\/banc-de-lucru-atelier-banci\/#primaryimage\",\"url\":\"https:\/\/alexmobilier.ro\/vestiare\/wp-content\/uploads\/2020\/03\/3-Ipari_berendezes-01-Muhelyasztal_800x560px.jpg\",\"contentUrl\":\"https:\/\/alexmobilier.ro\/vestiare\/wp-content\/uploads\/2020\/03\/3-Ipari_berendezes-01-Muhelyasztal_800x560px.jpg\",\"width\":800,\"height\":560},{\"@type\":\"BreadcrumbList\",\"@id\":\"https:\/\/alexmobilier.ro\/vestiare\/categorii\/echipament-industrial\/banc-de-lucru-atelier-banci\/#breadcrumb\",\"itemListElement\":[{\"@type\":\"ListItem\",\"position\":1,\"name\":\"Home\",\"item\":\"https:\/\/alexmobilier.ro\/vestiare\/\"},{\"@type\":\"ListItem\",\"position\":2,\"name\":\"Produse\",\"item\":\"https:\/\/alexmobilier.ro\/vestiare\/categorii\/\"},{\"@type\":\"ListItem\",\"position\":3,\"name\":\"Echipament industrial\",\"item\":\"https:\/\/alexmobilier.ro\/vestiare\/categorii\/echipament-industrial\/\"},{\"@type\":\"ListItem\",\"position\":4,\"name\":\"Banc de lucru atelier, b\u0103nci\"}]},{\"@type\":\"WebSite\",\"@id\":\"https:\/\/alexmobilier.ro\/vestiare\/#website\",\"url\":\"https:\/\/alexmobilier.ro\/vestiare\/\",\"name\":\"Vestiar\",\"description\":\"ALEX MOBILIER MACS\",\"potentialAction\":[{\"@type\":\"SearchAction\",\"target\":{\"@type\":\"EntryPoint\",\"urlTemplate\":\"https:\/\/alexmobilier.ro\/vestiare\/?s={search_term_string}\"},\"query-input\":{\"@type\":\"PropertyValueSpecification\",\"valueRequired\":true,\"valueName\":\"search_term_string\"}}],\"inLanguage\":\"en-US\"}]}<\/script>\n<!-- \/ Yoast SEO plugin. -->","yoast_head_json":{"title":"Banc de lucru atelier, b\u0103nci - Vestiar","description":"\u00c1ll\u00edthat\u00f3 magass\u00e1g\u00fa, srapab\u00edr\u00f3, magas min\u0151s\u00e9g\u0171 m\u0171helyasztalok. R\u00e9tegelt lemez munkafel\u00fclet, t\u00f6bbf\u00e9le fi\u00f3kkioszt\u00e1s. K\u00e9rje aj\u00e1nlatunkat!","robots":{"index":"index","follow":"follow","max-snippet":"max-snippet:-1","max-image-preview":"max-image-preview:large","max-video-preview":"max-video-preview:-1"},"canonical":"https:\/\/alexmobilier.ro\/vestiare\/categorii\/echipament-industrial\/banc-de-lucru-atelier-banci\/","og_locale":"en_US","og_type":"article","og_title":"Banc de lucru atelier, b\u0103nci - Vestiar","og_description":"\u00c1ll\u00edthat\u00f3 magass\u00e1g\u00fa, srapab\u00edr\u00f3, magas min\u0151s\u00e9g\u0171 m\u0171helyasztalok. R\u00e9tegelt lemez munkafel\u00fclet, t\u00f6bbf\u00e9le fi\u00f3kkioszt\u00e1s. K\u00e9rje aj\u00e1nlatunkat!","og_url":"https:\/\/alexmobilier.ro\/vestiare\/categorii\/echipament-industrial\/banc-de-lucru-atelier-banci\/","og_site_name":"Vestiar","article_modified_time":"2020-03-06T10:41:03+00:00","og_image":[{"width":800,"height":560,"url":"https:\/\/alexmobilier.ro\/vestiare\/wp-content\/uploads\/2020\/03\/3-Ipari_berendezes-01-Muhelyasztal_800x560px.jpg","type":"image\/jpeg"}],"twitter_card":"summary_large_image","schema":{"@context":"https:\/\/schema.org","@graph":[{"@type":"WebPage","@id":"https:\/\/alexmobilier.ro\/vestiare\/categorii\/echipament-industrial\/banc-de-lucru-atelier-banci\/","url":"https:\/\/alexmobilier.ro\/vestiare\/categorii\/echipament-industrial\/banc-de-lucru-atelier-banci\/","name":"Banc de lucru atelier, b\u0103nci - Vestiar","isPartOf":{"@id":"https:\/\/alexmobilier.ro\/vestiare\/#website"},"primaryImageOfPage":{"@id":"https:\/\/alexmobilier.ro\/vestiare\/categorii\/echipament-industrial\/banc-de-lucru-atelier-banci\/#primaryimage"},"image":{"@id":"https:\/\/alexmobilier.ro\/vestiare\/categorii\/echipament-industrial\/banc-de-lucru-atelier-banci\/#primaryimage"},"thumbnailUrl":"https:\/\/alexmobilier.ro\/vestiare\/wp-content\/uploads\/2020\/03\/3-Ipari_berendezes-01-Muhelyasztal_800x560px.jpg","datePublished":"2016-11-30T14:04:18+00:00","dateModified":"2020-03-06T10:41:03+00:00","description":"\u00c1ll\u00edthat\u00f3 magass\u00e1g\u00fa, srapab\u00edr\u00f3, magas min\u0151s\u00e9g\u0171 m\u0171helyasztalok. R\u00e9tegelt lemez munkafel\u00fclet, t\u00f6bbf\u00e9le fi\u00f3kkioszt\u00e1s. K\u00e9rje aj\u00e1nlatunkat!","breadcrumb":{"@id":"https:\/\/alexmobilier.ro\/vestiare\/categorii\/echipament-industrial\/banc-de-lucru-atelier-banci\/#breadcrumb"},"inLanguage":"en-US","potentialAction":[{"@type":"ReadAction","target":["https:\/\/alexmobilier.ro\/vestiare\/categorii\/echipament-industrial\/banc-de-lucru-atelier-banci\/"]}]},{"@type":"ImageObject","inLanguage":"en-US","@id":"https:\/\/alexmobilier.ro\/vestiare\/categorii\/echipament-industrial\/banc-de-lucru-atelier-banci\/#primaryimage","url":"https:\/\/alexmobilier.ro\/vestiare\/wp-content\/uploads\/2020\/03\/3-Ipari_berendezes-01-Muhelyasztal_800x560px.jpg","contentUrl":"https:\/\/alexmobilier.ro\/vestiare\/wp-content\/uploads\/2020\/03\/3-Ipari_berendezes-01-Muhelyasztal_800x560px.jpg","width":800,"height":560},{"@type":"BreadcrumbList","@id":"https:\/\/alexmobilier.ro\/vestiare\/categorii\/echipament-industrial\/banc-de-lucru-atelier-banci\/#breadcrumb","itemListElement":[{"@type":"ListItem","position":1,"name":"Home","item":"https:\/\/alexmobilier.ro\/vestiare\/"},{"@type":"ListItem","position":2,"name":"Produse","item":"https:\/\/alexmobilier.ro\/vestiare\/categorii\/"},{"@type":"ListItem","position":3,"name":"Echipament industrial","item":"https:\/\/alexmobilier.ro\/vestiare\/categorii\/echipament-industrial\/"},{"@type":"ListItem","position":4,"name":"Banc de lucru atelier, b\u0103nci"}]},{"@type":"WebSite","@id":"https:\/\/alexmobilier.ro\/vestiare\/#website","url":"https:\/\/alexmobilier.ro\/vestiare\/","name":"Vestiar","description":"ALEX MOBILIER MACS","potentialAction":[{"@type":"SearchAction","target":{"@type":"EntryPoint","urlTemplate":"https:\/\/alexmobilier.ro\/vestiare\/?s={search_term_string}"},"query-input":{"@type":"PropertyValueSpecification","valueRequired":true,"valueName":"search_term_string"}}],"inLanguage":"en-US"}]}},"_links":{"self":[{"href":"https:\/\/alexmobilier.ro\/vestiare\/wp-json\/wp\/v2\/pages\/31380","targetHints":{"allow":["GET"]}}],"collection":[{"href":"https:\/\/alexmobilier.ro\/vestiare\/wp-json\/wp\/v2\/pages"}],"about":[{"href":"https:\/\/alexmobilier.ro\/vestiare\/wp-json\/wp\/v2\/types\/page"}],"author":[{"embeddable":true,"href":"https:\/\/alexmobilier.ro\/vestiare\/wp-json\/wp\/v2\/users\/1"}],"replies":[{"embeddable":true,"href":"https:\/\/alexmobilier.ro\/vestiare\/wp-json\/wp\/v2\/comments?post=31380"}],"version-history":[{"count":1,"href":"https:\/\/alexmobilier.ro\/vestiare\/wp-json\/wp\/v2\/pages\/31380\/revisions"}],"predecessor-version":[{"id":92826,"href":"https:\/\/alexmobilier.ro\/vestiare\/wp-json\/wp\/v2\/pages\/31380\/revisions\/92826"}],"up":[{"embeddable":true,"href":"https:\/\/alexmobilier.ro\/vestiare\/wp-json\/wp\/v2\/pages\/31378"}],"wp:featuredmedia":[{"embeddable":true,"href":"https:\/\/alexmobilier.ro\/vestiare\/wp-json\/wp\/v2\/media\/92821"}],"wp:attachment":[{"href":"https:\/\/alexmobilier.ro\/vestiare\/wp-json\/wp\/v2\/media?parent=31380"}],"curies":[{"name":"wp","href":"https:\/\/api.w.org\/{rel}","templated":true}]}}