{"id":31378,"date":"2016-11-30T14:03:54","date_gmt":"2016-11-30T14:03:54","guid":{"rendered":"http:\/\/alexbutor.hu\/oltozobutor\/?page_id=31378"},"modified":"2026-02-23T12:29:34","modified_gmt":"2026-02-23T12:29:34","slug":"echipament-industrial","status":"publish","type":"page","link":"https:\/\/alexmobilier.ro\/vestiare\/categorii\/echipament-industrial\/","title":{"rendered":"Echipament industrial"},"content":{"rendered":"\r\n\t<li class=\"portfolio_item isotope-item\"><div class=\"portfolio_item_holder\"><figure class=\"thumbnail thumbnail__portfolio\"><a href=\"https:\/\/alexmobilier.ro\/vestiare\/categorii\/echipament-industrial\/cabinet-medical\/\" class=\"image-wrap\"><img decoding=\"async\" src=\"https:\/\/alexmobilier.ro\/vestiare\/wp-content\/uploads\/2022\/07\/vizsgalo_agy1600_1120.png\" alt=\"Cabinet medical\"><\/a><\/figure><div class=\"caption caption__portfolio\"><h3><a href=\"https:\/\/alexmobilier.ro\/vestiare\/categorii\/echipament-industrial\/cabinet-medical\/\">Cabinet medical<\/a><\/h3><\/div><\/div><\/li>\n\r\n\t<li class=\"portfolio_item isotope-item\"><div class=\"portfolio_item_holder\"><figure class=\"thumbnail thumbnail__portfolio\"><a href=\"https:\/\/alexmobilier.ro\/vestiare\/categorii\/echipament-industrial\/banc-de-lucru-atelier-banci\/\" class=\"image-wrap\"><img decoding=\"async\" src=\"https:\/\/alexmobilier.ro\/vestiare\/wp-content\/uploads\/2020\/03\/3-Ipari_berendezes-01-Muhelyasztal_800x560px.jpg\" alt=\"Banc de lucru atelier, b\u0103nci\"><\/a><\/figure><div class=\"caption caption__portfolio\"><h3><a href=\"https:\/\/alexmobilier.ro\/vestiare\/categorii\/echipament-industrial\/banc-de-lucru-atelier-banci\/\">Banc de lucru atelier, b\u0103nci<\/a><\/h3><\/div><\/div><\/li>\n\r\n\t<li class=\"portfolio_item isotope-item\"><div class=\"portfolio_item_holder\"><figure class=\"thumbnail thumbnail__portfolio\"><a href=\"https:\/\/alexmobilier.ro\/vestiare\/categorii\/echipament-industrial\/scaune-atelier-si-laborator\/\" class=\"image-wrap\"><img decoding=\"async\" src=\"https:\/\/alexmobilier.ro\/vestiare\/wp-content\/uploads\/2020\/03\/3-Ipari_berendezes-02-Muhelyszek_800x560px.jpg\" alt=\"Scaune atelier \u0219i laborator\"><\/a><\/figure><div class=\"caption caption__portfolio\"><h3><a href=\"https:\/\/alexmobilier.ro\/vestiare\/categorii\/echipament-industrial\/scaune-atelier-si-laborator\/\">Scaune atelier \u0219i laborator<\/a><\/h3><\/div><\/div><\/li>\n\r\n\t<li class=\"portfolio_item isotope-item\"><div class=\"portfolio_item_holder\"><figure class=\"thumbnail thumbnail__portfolio\"><a href=\"https:\/\/alexmobilier.ro\/vestiare\/categorii\/echipament-industrial\/containere-cu-sertar\/\" class=\"image-wrap\"><img decoding=\"async\" src=\"https:\/\/alexmobilier.ro\/vestiare\/wp-content\/uploads\/2020\/03\/3-Ipari_berendezes-03-Fiokos_kontener_800x560px-1.jpg\" alt=\"Containere cu sertar\"><\/a><\/figure><div class=\"caption caption__portfolio\"><h3><a href=\"https:\/\/alexmobilier.ro\/vestiare\/categorii\/echipament-industrial\/containere-cu-sertar\/\">Containere cu sertar<\/a><\/h3><\/div><\/div><\/li>\n\r\n\t<li class=\"portfolio_item isotope-item\"><div class=\"portfolio_item_holder\"><figure class=\"thumbnail thumbnail__portfolio\"><a href=\"https:\/\/alexmobilier.ro\/vestiare\/categorii\/echipament-industrial\/dulap-unelte-si-scule\/\" class=\"image-wrap\"><img decoding=\"async\" src=\"https:\/\/alexmobilier.ro\/vestiare\/wp-content\/uploads\/2020\/03\/3-Ipari_berendezes-04-Szerszamtarolo_szekreny_800x560px-1.jpg\" alt=\"Dulap unelte \u0219i scule\"><\/a><\/figure><div class=\"caption caption__portfolio\"><h3><a href=\"https:\/\/alexmobilier.ro\/vestiare\/categorii\/echipament-industrial\/dulap-unelte-si-scule\/\">Dulap unelte \u0219i scule<\/a><\/h3><\/div><\/div><\/li>\n","protected":false},"excerpt":{"rendered":"","protected":false},"author":1,"featured_media":31496,"parent":10,"menu_order":0,"comment_status":"closed","ping_status":"closed","template":"page-Portfolio2Cols-alexsub.php","meta":{"footnotes":""},"class_list":["post-31378","page","type-page","status-publish","has-post-thumbnail","hentry"],"yoast_head":"<!-- This site is optimized with the Yoast SEO plugin v25.2 - https:\/\/yoast.com\/wordpress\/plugins\/seo\/ -->\n<title>Echipament industrial - Vestiar<\/title>\n<meta name=\"description\" content=\"Ipari szekr\u00e9nyek professzion\u00e1lis munka\u00e1llom\u00e1sok kialak\u00edt\u00e1s\u00e1hoz. Gyors aj\u00e1nlatk\u00e9sz\u00edt\u00e9s, ingyenes tan\u00e1csad\u00e1s, sz\u00e9les term\u00e9kk\u00edn\u00e1lat. H\u00edvjon vagy \u00edrjon nek\u00fcnk!\" \/>\n<meta name=\"robots\" content=\"index, follow, max-snippet:-1, max-image-preview:large, max-video-preview:-1\" \/>\n<link rel=\"canonical\" href=\"https:\/\/alexmobilier.ro\/vestiare\/categorii\/echipament-industrial\/\" \/>\n<meta property=\"og:locale\" content=\"en_US\" \/>\n<meta property=\"og:type\" content=\"article\" \/>\n<meta property=\"og:title\" content=\"Echipament industrial - Vestiar\" \/>\n<meta property=\"og:description\" content=\"Ipari szekr\u00e9nyek professzion\u00e1lis munka\u00e1llom\u00e1sok kialak\u00edt\u00e1s\u00e1hoz. Gyors aj\u00e1nlatk\u00e9sz\u00edt\u00e9s, ingyenes tan\u00e1csad\u00e1s, sz\u00e9les term\u00e9kk\u00edn\u00e1lat. H\u00edvjon vagy \u00edrjon nek\u00fcnk!\" \/>\n<meta property=\"og:url\" content=\"https:\/\/alexmobilier.ro\/vestiare\/categorii\/echipament-industrial\/\" \/>\n<meta property=\"og:site_name\" content=\"Vestiar\" \/>\n<meta property=\"article:modified_time\" content=\"2026-02-23T12:29:34+00:00\" \/>\n<meta name=\"twitter:card\" content=\"summary_large_image\" \/>\n<meta name=\"twitter:label1\" content=\"Est. reading time\" \/>\n\t<meta name=\"twitter:data1\" content=\"1 minute\" \/>\n<script type=\"application\/ld+json\" class=\"yoast-schema-graph\">{\"@context\":\"https:\/\/schema.org\",\"@graph\":[{\"@type\":\"WebPage\",\"@id\":\"https:\/\/alexmobilier.ro\/vestiare\/categorii\/echipament-industrial\/\",\"url\":\"https:\/\/alexmobilier.ro\/vestiare\/categorii\/echipament-industrial\/\",\"name\":\"Echipament industrial - Vestiar\",\"isPartOf\":{\"@id\":\"https:\/\/alexmobilier.ro\/vestiare\/#website\"},\"primaryImageOfPage\":{\"@id\":\"https:\/\/alexmobilier.ro\/vestiare\/categorii\/echipament-industrial\/#primaryimage\"},\"image\":{\"@id\":\"https:\/\/alexmobilier.ro\/vestiare\/categorii\/echipament-industrial\/#primaryimage\"},\"thumbnailUrl\":\"\",\"datePublished\":\"2016-11-30T14:03:54+00:00\",\"dateModified\":\"2026-02-23T12:29:34+00:00\",\"description\":\"Ipari szekr\u00e9nyek professzion\u00e1lis munka\u00e1llom\u00e1sok kialak\u00edt\u00e1s\u00e1hoz. Gyors aj\u00e1nlatk\u00e9sz\u00edt\u00e9s, ingyenes tan\u00e1csad\u00e1s, sz\u00e9les term\u00e9kk\u00edn\u00e1lat. H\u00edvjon vagy \u00edrjon nek\u00fcnk!\",\"breadcrumb\":{\"@id\":\"https:\/\/alexmobilier.ro\/vestiare\/categorii\/echipament-industrial\/#breadcrumb\"},\"inLanguage\":\"en-US\",\"potentialAction\":[{\"@type\":\"ReadAction\",\"target\":[\"https:\/\/alexmobilier.ro\/vestiare\/categorii\/echipament-industrial\/\"]}]},{\"@type\":\"ImageObject\",\"inLanguage\":\"en-US\",\"@id\":\"https:\/\/alexmobilier.ro\/vestiare\/categorii\/echipament-industrial\/#primaryimage\",\"url\":\"\",\"contentUrl\":\"\"},{\"@type\":\"BreadcrumbList\",\"@id\":\"https:\/\/alexmobilier.ro\/vestiare\/categorii\/echipament-industrial\/#breadcrumb\",\"itemListElement\":[{\"@type\":\"ListItem\",\"position\":1,\"name\":\"Home\",\"item\":\"https:\/\/alexmobilier.ro\/vestiare\/\"},{\"@type\":\"ListItem\",\"position\":2,\"name\":\"Produse\",\"item\":\"https:\/\/alexmobilier.ro\/vestiare\/categorii\/\"},{\"@type\":\"ListItem\",\"position\":3,\"name\":\"Echipament industrial\"}]},{\"@type\":\"WebSite\",\"@id\":\"https:\/\/alexmobilier.ro\/vestiare\/#website\",\"url\":\"https:\/\/alexmobilier.ro\/vestiare\/\",\"name\":\"Vestiar\",\"description\":\"ALEX MOBILIER MACS\",\"potentialAction\":[{\"@type\":\"SearchAction\",\"target\":{\"@type\":\"EntryPoint\",\"urlTemplate\":\"https:\/\/alexmobilier.ro\/vestiare\/?s={search_term_string}\"},\"query-input\":{\"@type\":\"PropertyValueSpecification\",\"valueRequired\":true,\"valueName\":\"search_term_string\"}}],\"inLanguage\":\"en-US\"}]}<\/script>\n<!-- \/ Yoast SEO plugin. -->","yoast_head_json":{"title":"Echipament industrial - Vestiar","description":"Ipari szekr\u00e9nyek professzion\u00e1lis munka\u00e1llom\u00e1sok kialak\u00edt\u00e1s\u00e1hoz. Gyors aj\u00e1nlatk\u00e9sz\u00edt\u00e9s, ingyenes tan\u00e1csad\u00e1s, sz\u00e9les term\u00e9kk\u00edn\u00e1lat. H\u00edvjon vagy \u00edrjon nek\u00fcnk!","robots":{"index":"index","follow":"follow","max-snippet":"max-snippet:-1","max-image-preview":"max-image-preview:large","max-video-preview":"max-video-preview:-1"},"canonical":"https:\/\/alexmobilier.ro\/vestiare\/categorii\/echipament-industrial\/","og_locale":"en_US","og_type":"article","og_title":"Echipament industrial - Vestiar","og_description":"Ipari szekr\u00e9nyek professzion\u00e1lis munka\u00e1llom\u00e1sok kialak\u00edt\u00e1s\u00e1hoz. Gyors aj\u00e1nlatk\u00e9sz\u00edt\u00e9s, ingyenes tan\u00e1csad\u00e1s, sz\u00e9les term\u00e9kk\u00edn\u00e1lat. H\u00edvjon vagy \u00edrjon nek\u00fcnk!","og_url":"https:\/\/alexmobilier.ro\/vestiare\/categorii\/echipament-industrial\/","og_site_name":"Vestiar","article_modified_time":"2026-02-23T12:29:34+00:00","twitter_card":"summary_large_image","twitter_misc":{"Est. reading time":"1 minute"},"schema":{"@context":"https:\/\/schema.org","@graph":[{"@type":"WebPage","@id":"https:\/\/alexmobilier.ro\/vestiare\/categorii\/echipament-industrial\/","url":"https:\/\/alexmobilier.ro\/vestiare\/categorii\/echipament-industrial\/","name":"Echipament industrial - Vestiar","isPartOf":{"@id":"https:\/\/alexmobilier.ro\/vestiare\/#website"},"primaryImageOfPage":{"@id":"https:\/\/alexmobilier.ro\/vestiare\/categorii\/echipament-industrial\/#primaryimage"},"image":{"@id":"https:\/\/alexmobilier.ro\/vestiare\/categorii\/echipament-industrial\/#primaryimage"},"thumbnailUrl":"","datePublished":"2016-11-30T14:03:54+00:00","dateModified":"2026-02-23T12:29:34+00:00","description":"Ipari szekr\u00e9nyek professzion\u00e1lis munka\u00e1llom\u00e1sok kialak\u00edt\u00e1s\u00e1hoz. Gyors aj\u00e1nlatk\u00e9sz\u00edt\u00e9s, ingyenes tan\u00e1csad\u00e1s, sz\u00e9les term\u00e9kk\u00edn\u00e1lat. H\u00edvjon vagy \u00edrjon nek\u00fcnk!","breadcrumb":{"@id":"https:\/\/alexmobilier.ro\/vestiare\/categorii\/echipament-industrial\/#breadcrumb"},"inLanguage":"en-US","potentialAction":[{"@type":"ReadAction","target":["https:\/\/alexmobilier.ro\/vestiare\/categorii\/echipament-industrial\/"]}]},{"@type":"ImageObject","inLanguage":"en-US","@id":"https:\/\/alexmobilier.ro\/vestiare\/categorii\/echipament-industrial\/#primaryimage","url":"","contentUrl":""},{"@type":"BreadcrumbList","@id":"https:\/\/alexmobilier.ro\/vestiare\/categorii\/echipament-industrial\/#breadcrumb","itemListElement":[{"@type":"ListItem","position":1,"name":"Home","item":"https:\/\/alexmobilier.ro\/vestiare\/"},{"@type":"ListItem","position":2,"name":"Produse","item":"https:\/\/alexmobilier.ro\/vestiare\/categorii\/"},{"@type":"ListItem","position":3,"name":"Echipament industrial"}]},{"@type":"WebSite","@id":"https:\/\/alexmobilier.ro\/vestiare\/#website","url":"https:\/\/alexmobilier.ro\/vestiare\/","name":"Vestiar","description":"ALEX MOBILIER MACS","potentialAction":[{"@type":"SearchAction","target":{"@type":"EntryPoint","urlTemplate":"https:\/\/alexmobilier.ro\/vestiare\/?s={search_term_string}"},"query-input":{"@type":"PropertyValueSpecification","valueRequired":true,"valueName":"search_term_string"}}],"inLanguage":"en-US"}]}},"_links":{"self":[{"href":"https:\/\/alexmobilier.ro\/vestiare\/wp-json\/wp\/v2\/pages\/31378","targetHints":{"allow":["GET"]}}],"collection":[{"href":"https:\/\/alexmobilier.ro\/vestiare\/wp-json\/wp\/v2\/pages"}],"about":[{"href":"https:\/\/alexmobilier.ro\/vestiare\/wp-json\/wp\/v2\/types\/page"}],"author":[{"embeddable":true,"href":"https:\/\/alexmobilier.ro\/vestiare\/wp-json\/wp\/v2\/users\/1"}],"replies":[{"embeddable":true,"href":"https:\/\/alexmobilier.ro\/vestiare\/wp-json\/wp\/v2\/comments?post=31378"}],"version-history":[{"count":6,"href":"https:\/\/alexmobilier.ro\/vestiare\/wp-json\/wp\/v2\/pages\/31378\/revisions"}],"predecessor-version":[{"id":109230,"href":"https:\/\/alexmobilier.ro\/vestiare\/wp-json\/wp\/v2\/pages\/31378\/revisions\/109230"}],"up":[{"embeddable":true,"href":"https:\/\/alexmobilier.ro\/vestiare\/wp-json\/wp\/v2\/pages\/10"}],"wp:featuredmedia":[{"embeddable":true,"href":"https:\/\/alexmobilier.ro\/vestiare\/wp-json\/"}],"wp:attachment":[{"href":"https:\/\/alexmobilier.ro\/vestiare\/wp-json\/wp\/v2\/media?parent=31378"}],"curies":[{"name":"wp","href":"https:\/\/api.w.org\/{rel}","templated":true}]}}