{"id":31358,"date":"2016-11-30T14:00:11","date_gmt":"2016-11-30T14:00:11","guid":{"rendered":"http:\/\/alexbutor.hu\/oltozobutor\/?page_id=31358"},"modified":"2020-03-06T10:16:59","modified_gmt":"2020-03-06T10:16:59","slug":"dulap-metalic-vestiar-cu-banca-sport","status":"publish","type":"page","link":"https:\/\/alexmobilier.ro\/vestiare\/categorii\/dulap-vestiar\/dulap-metalic-vestiar\/dulap-metalic-vestiar-cu-banca-sport\/","title":{"rendered":"Dulap metalic vestiar cu banc\u0103 sport"},"content":{"rendered":"","protected":false},"excerpt":{"rendered":"","protected":false},"author":1,"featured_media":92766,"parent":31350,"menu_order":0,"comment_status":"closed","ping_status":"closed","template":"page-Portfolio4Cols-filterable.php","meta":{"footnotes":""},"class_list":["post-31358","page","type-page","status-publish","has-post-thumbnail","hentry"],"yoast_head":"<!-- This site is optimized with the Yoast SEO plugin v25.2 - https:\/\/yoast.com\/wordpress\/plugins\/seo\/ -->\n<title>Dulap metalic vestiar cu banc\u0103 sport - Vestiar<\/title>\n<meta name=\"description\" content=\"A sportpados \u00f6lt\u00f6z\u0151szekr\u00e9nyek fix paddal, ruhaakaszt\u00f3val, k\u00e9tkulcsos biztons\u00e1gi z\u00e1rral, kopolty\u00faszer\u0171 szell\u0151ztet\u00e9ssel, cip\u0151tart\u00f3 polccal, n\u00e9vc\u00edmke tart\u00f3val.\" \/>\n<meta name=\"robots\" content=\"index, follow, max-snippet:-1, max-image-preview:large, max-video-preview:-1\" \/>\n<link rel=\"canonical\" href=\"https:\/\/alexmobilier.ro\/vestiare\/categorii\/dulap-vestiar\/dulap-metalic-vestiar\/dulap-metalic-vestiar-cu-banca-sport\/\" \/>\n<meta property=\"og:locale\" content=\"en_US\" \/>\n<meta property=\"og:type\" content=\"article\" \/>\n<meta property=\"og:title\" content=\"Dulap metalic vestiar cu banc\u0103 sport - Vestiar\" \/>\n<meta property=\"og:description\" content=\"A sportpados \u00f6lt\u00f6z\u0151szekr\u00e9nyek fix paddal, ruhaakaszt\u00f3val, k\u00e9tkulcsos biztons\u00e1gi z\u00e1rral, kopolty\u00faszer\u0171 szell\u0151ztet\u00e9ssel, cip\u0151tart\u00f3 polccal, n\u00e9vc\u00edmke tart\u00f3val.\" \/>\n<meta property=\"og:url\" content=\"https:\/\/alexmobilier.ro\/vestiare\/categorii\/dulap-vestiar\/dulap-metalic-vestiar\/dulap-metalic-vestiar-cu-banca-sport\/\" \/>\n<meta property=\"og:site_name\" content=\"Vestiar\" \/>\n<meta property=\"article:modified_time\" content=\"2020-03-06T10:16:59+00:00\" \/>\n<meta property=\"og:image\" content=\"https:\/\/alexmobilier.ro\/vestiare\/wp-content\/uploads\/2020\/03\/1.2-Fem_oltozoszekreny-Sportpados_ajtos_800x560px.jpg\" \/>\n\t<meta property=\"og:image:width\" content=\"800\" \/>\n\t<meta property=\"og:image:height\" content=\"560\" \/>\n\t<meta property=\"og:image:type\" content=\"image\/jpeg\" \/>\n<meta name=\"twitter:card\" content=\"summary_large_image\" \/>\n<script type=\"application\/ld+json\" class=\"yoast-schema-graph\">{\"@context\":\"https:\/\/schema.org\",\"@graph\":[{\"@type\":\"WebPage\",\"@id\":\"https:\/\/alexmobilier.ro\/vestiare\/categorii\/dulap-vestiar\/dulap-metalic-vestiar\/dulap-metalic-vestiar-cu-banca-sport\/\",\"url\":\"https:\/\/alexmobilier.ro\/vestiare\/categorii\/dulap-vestiar\/dulap-metalic-vestiar\/dulap-metalic-vestiar-cu-banca-sport\/\",\"name\":\"Dulap metalic vestiar cu banc\u0103 sport - Vestiar\",\"isPartOf\":{\"@id\":\"https:\/\/alexmobilier.ro\/vestiare\/#website\"},\"primaryImageOfPage\":{\"@id\":\"https:\/\/alexmobilier.ro\/vestiare\/categorii\/dulap-vestiar\/dulap-metalic-vestiar\/dulap-metalic-vestiar-cu-banca-sport\/#primaryimage\"},\"image\":{\"@id\":\"https:\/\/alexmobilier.ro\/vestiare\/categorii\/dulap-vestiar\/dulap-metalic-vestiar\/dulap-metalic-vestiar-cu-banca-sport\/#primaryimage\"},\"thumbnailUrl\":\"https:\/\/alexmobilier.ro\/vestiare\/wp-content\/uploads\/2020\/03\/1.2-Fem_oltozoszekreny-Sportpados_ajtos_800x560px.jpg\",\"datePublished\":\"2016-11-30T14:00:11+00:00\",\"dateModified\":\"2020-03-06T10:16:59+00:00\",\"description\":\"A sportpados \u00f6lt\u00f6z\u0151szekr\u00e9nyek fix paddal, ruhaakaszt\u00f3val, k\u00e9tkulcsos biztons\u00e1gi z\u00e1rral, kopolty\u00faszer\u0171 szell\u0151ztet\u00e9ssel, cip\u0151tart\u00f3 polccal, n\u00e9vc\u00edmke tart\u00f3val.\",\"breadcrumb\":{\"@id\":\"https:\/\/alexmobilier.ro\/vestiare\/categorii\/dulap-vestiar\/dulap-metalic-vestiar\/dulap-metalic-vestiar-cu-banca-sport\/#breadcrumb\"},\"inLanguage\":\"en-US\",\"potentialAction\":[{\"@type\":\"ReadAction\",\"target\":[\"https:\/\/alexmobilier.ro\/vestiare\/categorii\/dulap-vestiar\/dulap-metalic-vestiar\/dulap-metalic-vestiar-cu-banca-sport\/\"]}]},{\"@type\":\"ImageObject\",\"inLanguage\":\"en-US\",\"@id\":\"https:\/\/alexmobilier.ro\/vestiare\/categorii\/dulap-vestiar\/dulap-metalic-vestiar\/dulap-metalic-vestiar-cu-banca-sport\/#primaryimage\",\"url\":\"https:\/\/alexmobilier.ro\/vestiare\/wp-content\/uploads\/2020\/03\/1.2-Fem_oltozoszekreny-Sportpados_ajtos_800x560px.jpg\",\"contentUrl\":\"https:\/\/alexmobilier.ro\/vestiare\/wp-content\/uploads\/2020\/03\/1.2-Fem_oltozoszekreny-Sportpados_ajtos_800x560px.jpg\",\"width\":800,\"height\":560},{\"@type\":\"BreadcrumbList\",\"@id\":\"https:\/\/alexmobilier.ro\/vestiare\/categorii\/dulap-vestiar\/dulap-metalic-vestiar\/dulap-metalic-vestiar-cu-banca-sport\/#breadcrumb\",\"itemListElement\":[{\"@type\":\"ListItem\",\"position\":1,\"name\":\"Home\",\"item\":\"https:\/\/alexmobilier.ro\/vestiare\/\"},{\"@type\":\"ListItem\",\"position\":2,\"name\":\"Produse\",\"item\":\"https:\/\/alexmobilier.ro\/vestiare\/categorii\/\"},{\"@type\":\"ListItem\",\"position\":3,\"name\":\"Dulap vestiar\",\"item\":\"https:\/\/alexmobilier.ro\/vestiare\/categorii\/dulap-vestiar\/\"},{\"@type\":\"ListItem\",\"position\":4,\"name\":\"Dulap metalic vestiar\",\"item\":\"https:\/\/alexmobilier.ro\/vestiare\/categorii\/dulap-vestiar\/dulap-metalic-vestiar\/\"},{\"@type\":\"ListItem\",\"position\":5,\"name\":\"Dulap metalic vestiar cu banc\u0103 sport\"}]},{\"@type\":\"WebSite\",\"@id\":\"https:\/\/alexmobilier.ro\/vestiare\/#website\",\"url\":\"https:\/\/alexmobilier.ro\/vestiare\/\",\"name\":\"Vestiar\",\"description\":\"ALEX MOBILIER MACS\",\"potentialAction\":[{\"@type\":\"SearchAction\",\"target\":{\"@type\":\"EntryPoint\",\"urlTemplate\":\"https:\/\/alexmobilier.ro\/vestiare\/?s={search_term_string}\"},\"query-input\":{\"@type\":\"PropertyValueSpecification\",\"valueRequired\":true,\"valueName\":\"search_term_string\"}}],\"inLanguage\":\"en-US\"}]}<\/script>\n<!-- \/ Yoast SEO plugin. -->","yoast_head_json":{"title":"Dulap metalic vestiar cu banc\u0103 sport - Vestiar","description":"A sportpados \u00f6lt\u00f6z\u0151szekr\u00e9nyek fix paddal, ruhaakaszt\u00f3val, k\u00e9tkulcsos biztons\u00e1gi z\u00e1rral, kopolty\u00faszer\u0171 szell\u0151ztet\u00e9ssel, cip\u0151tart\u00f3 polccal, n\u00e9vc\u00edmke tart\u00f3val.","robots":{"index":"index","follow":"follow","max-snippet":"max-snippet:-1","max-image-preview":"max-image-preview:large","max-video-preview":"max-video-preview:-1"},"canonical":"https:\/\/alexmobilier.ro\/vestiare\/categorii\/dulap-vestiar\/dulap-metalic-vestiar\/dulap-metalic-vestiar-cu-banca-sport\/","og_locale":"en_US","og_type":"article","og_title":"Dulap metalic vestiar cu banc\u0103 sport - Vestiar","og_description":"A sportpados \u00f6lt\u00f6z\u0151szekr\u00e9nyek fix paddal, ruhaakaszt\u00f3val, k\u00e9tkulcsos biztons\u00e1gi z\u00e1rral, kopolty\u00faszer\u0171 szell\u0151ztet\u00e9ssel, cip\u0151tart\u00f3 polccal, n\u00e9vc\u00edmke tart\u00f3val.","og_url":"https:\/\/alexmobilier.ro\/vestiare\/categorii\/dulap-vestiar\/dulap-metalic-vestiar\/dulap-metalic-vestiar-cu-banca-sport\/","og_site_name":"Vestiar","article_modified_time":"2020-03-06T10:16:59+00:00","og_image":[{"width":800,"height":560,"url":"https:\/\/alexmobilier.ro\/vestiare\/wp-content\/uploads\/2020\/03\/1.2-Fem_oltozoszekreny-Sportpados_ajtos_800x560px.jpg","type":"image\/jpeg"}],"twitter_card":"summary_large_image","schema":{"@context":"https:\/\/schema.org","@graph":[{"@type":"WebPage","@id":"https:\/\/alexmobilier.ro\/vestiare\/categorii\/dulap-vestiar\/dulap-metalic-vestiar\/dulap-metalic-vestiar-cu-banca-sport\/","url":"https:\/\/alexmobilier.ro\/vestiare\/categorii\/dulap-vestiar\/dulap-metalic-vestiar\/dulap-metalic-vestiar-cu-banca-sport\/","name":"Dulap metalic vestiar cu banc\u0103 sport - Vestiar","isPartOf":{"@id":"https:\/\/alexmobilier.ro\/vestiare\/#website"},"primaryImageOfPage":{"@id":"https:\/\/alexmobilier.ro\/vestiare\/categorii\/dulap-vestiar\/dulap-metalic-vestiar\/dulap-metalic-vestiar-cu-banca-sport\/#primaryimage"},"image":{"@id":"https:\/\/alexmobilier.ro\/vestiare\/categorii\/dulap-vestiar\/dulap-metalic-vestiar\/dulap-metalic-vestiar-cu-banca-sport\/#primaryimage"},"thumbnailUrl":"https:\/\/alexmobilier.ro\/vestiare\/wp-content\/uploads\/2020\/03\/1.2-Fem_oltozoszekreny-Sportpados_ajtos_800x560px.jpg","datePublished":"2016-11-30T14:00:11+00:00","dateModified":"2020-03-06T10:16:59+00:00","description":"A sportpados \u00f6lt\u00f6z\u0151szekr\u00e9nyek fix paddal, ruhaakaszt\u00f3val, k\u00e9tkulcsos biztons\u00e1gi z\u00e1rral, kopolty\u00faszer\u0171 szell\u0151ztet\u00e9ssel, cip\u0151tart\u00f3 polccal, n\u00e9vc\u00edmke tart\u00f3val.","breadcrumb":{"@id":"https:\/\/alexmobilier.ro\/vestiare\/categorii\/dulap-vestiar\/dulap-metalic-vestiar\/dulap-metalic-vestiar-cu-banca-sport\/#breadcrumb"},"inLanguage":"en-US","potentialAction":[{"@type":"ReadAction","target":["https:\/\/alexmobilier.ro\/vestiare\/categorii\/dulap-vestiar\/dulap-metalic-vestiar\/dulap-metalic-vestiar-cu-banca-sport\/"]}]},{"@type":"ImageObject","inLanguage":"en-US","@id":"https:\/\/alexmobilier.ro\/vestiare\/categorii\/dulap-vestiar\/dulap-metalic-vestiar\/dulap-metalic-vestiar-cu-banca-sport\/#primaryimage","url":"https:\/\/alexmobilier.ro\/vestiare\/wp-content\/uploads\/2020\/03\/1.2-Fem_oltozoszekreny-Sportpados_ajtos_800x560px.jpg","contentUrl":"https:\/\/alexmobilier.ro\/vestiare\/wp-content\/uploads\/2020\/03\/1.2-Fem_oltozoszekreny-Sportpados_ajtos_800x560px.jpg","width":800,"height":560},{"@type":"BreadcrumbList","@id":"https:\/\/alexmobilier.ro\/vestiare\/categorii\/dulap-vestiar\/dulap-metalic-vestiar\/dulap-metalic-vestiar-cu-banca-sport\/#breadcrumb","itemListElement":[{"@type":"ListItem","position":1,"name":"Home","item":"https:\/\/alexmobilier.ro\/vestiare\/"},{"@type":"ListItem","position":2,"name":"Produse","item":"https:\/\/alexmobilier.ro\/vestiare\/categorii\/"},{"@type":"ListItem","position":3,"name":"Dulap vestiar","item":"https:\/\/alexmobilier.ro\/vestiare\/categorii\/dulap-vestiar\/"},{"@type":"ListItem","position":4,"name":"Dulap metalic vestiar","item":"https:\/\/alexmobilier.ro\/vestiare\/categorii\/dulap-vestiar\/dulap-metalic-vestiar\/"},{"@type":"ListItem","position":5,"name":"Dulap metalic vestiar cu banc\u0103 sport"}]},{"@type":"WebSite","@id":"https:\/\/alexmobilier.ro\/vestiare\/#website","url":"https:\/\/alexmobilier.ro\/vestiare\/","name":"Vestiar","description":"ALEX MOBILIER MACS","potentialAction":[{"@type":"SearchAction","target":{"@type":"EntryPoint","urlTemplate":"https:\/\/alexmobilier.ro\/vestiare\/?s={search_term_string}"},"query-input":{"@type":"PropertyValueSpecification","valueRequired":true,"valueName":"search_term_string"}}],"inLanguage":"en-US"}]}},"_links":{"self":[{"href":"https:\/\/alexmobilier.ro\/vestiare\/wp-json\/wp\/v2\/pages\/31358","targetHints":{"allow":["GET"]}}],"collection":[{"href":"https:\/\/alexmobilier.ro\/vestiare\/wp-json\/wp\/v2\/pages"}],"about":[{"href":"https:\/\/alexmobilier.ro\/vestiare\/wp-json\/wp\/v2\/types\/page"}],"author":[{"embeddable":true,"href":"https:\/\/alexmobilier.ro\/vestiare\/wp-json\/wp\/v2\/users\/1"}],"replies":[{"embeddable":true,"href":"https:\/\/alexmobilier.ro\/vestiare\/wp-json\/wp\/v2\/comments?post=31358"}],"version-history":[{"count":2,"href":"https:\/\/alexmobilier.ro\/vestiare\/wp-json\/wp\/v2\/pages\/31358\/revisions"}],"predecessor-version":[{"id":92774,"href":"https:\/\/alexmobilier.ro\/vestiare\/wp-json\/wp\/v2\/pages\/31358\/revisions\/92774"}],"up":[{"embeddable":true,"href":"https:\/\/alexmobilier.ro\/vestiare\/wp-json\/wp\/v2\/pages\/31350"}],"wp:featuredmedia":[{"embeddable":true,"href":"https:\/\/alexmobilier.ro\/vestiare\/wp-json\/wp\/v2\/media\/92766"}],"wp:attachment":[{"href":"https:\/\/alexmobilier.ro\/vestiare\/wp-json\/wp\/v2\/media?parent=31358"}],"curies":[{"name":"wp","href":"https:\/\/api.w.org\/{rel}","templated":true}]}}