{"id":31350,"date":"2016-11-30T13:58:56","date_gmt":"2016-11-30T13:58:56","guid":{"rendered":"http:\/\/alexbutor.hu\/oltozobutor\/?page_id=31350"},"modified":"2026-02-23T11:49:37","modified_gmt":"2026-02-23T11:49:37","slug":"dulap-metalic-vestiar","status":"publish","type":"page","link":"https:\/\/alexmobilier.ro\/vestiare\/categorii\/dulap-vestiar\/dulap-metalic-vestiar\/","title":{"rendered":"Dulap metalic vestiar"},"content":{"rendered":"\r\n\t<li class=\"portfolio_item isotope-item\"><div class=\"portfolio_item_holder\"><figure class=\"thumbnail thumbnail__portfolio\"><a href=\"https:\/\/alexmobilier.ro\/vestiare\/categorii\/dulap-vestiar\/dulap-metalic-vestiar\/dulap-metalic-vestiar-usa-lunga\/\" class=\"image-wrap\"><img decoding=\"async\" src=\"https:\/\/alexmobilier.ro\/vestiare\/wp-content\/uploads\/2020\/03\/1.2-Fem_oltozoszekreny-Husszu_ajtos_800x560px.jpg\" alt=\"Dulap metalic vestiar u\u0219\u0103 lung\u0103\"><\/a><\/figure><div class=\"caption caption__portfolio\"><h3><a href=\"https:\/\/alexmobilier.ro\/vestiare\/categorii\/dulap-vestiar\/dulap-metalic-vestiar\/dulap-metalic-vestiar-usa-lunga\/\">Dulap metalic vestiar u\u0219\u0103 lung\u0103<\/a><\/h3><\/div><\/div><\/li>\n\r\n\t<li class=\"portfolio_item isotope-item\"><div class=\"portfolio_item_holder\"><figure class=\"thumbnail thumbnail__portfolio\"><a href=\"https:\/\/alexmobilier.ro\/vestiare\/categorii\/dulap-vestiar\/dulap-metalic-vestiar\/dulap-metalic-vestiar-usa-scurta\/\" class=\"image-wrap\"><img decoding=\"async\" src=\"https:\/\/alexmobilier.ro\/vestiare\/wp-content\/uploads\/2020\/03\/1.2-Fem_oltozoszekreny-Rovid_ajtos_800x560px.jpg\" alt=\"Dulap metalic vestiar u\u0219\u0103 scurt\u0103\"><\/a><\/figure><div class=\"caption caption__portfolio\"><h3><a href=\"https:\/\/alexmobilier.ro\/vestiare\/categorii\/dulap-vestiar\/dulap-metalic-vestiar\/dulap-metalic-vestiar-usa-scurta\/\">Dulap metalic vestiar u\u0219\u0103 scurt\u0103<\/a><\/h3><\/div><\/div><\/li>\n\r\n\t<li class=\"portfolio_item isotope-item\"><div class=\"portfolio_item_holder\"><figure class=\"thumbnail thumbnail__portfolio\"><a href=\"https:\/\/alexmobilier.ro\/vestiare\/categorii\/dulap-vestiar\/dulap-metalic-vestiar\/dulap-metalic-vestiar-usa-z\/\" class=\"image-wrap\"><img decoding=\"async\" src=\"https:\/\/alexmobilier.ro\/vestiare\/wp-content\/uploads\/2020\/03\/1.2-Fem_oltozoszekreny-Z_ajtos_800x560px.jpg\" alt=\"Dulap metalic vestiar u\u0219\u0103 Z\"><\/a><\/figure><div class=\"caption caption__portfolio\"><h3><a href=\"https:\/\/alexmobilier.ro\/vestiare\/categorii\/dulap-vestiar\/dulap-metalic-vestiar\/dulap-metalic-vestiar-usa-z\/\">Dulap metalic vestiar u\u0219\u0103 Z<\/a><\/h3><\/div><\/div><\/li>\n\r\n\t<li class=\"portfolio_item isotope-item\"><div class=\"portfolio_item_holder\"><figure class=\"thumbnail thumbnail__portfolio\"><a href=\"https:\/\/alexmobilier.ro\/vestiare\/categorii\/dulap-vestiar\/dulap-metalic-vestiar\/dulap-metalic-vestiar-cu-banca-sport\/\" class=\"image-wrap\"><img decoding=\"async\" src=\"https:\/\/alexmobilier.ro\/vestiare\/wp-content\/uploads\/2020\/03\/1.2-Fem_oltozoszekreny-Sportpados_ajtos_800x560px.jpg\" alt=\"Dulap metalic vestiar cu banc\u0103 sport\"><\/a><\/figure><div class=\"caption caption__portfolio\"><h3><a href=\"https:\/\/alexmobilier.ro\/vestiare\/categorii\/dulap-vestiar\/dulap-metalic-vestiar\/dulap-metalic-vestiar-cu-banca-sport\/\">Dulap metalic vestiar cu banc\u0103 sport<\/a><\/h3><\/div><\/div><\/li>\n\r\n\t<li class=\"portfolio_item isotope-item\"><div class=\"portfolio_item_holder\"><figure class=\"thumbnail thumbnail__portfolio\"><a href=\"https:\/\/alexmobilier.ro\/vestiare\/categorii\/dulap-vestiar\/dulap-metalic-vestiar\/dulap-metalic-cu-perete-despartitor\/\" class=\"image-wrap\"><img decoding=\"async\" src=\"https:\/\/alexmobilier.ro\/vestiare\/wp-content\/uploads\/2026\/01\/metalic-perete-despartitor.png\" alt=\"Dulap metalic cu perete desp\u0103r\u021bitor\"><\/a><\/figure><div class=\"caption caption__portfolio\"><h3><a href=\"https:\/\/alexmobilier.ro\/vestiare\/categorii\/dulap-vestiar\/dulap-metalic-vestiar\/dulap-metalic-cu-perete-despartitor\/\">Dulap metalic cu perete desp\u0103r\u021bitor<\/a><\/h3><\/div><\/div><\/li>\n","protected":false},"excerpt":{"rendered":"","protected":false},"author":1,"featured_media":92761,"parent":69,"menu_order":0,"comment_status":"closed","ping_status":"closed","template":"page-Portfolio2Cols-alexsub.php","meta":{"footnotes":""},"class_list":["post-31350","page","type-page","status-publish","has-post-thumbnail","hentry"],"yoast_head":"<!-- This site is optimized with the Yoast SEO plugin v25.2 - https:\/\/yoast.com\/wordpress\/plugins\/seo\/ -->\n<title>Dulap metalic vestiar - Vestiar<\/title>\n<meta name=\"description\" content=\"F\u00e9m \u00f6lt\u00f6z\u0151szekr\u00e9nyek c\u00e9geknek, iskol\u00e1knak, sport\u00f6lt\u00f6z\u0151kbe. Higi\u00e9nikus, id\u0151t\u00e1ll\u00f3 szekr\u00e9nyek j\u00f3t\u00e1ll\u00e1si garanci\u00e1val, orsz\u00e1gos kisz\u00e1ll\u00edt\u00e1ssal. K\u00e9rje aj\u00e1nlatunkat!\" \/>\n<meta name=\"robots\" content=\"index, follow, max-snippet:-1, max-image-preview:large, max-video-preview:-1\" \/>\n<link rel=\"canonical\" href=\"https:\/\/alexmobilier.ro\/vestiare\/categorii\/dulap-vestiar\/dulap-metalic-vestiar\/\" \/>\n<meta property=\"og:locale\" content=\"en_US\" \/>\n<meta property=\"og:type\" content=\"article\" \/>\n<meta property=\"og:title\" content=\"Dulap metalic vestiar - Vestiar\" \/>\n<meta property=\"og:description\" content=\"F\u00e9m \u00f6lt\u00f6z\u0151szekr\u00e9nyek c\u00e9geknek, iskol\u00e1knak, sport\u00f6lt\u00f6z\u0151kbe. Higi\u00e9nikus, id\u0151t\u00e1ll\u00f3 szekr\u00e9nyek j\u00f3t\u00e1ll\u00e1si garanci\u00e1val, orsz\u00e1gos kisz\u00e1ll\u00edt\u00e1ssal. K\u00e9rje aj\u00e1nlatunkat!\" \/>\n<meta property=\"og:url\" content=\"https:\/\/alexmobilier.ro\/vestiare\/categorii\/dulap-vestiar\/dulap-metalic-vestiar\/\" \/>\n<meta property=\"og:site_name\" content=\"Vestiar\" \/>\n<meta property=\"article:modified_time\" content=\"2026-02-23T11:49:37+00:00\" \/>\n<meta property=\"og:image\" content=\"https:\/\/alexmobilier.ro\/vestiare\/wp-content\/uploads\/2020\/03\/fem_oltozoszekrenyek.jpg\" \/>\n\t<meta property=\"og:image:width\" content=\"800\" \/>\n\t<meta property=\"og:image:height\" content=\"560\" \/>\n\t<meta property=\"og:image:type\" content=\"image\/jpeg\" \/>\n<meta name=\"twitter:card\" content=\"summary_large_image\" \/>\n<meta name=\"twitter:label1\" content=\"Est. reading time\" \/>\n\t<meta name=\"twitter:data1\" content=\"1 minute\" \/>\n<script type=\"application\/ld+json\" class=\"yoast-schema-graph\">{\"@context\":\"https:\/\/schema.org\",\"@graph\":[{\"@type\":\"WebPage\",\"@id\":\"https:\/\/alexmobilier.ro\/vestiare\/categorii\/dulap-vestiar\/dulap-metalic-vestiar\/\",\"url\":\"https:\/\/alexmobilier.ro\/vestiare\/categorii\/dulap-vestiar\/dulap-metalic-vestiar\/\",\"name\":\"Dulap metalic vestiar - Vestiar\",\"isPartOf\":{\"@id\":\"https:\/\/alexmobilier.ro\/vestiare\/#website\"},\"primaryImageOfPage\":{\"@id\":\"https:\/\/alexmobilier.ro\/vestiare\/categorii\/dulap-vestiar\/dulap-metalic-vestiar\/#primaryimage\"},\"image\":{\"@id\":\"https:\/\/alexmobilier.ro\/vestiare\/categorii\/dulap-vestiar\/dulap-metalic-vestiar\/#primaryimage\"},\"thumbnailUrl\":\"https:\/\/alexmobilier.ro\/vestiare\/wp-content\/uploads\/2020\/03\/fem_oltozoszekrenyek.jpg\",\"datePublished\":\"2016-11-30T13:58:56+00:00\",\"dateModified\":\"2026-02-23T11:49:37+00:00\",\"description\":\"F\u00e9m \u00f6lt\u00f6z\u0151szekr\u00e9nyek c\u00e9geknek, iskol\u00e1knak, sport\u00f6lt\u00f6z\u0151kbe. Higi\u00e9nikus, id\u0151t\u00e1ll\u00f3 szekr\u00e9nyek j\u00f3t\u00e1ll\u00e1si garanci\u00e1val, orsz\u00e1gos kisz\u00e1ll\u00edt\u00e1ssal. K\u00e9rje aj\u00e1nlatunkat!\",\"breadcrumb\":{\"@id\":\"https:\/\/alexmobilier.ro\/vestiare\/categorii\/dulap-vestiar\/dulap-metalic-vestiar\/#breadcrumb\"},\"inLanguage\":\"en-US\",\"potentialAction\":[{\"@type\":\"ReadAction\",\"target\":[\"https:\/\/alexmobilier.ro\/vestiare\/categorii\/dulap-vestiar\/dulap-metalic-vestiar\/\"]}]},{\"@type\":\"ImageObject\",\"inLanguage\":\"en-US\",\"@id\":\"https:\/\/alexmobilier.ro\/vestiare\/categorii\/dulap-vestiar\/dulap-metalic-vestiar\/#primaryimage\",\"url\":\"https:\/\/alexmobilier.ro\/vestiare\/wp-content\/uploads\/2020\/03\/fem_oltozoszekrenyek.jpg\",\"contentUrl\":\"https:\/\/alexmobilier.ro\/vestiare\/wp-content\/uploads\/2020\/03\/fem_oltozoszekrenyek.jpg\",\"width\":800,\"height\":560},{\"@type\":\"BreadcrumbList\",\"@id\":\"https:\/\/alexmobilier.ro\/vestiare\/categorii\/dulap-vestiar\/dulap-metalic-vestiar\/#breadcrumb\",\"itemListElement\":[{\"@type\":\"ListItem\",\"position\":1,\"name\":\"Home\",\"item\":\"https:\/\/alexmobilier.ro\/vestiare\/\"},{\"@type\":\"ListItem\",\"position\":2,\"name\":\"Produse\",\"item\":\"https:\/\/alexmobilier.ro\/vestiare\/categorii\/\"},{\"@type\":\"ListItem\",\"position\":3,\"name\":\"Dulap vestiar\",\"item\":\"https:\/\/alexmobilier.ro\/vestiare\/categorii\/dulap-vestiar\/\"},{\"@type\":\"ListItem\",\"position\":4,\"name\":\"Dulap metalic vestiar\"}]},{\"@type\":\"WebSite\",\"@id\":\"https:\/\/alexmobilier.ro\/vestiare\/#website\",\"url\":\"https:\/\/alexmobilier.ro\/vestiare\/\",\"name\":\"Vestiar\",\"description\":\"ALEX MOBILIER MACS\",\"potentialAction\":[{\"@type\":\"SearchAction\",\"target\":{\"@type\":\"EntryPoint\",\"urlTemplate\":\"https:\/\/alexmobilier.ro\/vestiare\/?s={search_term_string}\"},\"query-input\":{\"@type\":\"PropertyValueSpecification\",\"valueRequired\":true,\"valueName\":\"search_term_string\"}}],\"inLanguage\":\"en-US\"}]}<\/script>\n<!-- \/ Yoast SEO plugin. -->","yoast_head_json":{"title":"Dulap metalic vestiar - Vestiar","description":"F\u00e9m \u00f6lt\u00f6z\u0151szekr\u00e9nyek c\u00e9geknek, iskol\u00e1knak, sport\u00f6lt\u00f6z\u0151kbe. Higi\u00e9nikus, id\u0151t\u00e1ll\u00f3 szekr\u00e9nyek j\u00f3t\u00e1ll\u00e1si garanci\u00e1val, orsz\u00e1gos kisz\u00e1ll\u00edt\u00e1ssal. K\u00e9rje aj\u00e1nlatunkat!","robots":{"index":"index","follow":"follow","max-snippet":"max-snippet:-1","max-image-preview":"max-image-preview:large","max-video-preview":"max-video-preview:-1"},"canonical":"https:\/\/alexmobilier.ro\/vestiare\/categorii\/dulap-vestiar\/dulap-metalic-vestiar\/","og_locale":"en_US","og_type":"article","og_title":"Dulap metalic vestiar - Vestiar","og_description":"F\u00e9m \u00f6lt\u00f6z\u0151szekr\u00e9nyek c\u00e9geknek, iskol\u00e1knak, sport\u00f6lt\u00f6z\u0151kbe. Higi\u00e9nikus, id\u0151t\u00e1ll\u00f3 szekr\u00e9nyek j\u00f3t\u00e1ll\u00e1si garanci\u00e1val, orsz\u00e1gos kisz\u00e1ll\u00edt\u00e1ssal. K\u00e9rje aj\u00e1nlatunkat!","og_url":"https:\/\/alexmobilier.ro\/vestiare\/categorii\/dulap-vestiar\/dulap-metalic-vestiar\/","og_site_name":"Vestiar","article_modified_time":"2026-02-23T11:49:37+00:00","og_image":[{"width":800,"height":560,"url":"https:\/\/alexmobilier.ro\/vestiare\/wp-content\/uploads\/2020\/03\/fem_oltozoszekrenyek.jpg","type":"image\/jpeg"}],"twitter_card":"summary_large_image","twitter_misc":{"Est. reading time":"1 minute"},"schema":{"@context":"https:\/\/schema.org","@graph":[{"@type":"WebPage","@id":"https:\/\/alexmobilier.ro\/vestiare\/categorii\/dulap-vestiar\/dulap-metalic-vestiar\/","url":"https:\/\/alexmobilier.ro\/vestiare\/categorii\/dulap-vestiar\/dulap-metalic-vestiar\/","name":"Dulap metalic vestiar - Vestiar","isPartOf":{"@id":"https:\/\/alexmobilier.ro\/vestiare\/#website"},"primaryImageOfPage":{"@id":"https:\/\/alexmobilier.ro\/vestiare\/categorii\/dulap-vestiar\/dulap-metalic-vestiar\/#primaryimage"},"image":{"@id":"https:\/\/alexmobilier.ro\/vestiare\/categorii\/dulap-vestiar\/dulap-metalic-vestiar\/#primaryimage"},"thumbnailUrl":"https:\/\/alexmobilier.ro\/vestiare\/wp-content\/uploads\/2020\/03\/fem_oltozoszekrenyek.jpg","datePublished":"2016-11-30T13:58:56+00:00","dateModified":"2026-02-23T11:49:37+00:00","description":"F\u00e9m \u00f6lt\u00f6z\u0151szekr\u00e9nyek c\u00e9geknek, iskol\u00e1knak, sport\u00f6lt\u00f6z\u0151kbe. Higi\u00e9nikus, id\u0151t\u00e1ll\u00f3 szekr\u00e9nyek j\u00f3t\u00e1ll\u00e1si garanci\u00e1val, orsz\u00e1gos kisz\u00e1ll\u00edt\u00e1ssal. K\u00e9rje aj\u00e1nlatunkat!","breadcrumb":{"@id":"https:\/\/alexmobilier.ro\/vestiare\/categorii\/dulap-vestiar\/dulap-metalic-vestiar\/#breadcrumb"},"inLanguage":"en-US","potentialAction":[{"@type":"ReadAction","target":["https:\/\/alexmobilier.ro\/vestiare\/categorii\/dulap-vestiar\/dulap-metalic-vestiar\/"]}]},{"@type":"ImageObject","inLanguage":"en-US","@id":"https:\/\/alexmobilier.ro\/vestiare\/categorii\/dulap-vestiar\/dulap-metalic-vestiar\/#primaryimage","url":"https:\/\/alexmobilier.ro\/vestiare\/wp-content\/uploads\/2020\/03\/fem_oltozoszekrenyek.jpg","contentUrl":"https:\/\/alexmobilier.ro\/vestiare\/wp-content\/uploads\/2020\/03\/fem_oltozoszekrenyek.jpg","width":800,"height":560},{"@type":"BreadcrumbList","@id":"https:\/\/alexmobilier.ro\/vestiare\/categorii\/dulap-vestiar\/dulap-metalic-vestiar\/#breadcrumb","itemListElement":[{"@type":"ListItem","position":1,"name":"Home","item":"https:\/\/alexmobilier.ro\/vestiare\/"},{"@type":"ListItem","position":2,"name":"Produse","item":"https:\/\/alexmobilier.ro\/vestiare\/categorii\/"},{"@type":"ListItem","position":3,"name":"Dulap vestiar","item":"https:\/\/alexmobilier.ro\/vestiare\/categorii\/dulap-vestiar\/"},{"@type":"ListItem","position":4,"name":"Dulap metalic vestiar"}]},{"@type":"WebSite","@id":"https:\/\/alexmobilier.ro\/vestiare\/#website","url":"https:\/\/alexmobilier.ro\/vestiare\/","name":"Vestiar","description":"ALEX MOBILIER MACS","potentialAction":[{"@type":"SearchAction","target":{"@type":"EntryPoint","urlTemplate":"https:\/\/alexmobilier.ro\/vestiare\/?s={search_term_string}"},"query-input":{"@type":"PropertyValueSpecification","valueRequired":true,"valueName":"search_term_string"}}],"inLanguage":"en-US"}]}},"_links":{"self":[{"href":"https:\/\/alexmobilier.ro\/vestiare\/wp-json\/wp\/v2\/pages\/31350","targetHints":{"allow":["GET"]}}],"collection":[{"href":"https:\/\/alexmobilier.ro\/vestiare\/wp-json\/wp\/v2\/pages"}],"about":[{"href":"https:\/\/alexmobilier.ro\/vestiare\/wp-json\/wp\/v2\/types\/page"}],"author":[{"embeddable":true,"href":"https:\/\/alexmobilier.ro\/vestiare\/wp-json\/wp\/v2\/users\/1"}],"replies":[{"embeddable":true,"href":"https:\/\/alexmobilier.ro\/vestiare\/wp-json\/wp\/v2\/comments?post=31350"}],"version-history":[{"count":7,"href":"https:\/\/alexmobilier.ro\/vestiare\/wp-json\/wp\/v2\/pages\/31350\/revisions"}],"predecessor-version":[{"id":109219,"href":"https:\/\/alexmobilier.ro\/vestiare\/wp-json\/wp\/v2\/pages\/31350\/revisions\/109219"}],"up":[{"embeddable":true,"href":"https:\/\/alexmobilier.ro\/vestiare\/wp-json\/wp\/v2\/pages\/69"}],"wp:featuredmedia":[{"embeddable":true,"href":"https:\/\/alexmobilier.ro\/vestiare\/wp-json\/wp\/v2\/media\/92761"}],"wp:attachment":[{"href":"https:\/\/alexmobilier.ro\/vestiare\/wp-json\/wp\/v2\/media?parent=31350"}],"curies":[{"name":"wp","href":"https:\/\/api.w.org\/{rel}","templated":true}]}}