{"id":1876,"date":"2016-06-30T15:54:32","date_gmt":"2016-06-30T15:54:32","guid":{"rendered":"http:\/\/szallodabutor.hu\/?page_id=1876"},"modified":"2016-06-30T15:54:32","modified_gmt":"2016-06-30T15:54:32","slug":"standarde-de-calitate","status":"publish","type":"page","link":"https:\/\/alexmobilier.ro\/vestiare\/standarde-de-calitate\/","title":{"rendered":"STANDARDE DE CALITATE"},"content":{"rendered":"<div class=\"row \">\n<div class=\"span12 \"><p>Politica de calitate const\u0103 \u00een respectarea nivelului calitativ solicitat \u0219i impus de clientel\u0103. Acesteia este subordonat\u0103 toat\u0103 procedura de proiectare, produc\u021bie \u0219i control al calit\u0103\u021bii, inclusiv administrarea valorific\u0103rii. <\/p>\n<p>Certificat ISO 9001 integrat din 2003 este certificat de E-COM Cert. Standardele solicitate de certificatele ISO14001 \u0219i MSZ 28001 integrate din 2015 asigur\u0103 o mai mare aten\u021bie la protec\u021bia mediului \u00eenconjur\u0103tor \u0219i securitatea \u0219i s\u0103n\u0103tatea la locul de munc\u0103. Produsele respecta cerintele dimensionale si de ergonomicitate prevazute in: SR EN 1729\/1 \u2013 Mobilier. Scaune si mese pentru institutiile de invatamant. Partea 1: Dimensiuni functionale si SR 770 - Mobilier de lemn. Conditii tehnice generale de calitate.\n<\/p>\n<div class=\"spacer\"><\/div><!-- .spacer (end) --><\/div>\n<div class=\"span2 \"><img fetchpriority=\"high\" decoding=\"async\" src=\"https:\/\/alexmobilier.ro\/scolar\/wp-content\/uploads\/2018\/09\/Alex_ecom_cert_logo_FINAL_100K-300x286-300x286.png\" alt=\"\" width=\"300\" height=\"286\" class=\"alignnone size-medium wp-image-91079\" \/><div class=\"spacer\"><\/div><!-- .spacer (end) --><\/div>\n<\/div><!-- .row (end) -->\n","protected":false},"excerpt":{"rendered":"","protected":false},"author":1,"featured_media":0,"parent":0,"menu_order":0,"comment_status":"closed","ping_status":"closed","template":"page-fullwidth.php","meta":{"footnotes":""},"class_list":["post-1876","page","type-page","status-publish","hentry"],"yoast_head":"<!-- This site is optimized with the Yoast SEO plugin v25.2 - https:\/\/yoast.com\/wordpress\/plugins\/seo\/ -->\n<title>STANDARDE DE CALITATE - Vestiar<\/title>\n<meta name=\"robots\" content=\"index, follow, max-snippet:-1, max-image-preview:large, max-video-preview:-1\" \/>\n<link rel=\"canonical\" href=\"https:\/\/alexmobilier.ro\/vestiare\/standarde-de-calitate\/\" \/>\n<meta property=\"og:locale\" content=\"en_US\" \/>\n<meta property=\"og:type\" content=\"article\" \/>\n<meta property=\"og:title\" content=\"STANDARDE DE CALITATE - Vestiar\" \/>\n<meta property=\"og:url\" content=\"https:\/\/alexmobilier.ro\/vestiare\/standarde-de-calitate\/\" \/>\n<meta property=\"og:site_name\" content=\"Vestiar\" \/>\n<meta name=\"twitter:card\" content=\"summary_large_image\" \/>\n<meta name=\"twitter:label1\" content=\"Est. reading time\" \/>\n\t<meta name=\"twitter:data1\" content=\"1 minute\" \/>\n<script type=\"application\/ld+json\" class=\"yoast-schema-graph\">{\"@context\":\"https:\/\/schema.org\",\"@graph\":[{\"@type\":\"WebPage\",\"@id\":\"https:\/\/alexmobilier.ro\/vestiare\/standarde-de-calitate\/\",\"url\":\"https:\/\/alexmobilier.ro\/vestiare\/standarde-de-calitate\/\",\"name\":\"STANDARDE DE CALITATE - Vestiar\",\"isPartOf\":{\"@id\":\"https:\/\/alexmobilier.ro\/vestiare\/#website\"},\"primaryImageOfPage\":{\"@id\":\"https:\/\/alexmobilier.ro\/vestiare\/standarde-de-calitate\/#primaryimage\"},\"image\":{\"@id\":\"https:\/\/alexmobilier.ro\/vestiare\/standarde-de-calitate\/#primaryimage\"},\"thumbnailUrl\":\"https:\/\/alexmobilier.ro\/scolar\/wp-content\/uploads\/2018\/09\/Alex_ecom_cert_logo_FINAL_100K-300x286-300x286.png\",\"datePublished\":\"2016-06-30T15:54:32+00:00\",\"breadcrumb\":{\"@id\":\"https:\/\/alexmobilier.ro\/vestiare\/standarde-de-calitate\/#breadcrumb\"},\"inLanguage\":\"en-US\",\"potentialAction\":[{\"@type\":\"ReadAction\",\"target\":[\"https:\/\/alexmobilier.ro\/vestiare\/standarde-de-calitate\/\"]}]},{\"@type\":\"ImageObject\",\"inLanguage\":\"en-US\",\"@id\":\"https:\/\/alexmobilier.ro\/vestiare\/standarde-de-calitate\/#primaryimage\",\"url\":\"https:\/\/alexmobilier.ro\/scolar\/wp-content\/uploads\/2018\/09\/Alex_ecom_cert_logo_FINAL_100K-300x286-300x286.png\",\"contentUrl\":\"https:\/\/alexmobilier.ro\/scolar\/wp-content\/uploads\/2018\/09\/Alex_ecom_cert_logo_FINAL_100K-300x286-300x286.png\"},{\"@type\":\"BreadcrumbList\",\"@id\":\"https:\/\/alexmobilier.ro\/vestiare\/standarde-de-calitate\/#breadcrumb\",\"itemListElement\":[{\"@type\":\"ListItem\",\"position\":1,\"name\":\"Home\",\"item\":\"https:\/\/alexmobilier.ro\/vestiare\/\"},{\"@type\":\"ListItem\",\"position\":2,\"name\":\"STANDARDE DE CALITATE\"}]},{\"@type\":\"WebSite\",\"@id\":\"https:\/\/alexmobilier.ro\/vestiare\/#website\",\"url\":\"https:\/\/alexmobilier.ro\/vestiare\/\",\"name\":\"Vestiar\",\"description\":\"ALEX MOBILIER MACS\",\"potentialAction\":[{\"@type\":\"SearchAction\",\"target\":{\"@type\":\"EntryPoint\",\"urlTemplate\":\"https:\/\/alexmobilier.ro\/vestiare\/?s={search_term_string}\"},\"query-input\":{\"@type\":\"PropertyValueSpecification\",\"valueRequired\":true,\"valueName\":\"search_term_string\"}}],\"inLanguage\":\"en-US\"}]}<\/script>\n<!-- \/ Yoast SEO plugin. -->","yoast_head_json":{"title":"STANDARDE DE CALITATE - Vestiar","robots":{"index":"index","follow":"follow","max-snippet":"max-snippet:-1","max-image-preview":"max-image-preview:large","max-video-preview":"max-video-preview:-1"},"canonical":"https:\/\/alexmobilier.ro\/vestiare\/standarde-de-calitate\/","og_locale":"en_US","og_type":"article","og_title":"STANDARDE DE CALITATE - Vestiar","og_url":"https:\/\/alexmobilier.ro\/vestiare\/standarde-de-calitate\/","og_site_name":"Vestiar","twitter_card":"summary_large_image","twitter_misc":{"Est. reading time":"1 minute"},"schema":{"@context":"https:\/\/schema.org","@graph":[{"@type":"WebPage","@id":"https:\/\/alexmobilier.ro\/vestiare\/standarde-de-calitate\/","url":"https:\/\/alexmobilier.ro\/vestiare\/standarde-de-calitate\/","name":"STANDARDE DE CALITATE - Vestiar","isPartOf":{"@id":"https:\/\/alexmobilier.ro\/vestiare\/#website"},"primaryImageOfPage":{"@id":"https:\/\/alexmobilier.ro\/vestiare\/standarde-de-calitate\/#primaryimage"},"image":{"@id":"https:\/\/alexmobilier.ro\/vestiare\/standarde-de-calitate\/#primaryimage"},"thumbnailUrl":"https:\/\/alexmobilier.ro\/scolar\/wp-content\/uploads\/2018\/09\/Alex_ecom_cert_logo_FINAL_100K-300x286-300x286.png","datePublished":"2016-06-30T15:54:32+00:00","breadcrumb":{"@id":"https:\/\/alexmobilier.ro\/vestiare\/standarde-de-calitate\/#breadcrumb"},"inLanguage":"en-US","potentialAction":[{"@type":"ReadAction","target":["https:\/\/alexmobilier.ro\/vestiare\/standarde-de-calitate\/"]}]},{"@type":"ImageObject","inLanguage":"en-US","@id":"https:\/\/alexmobilier.ro\/vestiare\/standarde-de-calitate\/#primaryimage","url":"https:\/\/alexmobilier.ro\/scolar\/wp-content\/uploads\/2018\/09\/Alex_ecom_cert_logo_FINAL_100K-300x286-300x286.png","contentUrl":"https:\/\/alexmobilier.ro\/scolar\/wp-content\/uploads\/2018\/09\/Alex_ecom_cert_logo_FINAL_100K-300x286-300x286.png"},{"@type":"BreadcrumbList","@id":"https:\/\/alexmobilier.ro\/vestiare\/standarde-de-calitate\/#breadcrumb","itemListElement":[{"@type":"ListItem","position":1,"name":"Home","item":"https:\/\/alexmobilier.ro\/vestiare\/"},{"@type":"ListItem","position":2,"name":"STANDARDE DE CALITATE"}]},{"@type":"WebSite","@id":"https:\/\/alexmobilier.ro\/vestiare\/#website","url":"https:\/\/alexmobilier.ro\/vestiare\/","name":"Vestiar","description":"ALEX MOBILIER MACS","potentialAction":[{"@type":"SearchAction","target":{"@type":"EntryPoint","urlTemplate":"https:\/\/alexmobilier.ro\/vestiare\/?s={search_term_string}"},"query-input":{"@type":"PropertyValueSpecification","valueRequired":true,"valueName":"search_term_string"}}],"inLanguage":"en-US"}]}},"_links":{"self":[{"href":"https:\/\/alexmobilier.ro\/vestiare\/wp-json\/wp\/v2\/pages\/1876","targetHints":{"allow":["GET"]}}],"collection":[{"href":"https:\/\/alexmobilier.ro\/vestiare\/wp-json\/wp\/v2\/pages"}],"about":[{"href":"https:\/\/alexmobilier.ro\/vestiare\/wp-json\/wp\/v2\/types\/page"}],"author":[{"embeddable":true,"href":"https:\/\/alexmobilier.ro\/vestiare\/wp-json\/wp\/v2\/users\/1"}],"replies":[{"embeddable":true,"href":"https:\/\/alexmobilier.ro\/vestiare\/wp-json\/wp\/v2\/comments?post=1876"}],"version-history":[{"count":0,"href":"https:\/\/alexmobilier.ro\/vestiare\/wp-json\/wp\/v2\/pages\/1876\/revisions"}],"wp:attachment":[{"href":"https:\/\/alexmobilier.ro\/vestiare\/wp-json\/wp\/v2\/media?parent=1876"}],"curies":[{"name":"wp","href":"https:\/\/api.w.org\/{rel}","templated":true}]}}