{"id":1874,"date":"2016-06-30T15:54:15","date_gmt":"2016-06-30T15:54:15","guid":{"rendered":"http:\/\/szallodabutor.hu\/?page_id=1874"},"modified":"2016-06-30T15:54:15","modified_gmt":"2016-06-30T15:54:15","slug":"intrebari-frecvente","status":"publish","type":"page","link":"https:\/\/alexmobilier.ro\/vestiare\/intrebari-frecvente\/","title":{"rendered":"\u00centreb\u0103ri Frecvente"},"content":{"rendered":"<div id=\"id-1431997214\" class=\"accordion\">\n<div class=\"accordion-group\">\n<div class=\"accordion-heading\"><a class=\"accordion-toggle collapsed\" data-toggle=\"collapse\" data-parent=\"#id-1431997214\" href=\"#663113222\">Persoan\u0103 fizic\u0103 sau juridic\u0103?<\/strong><\/a><\/div>\n<div class=\"accordion-body  collapse\" id=\"663113222\" style=\"height: 0px;\">\n<div class=\"accordion-inner\">Nu ne putem angaja pentru preluarea comenzilor de c\u00e2te un produs, de aceea nu servim persoane fizice. A\u0219tept\u0103msolicit\u0103rile dvs. \u0219i v\u0103 vom trimite oferta noastr\u0103 de pre\u021b pentru proiectul dvs.!<\/div>\n<\/div>\n<\/div>\n<div class=\"accordion-group\">\n<div class=\"accordion-heading\"><a class=\"accordion-toggle collapsed\" data-toggle=\"collapse\" data-parent=\"#id-1431997214\" href=\"#663113555\">Se pot comanda cantit\u0103\u021bi mici?<\/strong><\/a><\/div>\n<div class=\"accordion-body  collapse\" id=\"663113555\" style=\"height: 0px;\">\n<div class=\"accordion-inner\">Nu ne putem angaja pentru preluarea comenzilor de c\u00e2te un produs, de aceea nu servim persoane fizice. A\u0219tept\u0103msolicit\u0103rile dvs. \u0219i v\u0103 vom trimite oferta noastr\u0103 de pre\u021b pentru proiectul dvs.!<\/div>\n<\/div>\n<\/div>\n<div class=\"accordion-group\">\n<div class=\"accordion-heading\"><a class=\"accordion-toggle collapsed\" data-toggle=\"collapse\" data-parent=\"#id-1431997214\" href=\"#454011181\">Care sunt datele necesare pentru \u00eenregistrarea comanzii?<\/a><\/div>\n<div class=\"accordion-body  collapse\" id=\"454011181\" style=\"height: 0px;\">\n<div class=\"accordion-inner\">Adresa cump\u0103r\u0103torului, datele de contact, persoana de contact, codul fiscal, produsele dorite, cantit\u0103\u021bile \u0219i adresa de livrare.<\/div>\n<\/div>\n<\/div>\n<div class=\"accordion-group\">\n<div class=\"accordion-heading\"><a class=\"accordion-toggle\" data-toggle=\"collapse\" data-parent=\"#id-1431997214\" href=\"#1106547022\">Unde g\u0103sesc nuan\u021be \u0219i culori \u0219i suprapre\u021burile aferente?<\/a><\/div>\n<div class=\"accordion-body  collapse\" id=\"1106547022\" style=\"height: 0px;\">\n<div class=\"accordion-inner\">At\u00e2t pentru cadru metalic c\u00e2t \u0219i pentru blaturi\/\u0219ezuturi exist\u0103  nuan\u021be \u0219i culori cu pre\u021b inclus in cel al produsului. Tapiseriile sun categorizate de la I. la IV. V\u0103 rug\u0103m s\u0103 ne contacta\u021bi telefonic.<\/div>\n<\/div>\n<\/div>\n<div class=\"accordion-group\">\n<div class=\"accordion-heading\"><a class=\"accordion-toggle\" data-toggle=\"collapse\" data-parent=\"#id-1431997214\" href=\"#1419186617\">Cum pot primi informa\u021bii despre comanda mea, unde g\u0103sesc num\u0103rul comenzii?<\/a><\/div>\n<div class=\"accordion-body  collapse\" id=\"1419186617\" style=\"height: 0px;\">\n<div class=\"accordion-inner\">Comanda vi se confirma prin e-mail cu num\u0103r de comand\u0103 cu seria KVAR urmat de un num\u0103r de ordine din categoria de produse din care face parte. V\u0103 rug\u0103m verifica\u021bi toate datele confirmate  prin acest formular.<\/div>\n<\/div>\n<\/div>\n<div class=\"accordion-group\">\n<div class=\"accordion-heading\"><a class=\"accordion-toggle\" data-toggle=\"collapse\" data-parent=\"#id-1431997214\" href=\"#333149878\">Care este termenul de livrare pentru comanda mea? Se poate modifica?<\/a><\/div>\n<div class=\"accordion-body collapse \" id=\"333149878\">\n<div class=\"accordion-inner\">Termenul de livrare de pe formularul de confirmare este orientativ, \u00een general este de 4-6 s\u0103pt\u0103m\u00e2ni de la data \u00eenregistr\u0103rii \u0219i depinde \u00een primul r\u00e2nd de volumul comenzilor \u0219i disponibilitatea materialelor. Ne d\u0103m toat\u0103 silin\u021ba pentru men\u021binerea termenelor de livrare \u0219i pentru aducerea lor c\u00e2t mai aproape de data comenzii, pentru a putea servi pe to\u021bi cei interesa\u021bi. Modific\u0103rile trebuie f\u0103cute \u00een scris cu aprobarea departamentului servicii clien\u021bi.<\/div>\n<\/div>\n<\/div>\n<div class=\"accordion-group\">\n<div class=\"accordion-heading\"><a class=\"accordion-toggle\" data-toggle=\"collapse\" data-parent=\"#id-1431997214\" href=\"#1545107241\">Am \u00eent\u00e2rziat cu plata avansului, dar produsele trebuie s\u0103 ajung\u0103 in cel mai scurt timp posibil. C\u00e2nd se va face livrarea?<\/a><\/div>\n<div class=\"accordion-body collapse \" id=\"1545107241\">\n<div class=\"accordion-inner\">Solicita\u021bi un nou termen de livrare. Comanda intr\u0103 \u00een produc\u021bie doar dup\u0103 \u00eencasarea avansului.<\/div>\n<\/div>\n<\/div>\n<div class=\"accordion-group\">\n<div class=\"accordion-heading\"><a class=\"accordion-toggle\" data-toggle=\"collapse\" data-parent=\"#id-1431997214\" href=\"#1871364620\">Cum pot pl\u0103ti avansul?<\/a><\/div>\n<div class=\"accordion-body collapse \" id=\"1871364620\">\n<div class=\"accordion-inner\">Prin viramnet bancar sau \u00een limata de 5.000 ron, in numerar.<\/div>\n<\/div>\n<\/div>\n<div class=\"accordion-group\">\n<div class=\"accordion-heading\"><a class=\"accordion-toggle\" data-toggle=\"collapse\" data-parent=\"#id-1431997214\" href=\"#1954278544\">Cum proced\u0103m \u00een cazul \u00een care sunt reclama\u021bii?<\/a><\/div>\n<div class=\"accordion-body  collapse\" id=\"1954278544\" style=\"height: 0px;\">\n<div class=\"accordion-inner\">Cu num\u0103r comand\u0103 sau num\u0103r factur\u0103, descrierea exact\u0103 a defectului \u0219i o poz\u0103.<\/div>\n<\/div>\n<\/div>\n<div class=\"accordion-group\">\n<div class=\"accordion-heading\"><a class=\"accordion-toggle\" data-toggle=\"collapse\" data-parent=\"#id-1431997214\" href=\"#1040780041\">Unde pot vedea produsele dorite?<\/a><\/div>\n<div class=\"accordion-body collapse \" id=\"1040780041\">\n<div class=\"accordion-inner\">V\u0103 trimitem mostre la adresa numit\u0103 sau v\u0103 oferim ca \u0219i referin\u021b\u0103 contact de la cea mai apropiat\u0103 institu\u021bie.<\/div>\n<\/div>\n<\/div>\n<div class=\"accordion-group\">\n<div class=\"accordion-heading\"><a class=\"accordion-toggle\" data-toggle=\"collapse\" data-parent=\"#id-1431997214\" href=\"#1789114175\">Care este modul de asamblare al produselor?<\/a><\/div>\n<div class=\"accordion-body collapse \" id=\"1789114175\">\n<div class=\"accordion-inner\">Diferite tipuri de folii \u0219i carton. Dac\u0103 livrarea se face de noi, r\u0103spundem de integritatea produselor p\u00e2n\u0103 la predarea lor labeneficiar.<\/div>\n<\/div>\n<\/div>\n<div class=\"accordion-group\">\n<div class=\"accordion-heading\"><a class=\"accordion-toggle\" data-toggle=\"collapse\" data-parent=\"#id-1431997214\" href=\"#1993550755\">Mobilierul livrat poate fi c\u0103rat \u00een cl\u0103dire, eventual la etaj, c\u00e2t este costul acestui serviciu?<\/a><\/div>\n<div class=\"accordion-body collapse \" id=\"1993550755\">\n<div class=\"accordion-inner\">Produsele se livreaz\u0103 asamblate, \u00een forma final\u0103, astfel sunt foarte pu\u021bine cazuri \u00een care \u0219oferul este \u00eenso\u021bit la predare. Mobilierul se descarc\u0103 \u00een curtea\/\u00een fa\u021ba imobilului, cu ajutorul Dvs., pentru care v\u0103 mul\u021bumim.<\/div>\n<\/div>\n<\/div>\n<div class=\"accordion-group\">\n<div class=\"accordion-heading\"><a class=\"accordion-toggle\" data-toggle=\"collapse\" data-parent=\"#id-1431997214\" href=\"#208756824\">Pre\u021burile afi\u0219ate sun cu sau f\u0103ra TVA?<\/a><\/div>\n<div class=\"accordion-body collapse \" id=\"208756824\">\n<div class=\"accordion-inner\">Pre\u021burile sun texprimate in ron \u0219i nu con\u021bin TVA sau costul transportului. Se refer\u0103 la produsul de baz\u0103 \u0219i nu con\u021bine suprapre\u021buri. In caz de gre\u0219eal\u0103, ne men\u021binem dreptul de modificare al pre\u021burilor.<\/div>\n<\/div>\n<\/div>\n<\/div>\n","protected":false},"excerpt":{"rendered":"<p>Persoan\u0103 fizic\u0103 sau juridic\u0103? Nu ne putem angaja pentru preluarea comenzilor de c\u00e2te un produs, de aceea nu servim persoane fizice. A\u0219tept\u0103msolicit\u0103rile dvs. \u0219i v\u0103 vom trimite oferta noastr\u0103 de pre\u021b pentru proiectul dvs.! Se pot comanda cantit\u0103\u021bi mici? Nu ne putem angaja pentru preluarea comenzilor de c\u00e2te un produs, de aceea nu servim persoane fizice. A\u0219tept\u0103msolicit\u0103rile dvs. \u0219i v\u0103&nbsp;<a href=\"https:\/\/alexmobilier.ro\/vestiare\/intrebari-frecvente\/\" class=\"read-more\">...<\/a><\/p>\n","protected":false},"author":1,"featured_media":0,"parent":0,"menu_order":0,"comment_status":"closed","ping_status":"closed","template":"page-fullwidth.php","meta":{"footnotes":""},"class_list":["post-1874","page","type-page","status-publish","hentry"],"yoast_head":"<!-- This site is optimized with the Yoast SEO plugin v25.2 - https:\/\/yoast.com\/wordpress\/plugins\/seo\/ -->\n<title>\u00centreb\u0103ri Frecvente - Vestiar<\/title>\n<meta name=\"robots\" content=\"index, follow, max-snippet:-1, max-image-preview:large, max-video-preview:-1\" \/>\n<link rel=\"canonical\" href=\"https:\/\/alexmobilier.ro\/vestiare\/intrebari-frecvente\/\" \/>\n<meta property=\"og:locale\" content=\"en_US\" \/>\n<meta property=\"og:type\" content=\"article\" \/>\n<meta property=\"og:title\" content=\"\u00centreb\u0103ri Frecvente - Vestiar\" \/>\n<meta property=\"og:description\" content=\"Persoan\u0103 fizic\u0103 sau juridic\u0103? Nu ne putem angaja pentru preluarea comenzilor de c\u00e2te un produs, de aceea nu servim persoane fizice. A\u0219tept\u0103msolicit\u0103rile dvs. \u0219i v\u0103 vom trimite oferta noastr\u0103 de pre\u021b pentru proiectul dvs.! Se pot comanda cantit\u0103\u021bi mici? Nu ne putem angaja pentru preluarea comenzilor de c\u00e2te un produs, de aceea nu servim persoane fizice. A\u0219tept\u0103msolicit\u0103rile dvs. \u0219i v\u0103&nbsp;...\" \/>\n<meta property=\"og:url\" content=\"https:\/\/alexmobilier.ro\/vestiare\/intrebari-frecvente\/\" \/>\n<meta property=\"og:site_name\" content=\"Vestiar\" \/>\n<meta name=\"twitter:card\" content=\"summary_large_image\" \/>\n<meta name=\"twitter:label1\" content=\"Est. reading time\" \/>\n\t<meta name=\"twitter:data1\" content=\"3 minutes\" \/>\n<script type=\"application\/ld+json\" class=\"yoast-schema-graph\">{\"@context\":\"https:\/\/schema.org\",\"@graph\":[{\"@type\":\"WebPage\",\"@id\":\"https:\/\/alexmobilier.ro\/vestiare\/intrebari-frecvente\/\",\"url\":\"https:\/\/alexmobilier.ro\/vestiare\/intrebari-frecvente\/\",\"name\":\"\u00centreb\u0103ri Frecvente - Vestiar\",\"isPartOf\":{\"@id\":\"https:\/\/alexmobilier.ro\/vestiare\/#website\"},\"datePublished\":\"2016-06-30T15:54:15+00:00\",\"breadcrumb\":{\"@id\":\"https:\/\/alexmobilier.ro\/vestiare\/intrebari-frecvente\/#breadcrumb\"},\"inLanguage\":\"en-US\",\"potentialAction\":[{\"@type\":\"ReadAction\",\"target\":[\"https:\/\/alexmobilier.ro\/vestiare\/intrebari-frecvente\/\"]}]},{\"@type\":\"BreadcrumbList\",\"@id\":\"https:\/\/alexmobilier.ro\/vestiare\/intrebari-frecvente\/#breadcrumb\",\"itemListElement\":[{\"@type\":\"ListItem\",\"position\":1,\"name\":\"Home\",\"item\":\"https:\/\/alexmobilier.ro\/vestiare\/\"},{\"@type\":\"ListItem\",\"position\":2,\"name\":\"\u00centreb\u0103ri Frecvente\"}]},{\"@type\":\"WebSite\",\"@id\":\"https:\/\/alexmobilier.ro\/vestiare\/#website\",\"url\":\"https:\/\/alexmobilier.ro\/vestiare\/\",\"name\":\"Vestiar\",\"description\":\"ALEX MOBILIER MACS\",\"potentialAction\":[{\"@type\":\"SearchAction\",\"target\":{\"@type\":\"EntryPoint\",\"urlTemplate\":\"https:\/\/alexmobilier.ro\/vestiare\/?s={search_term_string}\"},\"query-input\":{\"@type\":\"PropertyValueSpecification\",\"valueRequired\":true,\"valueName\":\"search_term_string\"}}],\"inLanguage\":\"en-US\"}]}<\/script>\n<!-- \/ Yoast SEO plugin. -->","yoast_head_json":{"title":"\u00centreb\u0103ri Frecvente - Vestiar","robots":{"index":"index","follow":"follow","max-snippet":"max-snippet:-1","max-image-preview":"max-image-preview:large","max-video-preview":"max-video-preview:-1"},"canonical":"https:\/\/alexmobilier.ro\/vestiare\/intrebari-frecvente\/","og_locale":"en_US","og_type":"article","og_title":"\u00centreb\u0103ri Frecvente - Vestiar","og_description":"Persoan\u0103 fizic\u0103 sau juridic\u0103? Nu ne putem angaja pentru preluarea comenzilor de c\u00e2te un produs, de aceea nu servim persoane fizice. A\u0219tept\u0103msolicit\u0103rile dvs. \u0219i v\u0103 vom trimite oferta noastr\u0103 de pre\u021b pentru proiectul dvs.! Se pot comanda cantit\u0103\u021bi mici? Nu ne putem angaja pentru preluarea comenzilor de c\u00e2te un produs, de aceea nu servim persoane fizice. A\u0219tept\u0103msolicit\u0103rile dvs. \u0219i v\u0103&nbsp;...","og_url":"https:\/\/alexmobilier.ro\/vestiare\/intrebari-frecvente\/","og_site_name":"Vestiar","twitter_card":"summary_large_image","twitter_misc":{"Est. reading time":"3 minutes"},"schema":{"@context":"https:\/\/schema.org","@graph":[{"@type":"WebPage","@id":"https:\/\/alexmobilier.ro\/vestiare\/intrebari-frecvente\/","url":"https:\/\/alexmobilier.ro\/vestiare\/intrebari-frecvente\/","name":"\u00centreb\u0103ri Frecvente - Vestiar","isPartOf":{"@id":"https:\/\/alexmobilier.ro\/vestiare\/#website"},"datePublished":"2016-06-30T15:54:15+00:00","breadcrumb":{"@id":"https:\/\/alexmobilier.ro\/vestiare\/intrebari-frecvente\/#breadcrumb"},"inLanguage":"en-US","potentialAction":[{"@type":"ReadAction","target":["https:\/\/alexmobilier.ro\/vestiare\/intrebari-frecvente\/"]}]},{"@type":"BreadcrumbList","@id":"https:\/\/alexmobilier.ro\/vestiare\/intrebari-frecvente\/#breadcrumb","itemListElement":[{"@type":"ListItem","position":1,"name":"Home","item":"https:\/\/alexmobilier.ro\/vestiare\/"},{"@type":"ListItem","position":2,"name":"\u00centreb\u0103ri Frecvente"}]},{"@type":"WebSite","@id":"https:\/\/alexmobilier.ro\/vestiare\/#website","url":"https:\/\/alexmobilier.ro\/vestiare\/","name":"Vestiar","description":"ALEX MOBILIER MACS","potentialAction":[{"@type":"SearchAction","target":{"@type":"EntryPoint","urlTemplate":"https:\/\/alexmobilier.ro\/vestiare\/?s={search_term_string}"},"query-input":{"@type":"PropertyValueSpecification","valueRequired":true,"valueName":"search_term_string"}}],"inLanguage":"en-US"}]}},"_links":{"self":[{"href":"https:\/\/alexmobilier.ro\/vestiare\/wp-json\/wp\/v2\/pages\/1874","targetHints":{"allow":["GET"]}}],"collection":[{"href":"https:\/\/alexmobilier.ro\/vestiare\/wp-json\/wp\/v2\/pages"}],"about":[{"href":"https:\/\/alexmobilier.ro\/vestiare\/wp-json\/wp\/v2\/types\/page"}],"author":[{"embeddable":true,"href":"https:\/\/alexmobilier.ro\/vestiare\/wp-json\/wp\/v2\/users\/1"}],"replies":[{"embeddable":true,"href":"https:\/\/alexmobilier.ro\/vestiare\/wp-json\/wp\/v2\/comments?post=1874"}],"version-history":[{"count":0,"href":"https:\/\/alexmobilier.ro\/vestiare\/wp-json\/wp\/v2\/pages\/1874\/revisions"}],"wp:attachment":[{"href":"https:\/\/alexmobilier.ro\/vestiare\/wp-json\/wp\/v2\/media?parent=1874"}],"curies":[{"name":"wp","href":"https:\/\/api.w.org\/{rel}","templated":true}]}}