{"id":14,"date":"2016-06-08T07:57:17","date_gmt":"2016-06-08T07:57:17","guid":{"rendered":"http:\/\/szallodabutor.hu\/?page_id=7"},"modified":"2025-11-21T09:59:22","modified_gmt":"2025-11-21T09:59:22","slug":"fooldal","status":"publish","type":"page","link":"https:\/\/alexmobilier.ro\/vestiare\/","title":{"rendered":"F\u0151oldal"},"content":{"rendered":"<div class=\"row \"><div class=\"extra-wrap block_1\"><div class=\"span12 \"><section class=\"lazy-load-box trigger effect-fade \" data-delay=\"200\" data-speed=\"1200\" style=\"-webkit-transition: all 1200ms ease; -moz-transition: all 1200ms ease; -ms-transition: all 1200ms ease; -o-transition: all 1200ms ease; transition: all 1200ms ease;\">\n<h2>NOUT\u0102\u021aI<\/h2>\n<\/section><\/div>\n\n<\/div><\/div><!-- .row (end) --><script type=\"text\/javascript\">\r\n          jQuery(function() {\r\n              jQuery(\"#fixedparallax_69f5fb9a63d7c\").cherryFixedParallax({\r\n                offset: true,\r\n                bgfixed: true,\r\n                invert: true\r\n              });\r\n          });\r\n    <\/script><section id=\"fixedparallax_69f5fb9a63d7c\" class=\"fixed_parallax_section cherry_fixed_parallax1\" data-source-url=\"https:\/\/alexmobilier.ro\/vestiare\/wp-content\/uploads\/2020\/03\/parallax_pic1.jpg\" data-source-width=\"1920\" data-source-height=\"1518\"><div class=\"container parallax_content\"><div class=\"row \">\n<div id=\"populare\"><\/div>\n<div class=\"span12 \"><section class=\"lazy-load-box trigger effect-slideup \" data-delay=\"200\" data-speed=\"900\" style=\"-webkit-transition: all 900ms ease; -moz-transition: all 900ms ease; -ms-transition: all 900ms ease; -o-transition: all 900ms ease; transition: all 900ms ease;\">\n<h2>CELE MAI CUMP\u0102RATE<\/h2>\n<\/section><\/div><section class=\"lazy-load-box trigger effect-zoomout \" data-delay=\"200\" data-speed=\"900\" style=\"-webkit-transition: all 900ms ease; -moz-transition: all 900ms ease; -ms-transition: all 900ms ease; -o-transition: all 900ms ease; transition: all 900ms ease;\">\n\r\n<div class=\"span4 top-termek-a\">\r\n\t<ul class=\"alex-fooldal-top-termek\">\r\n\t\t<li class=\"portfolio_item isotope-item\">\r\n\t\t\t<div class=\"portfolio_item_holder\">\r\n\t\t\t\t<figure class=\"thumbnail thumbnail__portfolio\">\r\n\t\t\t\t\t<a href=\"https:\/\/alexmobilier.ro\/vestiare\/produse\/dulap-vestiar\/dulap-metalic-vestiar\/dulap-metalic-vestiar-usa-scurta\/5165so-300-4-8-metilla-metalicusa-scurta8-persoane\/\" class=\"image-wrap\" title=\"Dulap metalic 8 persoane\" >\r\n\t\t\t\t\t\t<img decoding=\"async\" src=\"https:\/\/alexmobilier.ro\/vestiare\/wp-content\/uploads\/2025\/11\/Untitled-1.png\" alt=\"Dulap metalic 8 persoane\">\r\n\t\t\t\t\t<\/a>\r\n\t\t\t\t<\/figure>\r\n\t\t\t\t<div class=\"caption caption__portfolio\">\r\n\t\t\t\t\t<h3><a href=\"https:\/\/alexmobilier.ro\/vestiare\/produse\/dulap-vestiar\/dulap-metalic-vestiar\/dulap-metalic-vestiar-usa-scurta\/5165so-300-4-8-metilla-metalicusa-scurta8-persoane\/\" >Dulap metalic 8 persoane<\/a><\/h3>\r\n\t\t\t\t<\/div>\r\n\t\t\t<\/div>\r\n\t\t<\/li>\r\n\t<\/ul>\r\n\t<div class=\"spacer\"><\/div>\r\n<\/div>\r\n<div class=\"span4 top-termek-b\">\r\n\t<ul class=\"alex-fooldal-top-termek\">\r\n\t\t<li class=\"portfolio_item isotope-item\">\r\n\t\t\t<div class=\"portfolio_item_holder\">\r\n\t\t\t\t<figure class=\"thumbnail thumbnail__portfolio\">\r\n\t\t\t\t\t<a href=\"https:\/\/alexmobilier.ro\/vestiare\/produse\/dulap-vestiar\/dulap-metalic-vestiar\/dulap-metalic-vestiar-usa-scurta\/5165so-300-3-6-metilla-metalicusa-scurta6-persoane\/\" class=\"image-wrap\" title=\"Dulap metalic 6 persoane\" >\r\n\t\t\t\t\t\t<img decoding=\"async\" src=\"https:\/\/alexmobilier.ro\/vestiare\/wp-content\/uploads\/2025\/11\/Untitled-2.png\" alt=\"Dulap metalic 6 persoane\">\r\n\t\t\t\t\t<\/a>\r\n\t\t\t\t<\/figure>\r\n\t\t\t\t<div class=\"caption caption__portfolio\">\r\n\t\t\t\t\t<h3><a href=\"https:\/\/alexmobilier.ro\/vestiare\/produse\/dulap-vestiar\/dulap-metalic-vestiar\/dulap-metalic-vestiar-usa-scurta\/5165so-300-3-6-metilla-metalicusa-scurta6-persoane\/\" >Dulap metalic 6 persoane<\/a><\/h3>\r\n\t\t\t\t<\/div>\r\n\t\t\t<\/div>\r\n\t\t<\/li>\r\n\t<\/ul>\r\n\t<div class=\"spacer\"><\/div>\r\n<\/div>\r\n<div class=\"span4 top-termek-c\">\r\n\t<ul class=\"alex-fooldal-top-termek\">\r\n\t\t<li class=\"portfolio_item isotope-item\">\r\n\t\t\t<div class=\"portfolio_item_holder\">\r\n\t\t\t\t<figure class=\"thumbnail thumbnail__portfolio\">\r\n\t\t\t\t\t<a href=\"https:\/\/alexmobilier.ro\/vestiare\/produse\/dulap-vestiar\/dulap-metalic-vestiar\/dulap-metalic-vestiar-usa-scurta\/5165so-300-2-4-metilla-metalic-usa-scurta-4-persoane\/\" class=\"image-wrap\" title=\"Dulap metalic 4 persoane\" >\r\n\t\t\t\t\t\t<img decoding=\"async\" src=\"https:\/\/alexmobilier.ro\/vestiare\/wp-content\/uploads\/2025\/11\/Untitled-3.png\" alt=\"Dulap metalic 4 persoane\">\r\n\t\t\t\t\t<\/a>\r\n\t\t\t\t<\/figure>\r\n\t\t\t\t<div class=\"caption caption__portfolio\">\r\n\t\t\t\t\t<h3><a href=\"https:\/\/alexmobilier.ro\/vestiare\/produse\/dulap-vestiar\/dulap-metalic-vestiar\/dulap-metalic-vestiar-usa-scurta\/5165so-300-2-4-metilla-metalic-usa-scurta-4-persoane\/\" >Dulap metalic 4 persoane<\/a><\/h3>\r\n\t\t\t\t<\/div>\r\n\t\t\t<\/div>\r\n\t\t<\/li>\r\n\t<\/ul>\r\n\t<div class=\"spacer\"><\/div>\r\n<\/div>\r\n<div class=\"span4 top-termek-d\">\r\n\t<ul class=\"alex-fooldal-top-termek\">\r\n\t\t<li class=\"portfolio_item isotope-item\">\r\n\t\t\t<div class=\"portfolio_item_holder\">\r\n\t\t\t\t<figure class=\"thumbnail thumbnail__portfolio\">\r\n\t\t\t\t\t<a href=\"https:\/\/alexmobilier.ro\/vestiare\/produse\/dulap-vestiar\/dulap-vestiar-din-pal-melaminat\/dulap-vestiar-usa-z\/otb-01-120-06-zl-dulap-vestiar-z-fitt-usi-z-pentru-sase-persoane\/\" class=\"image-wrap\" title=\"DULAP VESTIAR Z 6 persoane\" >\r\n\t\t\t\t\t\t<img decoding=\"async\" src=\"https:\/\/alexmobilier.ro\/vestiare\/wp-content\/uploads\/2023\/03\/04-Z-Fitt30_6_szemelyes.jpg\" alt=\"DULAP VESTIAR Z 6 persoane\">\r\n\t\t\t\t\t<\/a>\r\n\t\t\t\t<\/figure>\r\n\t\t\t\t<div class=\"caption caption__portfolio\">\r\n\t\t\t\t\t<h3><a href=\"https:\/\/alexmobilier.ro\/vestiare\/produse\/dulap-vestiar\/dulap-vestiar-din-pal-melaminat\/dulap-vestiar-usa-z\/otb-01-120-06-zl-dulap-vestiar-z-fitt-usi-z-pentru-sase-persoane\/\" >DULAP VESTIAR Z 6 persoane<\/a><\/h3>\r\n\t\t\t\t<\/div>\r\n\t\t\t<\/div>\r\n\t\t<\/li>\r\n\t<\/ul>\r\n\t<div class=\"spacer\"><\/div>\r\n<\/div>\r\n<div class=\"span4 top-termek-e\">\r\n\t<ul class=\"alex-fooldal-top-termek\">\r\n\t\t<li class=\"portfolio_item isotope-item\">\r\n\t\t\t<div class=\"portfolio_item_holder\">\r\n\t\t\t\t<figure class=\"thumbnail thumbnail__portfolio\">\r\n\t\t\t\t\t<a href=\"https:\/\/alexmobilier.ro\/vestiare\/produse\/dulap-vestiar\/dulap-vestiar-din-pal-melaminat\/dulap-vestiar-usa-lunga\/otb-01-040-01-l-dulap-vestiar-fitt-40-usa-lunga-de-o-persoana\/\" class=\"image-wrap\" title=\"DULAP VESTIAR FITT40\" >\r\n\t\t\t\t\t\t<img decoding=\"async\" src=\"https:\/\/alexmobilier.ro\/vestiare\/wp-content\/uploads\/2023\/03\/05-Fitt40_1_szemelyes_hosszuajtos.jpg\" alt=\"DULAP VESTIAR FITT40\">\r\n\t\t\t\t\t<\/a>\r\n\t\t\t\t<\/figure>\r\n\t\t\t\t<div class=\"caption caption__portfolio\">\r\n\t\t\t\t\t<h3><a href=\"https:\/\/alexmobilier.ro\/vestiare\/produse\/dulap-vestiar\/dulap-vestiar-din-pal-melaminat\/dulap-vestiar-usa-lunga\/otb-01-040-01-l-dulap-vestiar-fitt-40-usa-lunga-de-o-persoana\/\" >DULAP VESTIAR FITT40<\/a><\/h3>\r\n\t\t\t\t<\/div>\r\n\t\t\t<\/div>\r\n\t\t<\/li>\r\n\t<\/ul>\r\n\t<div class=\"spacer\"><\/div>\r\n<\/div>\r\n<div class=\"span4 top-termek-f\">\r\n\t<ul class=\"alex-fooldal-top-termek\">\r\n\t\t<li class=\"portfolio_item isotope-item\">\r\n\t\t\t<div class=\"portfolio_item_holder\">\r\n\t\t\t\t<figure class=\"thumbnail thumbnail__portfolio\">\r\n\t\t\t\t\t<a href=\"https:\/\/alexmobilier.ro\/vestiare\/produse\/dulap-vestiar\/dulap-vestiar-din-pal-melaminat\/dulap-vestiar-usa-lunga\/otb-01-030-01-l-dulap-vestiar-fitt-30-usa-lunga-de-o-persoana\/\" class=\"image-wrap\" title=\"DULAP VESTIAR FITT30\" >\r\n\t\t\t\t\t\t<img decoding=\"async\" src=\"https:\/\/alexmobilier.ro\/vestiare\/wp-content\/uploads\/2023\/03\/06-Fitt30_2_szemelyes_hosszuajtos.jpg\" alt=\"DULAP VESTIAR FITT30\">\r\n\t\t\t\t\t<\/a>\r\n\t\t\t\t<\/figure>\r\n\t\t\t\t<div class=\"caption caption__portfolio\">\r\n\t\t\t\t\t<h3><a href=\"https:\/\/alexmobilier.ro\/vestiare\/produse\/dulap-vestiar\/dulap-vestiar-din-pal-melaminat\/dulap-vestiar-usa-lunga\/otb-01-030-01-l-dulap-vestiar-fitt-30-usa-lunga-de-o-persoana\/\" >DULAP VESTIAR FITT30<\/a><\/h3>\r\n\t\t\t\t<\/div>\r\n\t\t\t<\/div>\r\n\t\t<\/li>\r\n\t<\/ul>\r\n\t<div class=\"spacer\"><\/div>\r\n<\/div>\n<\/section>\n<div class=\"spacer\"><\/div><!-- .spacer (end) --><div class=\"span12 \"><div class=\"spacer\"><\/div><!-- .spacer (end) --><section class=\"lazy-load-box trigger effect-slideup \" data-delay=\"200\" data-speed=\"900\" style=\"-webkit-transition: all 900ms ease; -moz-transition: all 900ms ease; -ms-transition: all 900ms ease; -o-transition: all 900ms ease; transition: all 900ms ease;\"><div class=\"spacer\"><\/div><!-- .spacer (end) -->\n<h2>ALTE LINII DE PRODUSE<\/h2>\n<\/section><\/div><div class=\"span12 \"><section class=\"lazy-load-box trigger effect-zoomout \" data-delay=\"200\" data-speed=\"900\" style=\"-webkit-transition: all 900ms ease; -moz-transition: all 900ms ease; -ms-transition: all 900ms ease; -o-transition: all 900ms ease; transition: all 900ms ease;\">\n<section class=\"lazy-load-box effect-zoomout\">\n<ul class=\"posts-grid row-fluid unstyled block_2 ul-item-0\">\n\r\n\t<li class=\"span4 list-item\">\r\n\t\t<figure class=\"featured-thumbnail thumbnail\">\r\n\t\t\t<img decoding=\"async\" src=\"https:\/\/alexmobilier.ro\/vestiare\/wp-content\/uploads\/2021\/08\/01_Iskola.jpg\"\">\r\n\t\t<\/figure>\r\n\t\t<div class=\"clear\"><\/div>\r\n\t\t<a href=\"https:\/\/alexmobilier.ro\/scolar\/\" target=\"_blank\">\r\n\t\t\t<div class=\"desc\">\r\n\t\t\t\t<h6><strong>MOBILIER \u015eCOLAR<\/strong><span><\/span><\/h6>\r\n\t\t\t\t<span class=\"btn btn-primary\">Mai departe<\/span>\r\n\t\t\t<\/div>\r\n\t\t<\/a>\r\n\t<\/li>\r\n\t\n\r\n\t<li class=\"span4 list-item\">\r\n\t\t<figure class=\"featured-thumbnail thumbnail\">\r\n\t\t\t<img decoding=\"async\" src=\"https:\/\/alexmobilier.ro\/scolar\/wp-content\/uploads\/2018\/08\/03_Utca.jpg\"\">\r\n\t\t<\/figure>\r\n\t\t<div class=\"clear\"><\/div>\r\n\t\t<a href=\"https:\/\/alexmobilier.ro\/contact\/\" target=\"_blank\">\r\n\t\t\t<div class=\"desc\">\r\n\t\t\t\t<h6><strong>MOBILIER URBAN<\/strong><span>Mobilier ornamental pentru amenaj\u0103ri de parcuri, gr\u0103dini \u0219i modernizare urbanistic\u0103.<\/span><\/h6>\r\n\t\t\t\t<span class=\"btn btn-primary\">Mai departe<\/span>\r\n\t\t\t<\/div>\r\n\t\t<\/a>\r\n\t<\/li>\r\n\t\n\r\n\t<li class=\"span4 list-item\">\r\n\t\t<figure class=\"featured-thumbnail thumbnail\">\r\n\t\t\t<img decoding=\"async\" src=\"https:\/\/alexmobilier.ro\/scolar\/wp-content\/uploads\/2018\/08\/02_Oltozo.jpg\"\">\r\n\t\t<\/figure>\r\n\t\t<div class=\"clear\"><\/div>\r\n\t\t<a href=\"https:\/\/alexmobilier.ro\/gradinita\/\" target=\"_blank\">\r\n\t\t\t<div class=\"desc\">\r\n\t\t\t\t<h6><strong>MOBILIER GR\u0102DINI\u0162E<\/strong><span>Alege\u021bi dintre produsele noastre de calitate concepute pentru amenajarea vestiarelor!<\/span><\/h6>\r\n\t\t\t\t<span class=\"btn btn-primary\">Mai departe<\/span>\r\n\t\t\t<\/div>\r\n\t\t<\/a>\r\n\t<\/li>\r\n\t\n<\/ul>\n<ul class=\"posts-grid row-fluid unstyled block_2 ul-item-1\"><\/ul>\n<\/section>\n<\/section><\/div><\/div><!-- .row (end) --><\/div><\/section>\n","protected":false},"excerpt":{"rendered":"","protected":false},"author":1,"featured_media":55159,"parent":0,"menu_order":0,"comment_status":"closed","ping_status":"closed","template":"page-home.php","meta":{"footnotes":""},"class_list":["post-14","page","type-page","status-publish","has-post-thumbnail","hentry"],"yoast_head":"<!-- This site is optimized with the Yoast SEO plugin v25.2 - https:\/\/yoast.com\/wordpress\/plugins\/seo\/ -->\n<title>F\u0151oldal - Vestiar<\/title>\n<meta name=\"description\" content=\"\u00d6lt\u00f6z\u0151b\u00fatort gy\u00e1rtunk \u00e9s forgalmazunk t\u00f6bb mint 25 \u00e9ve megb\u00edzhat\u00f3an. Er\u0151ss\u00e9g\u00fcnk a komplett megold\u00e1sok kivitelez\u00e9se sport, ipari \u00e9s oktat\u00e1si int\u00e9zm\u00e9nyek sz\u00e1m\u00e1ra.\" \/>\n<meta name=\"robots\" content=\"index, follow, max-snippet:-1, max-image-preview:large, max-video-preview:-1\" \/>\n<link rel=\"canonical\" href=\"https:\/\/alexmobilier.ro\/vestiare\/\" \/>\n<meta property=\"og:locale\" content=\"en_US\" \/>\n<meta property=\"og:type\" content=\"article\" \/>\n<meta property=\"og:title\" content=\"F\u0151oldal - Vestiar\" \/>\n<meta property=\"og:description\" content=\"\u00d6lt\u00f6z\u0151b\u00fatort gy\u00e1rtunk \u00e9s forgalmazunk t\u00f6bb mint 25 \u00e9ve megb\u00edzhat\u00f3an. Er\u0151ss\u00e9g\u00fcnk a komplett megold\u00e1sok kivitelez\u00e9se sport, ipari \u00e9s oktat\u00e1si int\u00e9zm\u00e9nyek sz\u00e1m\u00e1ra.\" \/>\n<meta property=\"og:url\" content=\"https:\/\/alexmobilier.ro\/vestiare\/\" \/>\n<meta property=\"og:site_name\" content=\"Vestiar\" \/>\n<meta property=\"article:modified_time\" content=\"2025-11-21T09:59:22+00:00\" \/>\n<meta name=\"twitter:card\" content=\"summary_large_image\" \/>\n<meta name=\"twitter:label1\" content=\"Est. reading time\" \/>\n\t<meta name=\"twitter:data1\" content=\"1 minute\" \/>\n<script type=\"application\/ld+json\" class=\"yoast-schema-graph\">{\"@context\":\"https:\/\/schema.org\",\"@graph\":[{\"@type\":\"WebPage\",\"@id\":\"https:\/\/alexmobilier.ro\/vestiare\/\",\"url\":\"https:\/\/alexmobilier.ro\/vestiare\/\",\"name\":\"F\u0151oldal - Vestiar\",\"isPartOf\":{\"@id\":\"https:\/\/alexmobilier.ro\/vestiare\/#website\"},\"primaryImageOfPage\":{\"@id\":\"https:\/\/alexmobilier.ro\/vestiare\/#primaryimage\"},\"image\":{\"@id\":\"https:\/\/alexmobilier.ro\/vestiare\/#primaryimage\"},\"thumbnailUrl\":\"\",\"datePublished\":\"2016-06-08T07:57:17+00:00\",\"dateModified\":\"2025-11-21T09:59:22+00:00\",\"description\":\"\u00d6lt\u00f6z\u0151b\u00fatort gy\u00e1rtunk \u00e9s forgalmazunk t\u00f6bb mint 25 \u00e9ve megb\u00edzhat\u00f3an. Er\u0151ss\u00e9g\u00fcnk a komplett megold\u00e1sok kivitelez\u00e9se sport, ipari \u00e9s oktat\u00e1si int\u00e9zm\u00e9nyek sz\u00e1m\u00e1ra.\",\"breadcrumb\":{\"@id\":\"https:\/\/alexmobilier.ro\/vestiare\/#breadcrumb\"},\"inLanguage\":\"en-US\",\"potentialAction\":[{\"@type\":\"ReadAction\",\"target\":[\"https:\/\/alexmobilier.ro\/vestiare\/\"]}]},{\"@type\":\"ImageObject\",\"inLanguage\":\"en-US\",\"@id\":\"https:\/\/alexmobilier.ro\/vestiare\/#primaryimage\",\"url\":\"\",\"contentUrl\":\"\"},{\"@type\":\"BreadcrumbList\",\"@id\":\"https:\/\/alexmobilier.ro\/vestiare\/#breadcrumb\",\"itemListElement\":[{\"@type\":\"ListItem\",\"position\":1,\"name\":\"Home\",\"item\":\"https:\/\/alexmobilier.ro\/vestiare\/\"},{\"@type\":\"ListItem\",\"position\":2,\"name\":\"F\u0151oldal\"}]},{\"@type\":\"WebSite\",\"@id\":\"https:\/\/alexmobilier.ro\/vestiare\/#website\",\"url\":\"https:\/\/alexmobilier.ro\/vestiare\/\",\"name\":\"Vestiar\",\"description\":\"ALEX MOBILIER MACS\",\"potentialAction\":[{\"@type\":\"SearchAction\",\"target\":{\"@type\":\"EntryPoint\",\"urlTemplate\":\"https:\/\/alexmobilier.ro\/vestiare\/?s={search_term_string}\"},\"query-input\":{\"@type\":\"PropertyValueSpecification\",\"valueRequired\":true,\"valueName\":\"search_term_string\"}}],\"inLanguage\":\"en-US\"}]}<\/script>\n<!-- \/ Yoast SEO plugin. -->","yoast_head_json":{"title":"F\u0151oldal - Vestiar","description":"\u00d6lt\u00f6z\u0151b\u00fatort gy\u00e1rtunk \u00e9s forgalmazunk t\u00f6bb mint 25 \u00e9ve megb\u00edzhat\u00f3an. Er\u0151ss\u00e9g\u00fcnk a komplett megold\u00e1sok kivitelez\u00e9se sport, ipari \u00e9s oktat\u00e1si int\u00e9zm\u00e9nyek sz\u00e1m\u00e1ra.","robots":{"index":"index","follow":"follow","max-snippet":"max-snippet:-1","max-image-preview":"max-image-preview:large","max-video-preview":"max-video-preview:-1"},"canonical":"https:\/\/alexmobilier.ro\/vestiare\/","og_locale":"en_US","og_type":"article","og_title":"F\u0151oldal - Vestiar","og_description":"\u00d6lt\u00f6z\u0151b\u00fatort gy\u00e1rtunk \u00e9s forgalmazunk t\u00f6bb mint 25 \u00e9ve megb\u00edzhat\u00f3an. Er\u0151ss\u00e9g\u00fcnk a komplett megold\u00e1sok kivitelez\u00e9se sport, ipari \u00e9s oktat\u00e1si int\u00e9zm\u00e9nyek sz\u00e1m\u00e1ra.","og_url":"https:\/\/alexmobilier.ro\/vestiare\/","og_site_name":"Vestiar","article_modified_time":"2025-11-21T09:59:22+00:00","twitter_card":"summary_large_image","twitter_misc":{"Est. reading time":"1 minute"},"schema":{"@context":"https:\/\/schema.org","@graph":[{"@type":"WebPage","@id":"https:\/\/alexmobilier.ro\/vestiare\/","url":"https:\/\/alexmobilier.ro\/vestiare\/","name":"F\u0151oldal - Vestiar","isPartOf":{"@id":"https:\/\/alexmobilier.ro\/vestiare\/#website"},"primaryImageOfPage":{"@id":"https:\/\/alexmobilier.ro\/vestiare\/#primaryimage"},"image":{"@id":"https:\/\/alexmobilier.ro\/vestiare\/#primaryimage"},"thumbnailUrl":"","datePublished":"2016-06-08T07:57:17+00:00","dateModified":"2025-11-21T09:59:22+00:00","description":"\u00d6lt\u00f6z\u0151b\u00fatort gy\u00e1rtunk \u00e9s forgalmazunk t\u00f6bb mint 25 \u00e9ve megb\u00edzhat\u00f3an. Er\u0151ss\u00e9g\u00fcnk a komplett megold\u00e1sok kivitelez\u00e9se sport, ipari \u00e9s oktat\u00e1si int\u00e9zm\u00e9nyek sz\u00e1m\u00e1ra.","breadcrumb":{"@id":"https:\/\/alexmobilier.ro\/vestiare\/#breadcrumb"},"inLanguage":"en-US","potentialAction":[{"@type":"ReadAction","target":["https:\/\/alexmobilier.ro\/vestiare\/"]}]},{"@type":"ImageObject","inLanguage":"en-US","@id":"https:\/\/alexmobilier.ro\/vestiare\/#primaryimage","url":"","contentUrl":""},{"@type":"BreadcrumbList","@id":"https:\/\/alexmobilier.ro\/vestiare\/#breadcrumb","itemListElement":[{"@type":"ListItem","position":1,"name":"Home","item":"https:\/\/alexmobilier.ro\/vestiare\/"},{"@type":"ListItem","position":2,"name":"F\u0151oldal"}]},{"@type":"WebSite","@id":"https:\/\/alexmobilier.ro\/vestiare\/#website","url":"https:\/\/alexmobilier.ro\/vestiare\/","name":"Vestiar","description":"ALEX MOBILIER MACS","potentialAction":[{"@type":"SearchAction","target":{"@type":"EntryPoint","urlTemplate":"https:\/\/alexmobilier.ro\/vestiare\/?s={search_term_string}"},"query-input":{"@type":"PropertyValueSpecification","valueRequired":true,"valueName":"search_term_string"}}],"inLanguage":"en-US"}]}},"_links":{"self":[{"href":"https:\/\/alexmobilier.ro\/vestiare\/wp-json\/wp\/v2\/pages\/14","targetHints":{"allow":["GET"]}}],"collection":[{"href":"https:\/\/alexmobilier.ro\/vestiare\/wp-json\/wp\/v2\/pages"}],"about":[{"href":"https:\/\/alexmobilier.ro\/vestiare\/wp-json\/wp\/v2\/types\/page"}],"author":[{"embeddable":true,"href":"https:\/\/alexmobilier.ro\/vestiare\/wp-json\/wp\/v2\/users\/1"}],"replies":[{"embeddable":true,"href":"https:\/\/alexmobilier.ro\/vestiare\/wp-json\/wp\/v2\/comments?post=14"}],"version-history":[{"count":19,"href":"https:\/\/alexmobilier.ro\/vestiare\/wp-json\/wp\/v2\/pages\/14\/revisions"}],"predecessor-version":[{"id":109163,"href":"https:\/\/alexmobilier.ro\/vestiare\/wp-json\/wp\/v2\/pages\/14\/revisions\/109163"}],"wp:featuredmedia":[{"embeddable":true,"href":"https:\/\/alexmobilier.ro\/vestiare\/wp-json\/"}],"wp:attachment":[{"href":"https:\/\/alexmobilier.ro\/vestiare\/wp-json\/wp\/v2\/media?parent=14"}],"curies":[{"name":"wp","href":"https:\/\/api.w.org\/{rel}","templated":true}]}}