{"id":8,"date":"2016-06-08T07:57:17","date_gmt":"2016-06-08T07:57:17","guid":{"rendered":"http:\/\/szallodabutor.hu\/?page_id=7"},"modified":"2024-11-16T07:11:36","modified_gmt":"2024-11-16T07:11:36","slug":"fooldal","status":"publish","type":"page","link":"https:\/\/alexmobilier.ro\/scolar\/","title":{"rendered":"F\u0151oldal"},"content":{"rendered":"<div class=\"row \"><div class=\"extra-wrap block_1\"><div class=\"span6 \"><section class=\"lazy-load-box trigger effect-slidefromleft \" data-delay=\"200\" data-speed=\"900\" style=\"-webkit-transition: all 900ms ease; -moz-transition: all 900ms ease; -ms-transition: all 900ms ease; -o-transition: all 900ms ease; transition: all 900ms ease;\">\n<h2>NOUT\u0102\u021aI<\/h2>\n<h3>Viitorul educa\u021biei \u00een \u00eenv\u0103\u021b\u0103m\u00e2nt<\/h3>\n<p>Scopul nostru este de a ajuta to\u021bi participan\u021bii din \u00eenv\u0103\u021b\u0103m\u00e2nt cu cele mai bune echipamente \u0219i cel mai bun mobilier posibil pentru a putea profita la maxim de munca investit\u0103. \u00cen cadrul procesului didactic, pentru ca elevul s\u0103 poat\u0103 \u00eenv\u0103\u021ba motivat \u0219i cu suficient\u0103 concentrare -indiferent de v\u00e2rst\u0103- pe l\u00e2ng\u0103 metodologia educa\u021bional\u0103 \u0219i curriculum, la fel de importante sunt \u0219i echipamentele folosite \u0219i sala de clas\u0103. A\u0219adar, ca s\u0103 pute\u021bi alege cea mai eficient\u0103 solu\u021bie pentru orice idee de amenajare am adunat o gam\u0103 larg\u0103 de mobilier din cele mai diverse modele.<\/p>\n<a href=\"https:\/\/alexmobilier.ro\/scolar\/pnrr\/\" title=\"MAI DEPARTE\" class=\"btn btn-primary btn-normal btn-inline \" target=\"_self\">MAI DEPARTE<\/a><!-- .btn --><\/section><\/div><div class=\"span6 \"><section class=\"lazy-load-box trigger effect-slidefromright \" data-delay=\"200\" data-speed=\"900\" style=\"-webkit-transition: all 900ms ease; -moz-transition: all 900ms ease; -ms-transition: all 900ms ease; -o-transition: all 900ms ease; transition: all 900ms ease;\"><img fetchpriority=\"high\" decoding=\"async\" src=\"https:\/\/alexmobilier.ro\/scolar\/wp-content\/uploads\/2023\/02\/image001.jpg\" alt=\"\" width=\"800\" height=\"560\" class=\"alignnone size-full wp-image-110993\" srcset=\"https:\/\/alexmobilier.ro\/scolar\/wp-content\/uploads\/2023\/02\/image001.jpg 800w, https:\/\/alexmobilier.ro\/scolar\/wp-content\/uploads\/2023\/02\/image001-300x210.jpg 300w, https:\/\/alexmobilier.ro\/scolar\/wp-content\/uploads\/2023\/02\/image001-768x538.jpg 768w, https:\/\/alexmobilier.ro\/scolar\/wp-content\/uploads\/2023\/02\/image001-357x250.jpg 357w, https:\/\/alexmobilier.ro\/scolar\/wp-content\/uploads\/2023\/02\/image001-714x500.jpg 714w\" sizes=\"(max-width: 800px) 100vw, 800px\" \/><\/section><\/div><\/div><\/div><!-- .row (end) -->\n<script type=\"text\/javascript\">\r\n          jQuery(function() {\r\n              jQuery(\"#fixedparallax_69e4493428db9\").cherryFixedParallax({\r\n                offset: true,\r\n                bgfixed: true,\r\n                invert: true\r\n              });\r\n          });\r\n    <\/script><section id=\"fixedparallax_69e4493428db9\" class=\"fixed_parallax_section cherry_fixed_parallax1\" data-source-url=\"https:\/\/alexmobilier.ro\/scolar\/wp-content\/uploads\/2018\/08\/parallax_pic1.jpg\" data-source-width=\"1920\" data-source-height=\"1518\"><div class=\"container parallax_content\"><div class=\"row \"><div class=\"span12 \"><section class=\"lazy-load-box trigger effect-slideup \" data-delay=\"200\" data-speed=\"900\" style=\"-webkit-transition: all 900ms ease; -moz-transition: all 900ms ease; -ms-transition: all 900ms ease; -o-transition: all 900ms ease; transition: all 900ms ease;\">\n<h2>CELE MAI POPULARE \u0218I \u00ceNDR\u0102GITE PRODUSE<\/h2>\n<\/section><\/div><section class=\"lazy-load-box trigger effect-zoomout \" data-delay=\"200\" data-speed=\"900\" style=\"-webkit-transition: all 900ms ease; -moz-transition: all 900ms ease; -ms-transition: all 900ms ease; -o-transition: all 900ms ease; transition: all 900ms ease;\">\n\r\n<div class=\"span4 top-termek-a\">\r\n\t<ul class=\"alex-fooldal-top-termek\">\r\n\t\t<li class=\"portfolio_item isotope-item\">\r\n\t\t\t<div class=\"portfolio_item_holder\">\r\n\t\t\t\t<figure class=\"thumbnail thumbnail__portfolio\">\r\n\t\t\t\t\t<a href=\"https:\/\/alexmobilier.ro\/scolar\/categorii\/mese-si-scaune\/inaltime-fixa\/grupa-de-mobilier-kaleido\/\" class=\"image-wrap\" title=\"FAMILIA KALEIDO\" >\r\n\t\t\t\t\t\t<img decoding=\"async\" src=\"https:\/\/alexmobilier.ro\/scolar\/wp-content\/uploads\/2022\/01\/Iskolabutor_nepszeru_termekek_1.webp\" alt=\"FAMILIA KALEIDO\">\r\n\t\t\t\t\t<\/a>\r\n\t\t\t\t<\/figure>\r\n\t\t\t\t<div class=\"caption caption__portfolio\">\r\n\t\t\t\t\t<h3><a href=\"https:\/\/alexmobilier.ro\/scolar\/categorii\/mese-si-scaune\/inaltime-fixa\/grupa-de-mobilier-kaleido\/\" >FAMILIA KALEIDO<\/a><\/h3>\r\n\t\t\t\t<\/div>\r\n\t\t\t<\/div>\r\n\t\t<\/li>\r\n\t<\/ul>\r\n\t<div class=\"spacer\"><\/div>\r\n<\/div>\r\n<div class=\"span4 top-termek-b\">\r\n\t<ul class=\"alex-fooldal-top-termek\">\r\n\t\t<li class=\"portfolio_item isotope-item\">\r\n\t\t\t<div class=\"portfolio_item_holder\">\r\n\t\t\t\t<figure class=\"thumbnail thumbnail__portfolio\">\r\n\t\t\t\t\t<a href=\"https:\/\/alexmobilier.ro\/scolar\/categorii\/mese-si-scaune\/inaltime-reglabila\/grupa-de-mobilier-flex-justy\/\" class=\"image-wrap\" title=\"MOBILIER REGLABIL FLEX JUSTY\" >\r\n\t\t\t\t\t\t<img decoding=\"async\" src=\"https:\/\/alexmobilier.ro\/scolar\/wp-content\/uploads\/2022\/01\/Iskolabutor_nepszeru_termekek_2.webp\" alt=\"MOBILIER REGLABIL FLEX JUSTY\">\r\n\t\t\t\t\t<\/a>\r\n\t\t\t\t<\/figure>\r\n\t\t\t\t<div class=\"caption caption__portfolio\">\r\n\t\t\t\t\t<h3><a href=\"https:\/\/alexmobilier.ro\/scolar\/categorii\/mese-si-scaune\/inaltime-reglabila\/grupa-de-mobilier-flex-justy\/\" >MOBILIER REGLABIL FLEX JUSTY<\/a><\/h3>\r\n\t\t\t\t<\/div>\r\n\t\t\t<\/div>\r\n\t\t<\/li>\r\n\t<\/ul>\r\n\t<div class=\"spacer\"><\/div>\r\n<\/div>\r\n<div class=\"span4 top-termek-c\">\r\n\t<ul class=\"alex-fooldal-top-termek\">\r\n\t\t<li class=\"portfolio_item isotope-item\">\r\n\t\t\t<div class=\"portfolio_item_holder\">\r\n\t\t\t\t<figure class=\"thumbnail thumbnail__portfolio\">\r\n\t\t\t\t\t<a href=\"https:\/\/alexmobilier.ro\/scolar\/categorii\/mese-si-scaune\/inaltime-fixa\/grupa-de-mobilier-geo-linea\/\" class=\"image-wrap\" title=\"FAMILIA GEO LINEA\" >\r\n\t\t\t\t\t\t<img decoding=\"async\" src=\"https:\/\/alexmobilier.ro\/scolar\/wp-content\/uploads\/2022\/01\/Iskolabutor_nepszeru_termekek_geo.webp\" alt=\"FAMILIA GEO LINEA\">\r\n\t\t\t\t\t<\/a>\r\n\t\t\t\t<\/figure>\r\n\t\t\t\t<div class=\"caption caption__portfolio\">\r\n\t\t\t\t\t<h3><a href=\"https:\/\/alexmobilier.ro\/scolar\/categorii\/mese-si-scaune\/inaltime-fixa\/grupa-de-mobilier-geo-linea\/\" >FAMILIA GEO LINEA<\/a><\/h3>\r\n\t\t\t\t<\/div>\r\n\t\t\t<\/div>\r\n\t\t<\/li>\r\n\t<\/ul>\r\n\t<div class=\"spacer\"><\/div>\r\n<\/div>\r\n<div class=\"span4 top-termek-d\">\r\n\t<ul class=\"alex-fooldal-top-termek\">\r\n\t\t<li class=\"portfolio_item isotope-item\">\r\n\t\t\t<div class=\"portfolio_item_holder\">\r\n\t\t\t\t<figure class=\"thumbnail thumbnail__portfolio\">\r\n\t\t\t\t\t<a href=\"https:\/\/alexmobilier.ro\/scolar\/categorii\/dulapuri-scolare\/dulapuri-clasice\/\" class=\"image-wrap\" title=\"DULAPURI CLASICE\" >\r\n\t\t\t\t\t\t<img decoding=\"async\" src=\"https:\/\/alexmobilier.ro\/scolar\/wp-content\/uploads\/2022\/01\/Iskolabutor_nepszeru_termekek_4.webp\" alt=\"DULAPURI CLASICE\">\r\n\t\t\t\t\t<\/a>\r\n\t\t\t\t<\/figure>\r\n\t\t\t\t<div class=\"caption caption__portfolio\">\r\n\t\t\t\t\t<h3><a href=\"https:\/\/alexmobilier.ro\/scolar\/categorii\/dulapuri-scolare\/dulapuri-clasice\/\" >DULAPURI CLASICE<\/a><\/h3>\r\n\t\t\t\t<\/div>\r\n\t\t\t<\/div>\r\n\t\t<\/li>\r\n\t<\/ul>\r\n\t<div class=\"spacer\"><\/div>\r\n<\/div>\r\n<div class=\"span4 top-termek-e\">\r\n\t<ul class=\"alex-fooldal-top-termek\">\r\n\t\t<li class=\"portfolio_item isotope-item\">\r\n\t\t\t<div class=\"portfolio_item_holder\">\r\n\t\t\t\t<figure class=\"thumbnail thumbnail__portfolio\">\r\n\t\t\t\t\t<a href=\"https:\/\/alexmobilier.ro\/scolar\/categorii\/mese-si-scaune\/inaltime-reglabila\/grupa-de-mobilier-natasa\/\" class=\"image-wrap\" title=\"MOBILIER REGLABIL NATASA\" >\r\n\t\t\t\t\t\t<img decoding=\"async\" src=\"https:\/\/alexmobilier.ro\/scolar\/wp-content\/uploads\/2022\/01\/Iskolabutor_nepszeru_termekek_5.webp\" alt=\"MOBILIER REGLABIL NATASA\">\r\n\t\t\t\t\t<\/a>\r\n\t\t\t\t<\/figure>\r\n\t\t\t\t<div class=\"caption caption__portfolio\">\r\n\t\t\t\t\t<h3><a href=\"https:\/\/alexmobilier.ro\/scolar\/categorii\/mese-si-scaune\/inaltime-reglabila\/grupa-de-mobilier-natasa\/\" >MOBILIER REGLABIL NATASA<\/a><\/h3>\r\n\t\t\t\t<\/div>\r\n\t\t\t<\/div>\r\n\t\t<\/li>\r\n\t<\/ul>\r\n\t<div class=\"spacer\"><\/div>\r\n<\/div>\r\n<div class=\"span4 top-termek-f\">\r\n\t<ul class=\"alex-fooldal-top-termek\">\r\n\t\t<li class=\"portfolio_item isotope-item\">\r\n\t\t\t<div class=\"portfolio_item_holder\">\r\n\t\t\t\t<figure class=\"thumbnail thumbnail__portfolio\">\r\n\t\t\t\t\t<a href=\"https:\/\/alexmobilier.ro\/scolar\/categorii\/mobilier-laborator\/stiintele-naturii\/\" class=\"image-wrap\" title=\"MOBILIER LABORATOARE\" >\r\n\t\t\t\t\t\t<img decoding=\"async\" src=\"https:\/\/alexmobilier.ro\/scolar\/wp-content\/uploads\/2022\/01\/Iskolabutor_nepszeru_termekek_6.webp\" alt=\"MOBILIER LABORATOARE\">\r\n\t\t\t\t\t<\/a>\r\n\t\t\t\t<\/figure>\r\n\t\t\t\t<div class=\"caption caption__portfolio\">\r\n\t\t\t\t\t<h3><a href=\"https:\/\/alexmobilier.ro\/scolar\/categorii\/mobilier-laborator\/stiintele-naturii\/\" >MOBILIER LABORATOARE<\/a><\/h3>\r\n\t\t\t\t<\/div>\r\n\t\t\t<\/div>\r\n\t\t<\/li>\r\n\t<\/ul>\r\n\t<div class=\"spacer\"><\/div>\r\n<\/div>\n<\/section>\n<div class=\"spacer\"><\/div><!-- .spacer (end) --><div class=\"span12 \"><div class=\"spacer\"><\/div><!-- .spacer (end) --><section class=\"lazy-load-box trigger effect-slideup \" data-delay=\"200\" data-speed=\"900\" style=\"-webkit-transition: all 900ms ease; -moz-transition: all 900ms ease; -ms-transition: all 900ms ease; -o-transition: all 900ms ease; transition: all 900ms ease;\"><div class=\"spacer\"><\/div><!-- .spacer (end) -->\n<h2>ALTE LINII DE PRODUSE<\/h2>\n<\/section><\/div><div class=\"span12 \"><section class=\"lazy-load-box trigger effect-zoomout \" data-delay=\"200\" data-speed=\"900\" style=\"-webkit-transition: all 900ms ease; -moz-transition: all 900ms ease; -ms-transition: all 900ms ease; -o-transition: all 900ms ease; transition: all 900ms ease;\">\n<section class=\"lazy-load-box effect-zoomout\">\n<ul class=\"posts-grid row-fluid unstyled block_2 ul-item-0\">\n\r\n\t<li class=\"span4 list-item\">\r\n\t\t<figure class=\"featured-thumbnail thumbnail\">\r\n\t\t\t<img decoding=\"async\" src=\"https:\/\/alexmobilier.ro\/scolar\/wp-content\/uploads\/2022\/01\/03_Ovodabutor.webp\"\">\r\n\t\t<\/figure>\r\n\t\t<div class=\"clear\"><\/div>\r\n\t\t<a href=\"https:\/\/alexmobilier.ro\/gradinita\/\" target=\"_blank\">\r\n\t\t\t<div class=\"desc\">\r\n\t\t\t\t<h6><strong>MOBILIER GR\u0102DINI\u021aE<\/strong><span><\/span><\/h6>\r\n\t\t\t\t<span class=\"btn btn-primary\">Mai departe<\/span>\r\n\t\t\t<\/div>\r\n\t\t<\/a>\r\n\t<\/li>\r\n\t\n\r\n\t<li class=\"span4 list-item\">\r\n\t\t<figure class=\"featured-thumbnail thumbnail\">\r\n\t\t\t<img decoding=\"async\" src=\"https:\/\/alexmobilier.ro\/scolar\/wp-content\/uploads\/2022\/01\/03_Utca.webp\"\">\r\n\t\t<\/figure>\r\n\t\t<div class=\"clear\"><\/div>\r\n\t\t<a href=\"https:\/\/alexmobilier.ro\/\" target=\"_blank\">\r\n\t\t\t<div class=\"desc\">\r\n\t\t\t\t<h6><strong>MOBILIER URBAN<\/strong><span><\/span><\/h6>\r\n\t\t\t\t<span class=\"btn btn-primary\">Mai departe<\/span>\r\n\t\t\t<\/div>\r\n\t\t<\/a>\r\n\t<\/li>\r\n\t\n\r\n\t<li class=\"span4 list-item\">\r\n\t\t<figure class=\"featured-thumbnail thumbnail\">\r\n\t\t\t<img decoding=\"async\" src=\"https:\/\/alexmobilier.ro\/scolar\/wp-content\/uploads\/2022\/01\/oltozo_uzletag.webp\"\">\r\n\t\t<\/figure>\r\n\t\t<div class=\"clear\"><\/div>\r\n\t\t<a href=\"https:\/\/alexmobilier.ro\/vestiare\/\" target=\"_blank\">\r\n\t\t\t<div class=\"desc\">\r\n\t\t\t\t<h6><strong>MOBILIER VESTIARE<\/strong><span>Alege\u021bi dintre produsele noastre de calitate concepute pentru amenajarea vestiarelor!<\/span><\/h6>\r\n\t\t\t\t<span class=\"btn btn-primary\">Mai departe<\/span>\r\n\t\t\t<\/div>\r\n\t\t<\/a>\r\n\t<\/li>\r\n\t\n<\/ul>\n<ul class=\"posts-grid row-fluid unstyled block_2 ul-item-1\"><\/ul>\n<\/section>\n<\/section><\/div><\/div><!-- .row (end) --><\/div><\/section>\n","protected":false},"excerpt":{"rendered":"","protected":false},"author":1,"featured_media":55159,"parent":0,"menu_order":0,"comment_status":"closed","ping_status":"closed","template":"page-home.php","meta":{"footnotes":""},"class_list":["post-8","page","type-page","status-publish","has-post-thumbnail","hentry"],"yoast_head":"<!-- This site is optimized with the Yoast SEO plugin v27.4 - https:\/\/yoast.com\/product\/yoast-seo-wordpress\/ -->\n<title>F\u0151oldal - \u0218colar<\/title>\n<meta name=\"robots\" content=\"index, follow, max-snippet:-1, max-image-preview:large, max-video-preview:-1\" \/>\n<link rel=\"canonical\" href=\"https:\/\/alexmobilier.ro\/scolar\/\" \/>\n<meta property=\"og:locale\" content=\"en_US\" \/>\n<meta property=\"og:type\" content=\"article\" \/>\n<meta property=\"og:title\" content=\"F\u0151oldal - \u0218colar\" \/>\n<meta property=\"og:url\" content=\"https:\/\/alexmobilier.ro\/scolar\/\" \/>\n<meta property=\"og:site_name\" content=\"\u0218colar\" \/>\n<meta property=\"article:modified_time\" content=\"2024-11-16T07:11:36+00:00\" \/>\n<meta name=\"twitter:card\" content=\"summary_large_image\" \/>\n<meta name=\"twitter:label1\" content=\"Est. reading time\" \/>\n\t<meta name=\"twitter:data1\" content=\"1 minute\" \/>\n<script type=\"application\/ld+json\" class=\"yoast-schema-graph\">{\"@context\":\"https:\\\/\\\/schema.org\",\"@graph\":[{\"@type\":\"WebPage\",\"@id\":\"https:\\\/\\\/alexmobilier.ro\\\/scolar\\\/\",\"url\":\"https:\\\/\\\/alexmobilier.ro\\\/scolar\\\/\",\"name\":\"F\u0151oldal - \u0218colar\",\"isPartOf\":{\"@id\":\"https:\\\/\\\/alexmobilier.ro\\\/scolar\\\/#website\"},\"primaryImageOfPage\":{\"@id\":\"https:\\\/\\\/alexmobilier.ro\\\/scolar\\\/#primaryimage\"},\"image\":{\"@id\":\"https:\\\/\\\/alexmobilier.ro\\\/scolar\\\/#primaryimage\"},\"thumbnailUrl\":\"\",\"datePublished\":\"2016-06-08T07:57:17+00:00\",\"dateModified\":\"2024-11-16T07:11:36+00:00\",\"breadcrumb\":{\"@id\":\"https:\\\/\\\/alexmobilier.ro\\\/scolar\\\/#breadcrumb\"},\"inLanguage\":\"en-US\",\"potentialAction\":[{\"@type\":\"ReadAction\",\"target\":[\"https:\\\/\\\/alexmobilier.ro\\\/scolar\\\/\"]}]},{\"@type\":\"ImageObject\",\"inLanguage\":\"en-US\",\"@id\":\"https:\\\/\\\/alexmobilier.ro\\\/scolar\\\/#primaryimage\",\"url\":\"\",\"contentUrl\":\"\"},{\"@type\":\"BreadcrumbList\",\"@id\":\"https:\\\/\\\/alexmobilier.ro\\\/scolar\\\/#breadcrumb\",\"itemListElement\":[{\"@type\":\"ListItem\",\"position\":1,\"name\":\"Home\",\"item\":\"https:\\\/\\\/alexmobilier.ro\\\/scolar\\\/\"},{\"@type\":\"ListItem\",\"position\":2,\"name\":\"F\u0151oldal\"}]},{\"@type\":\"WebSite\",\"@id\":\"https:\\\/\\\/alexmobilier.ro\\\/scolar\\\/#website\",\"url\":\"https:\\\/\\\/alexmobilier.ro\\\/scolar\\\/\",\"name\":\"\u0218colar\",\"description\":\"ALEX MOBILIER MACS\",\"publisher\":{\"@id\":\"https:\\\/\\\/alexmobilier.ro\\\/scolar\\\/#organization\"},\"potentialAction\":[{\"@type\":\"SearchAction\",\"target\":{\"@type\":\"EntryPoint\",\"urlTemplate\":\"https:\\\/\\\/alexmobilier.ro\\\/scolar\\\/?s={search_term_string}\"},\"query-input\":{\"@type\":\"PropertyValueSpecification\",\"valueRequired\":true,\"valueName\":\"search_term_string\"}}],\"inLanguage\":\"en-US\"},{\"@type\":\"Organization\",\"@id\":\"https:\\\/\\\/alexmobilier.ro\\\/scolar\\\/#organization\",\"name\":\"Alex Mobilier\",\"url\":\"https:\\\/\\\/alexmobilier.ro\\\/scolar\\\/\",\"logo\":{\"@type\":\"ImageObject\",\"inLanguage\":\"en-US\",\"@id\":\"https:\\\/\\\/alexmobilier.ro\\\/scolar\\\/#\\\/schema\\\/logo\\\/image\\\/\",\"url\":\"https:\\\/\\\/alexmobilier.ro\\\/scolar\\\/wp-content\\\/uploads\\\/2025\\\/02\\\/LogoROMAN_allo_sarga-fekete.jpg\",\"contentUrl\":\"https:\\\/\\\/alexmobilier.ro\\\/scolar\\\/wp-content\\\/uploads\\\/2025\\\/02\\\/LogoROMAN_allo_sarga-fekete.jpg\",\"width\":452,\"height\":500,\"caption\":\"Alex Mobilier\"},\"image\":{\"@id\":\"https:\\\/\\\/alexmobilier.ro\\\/scolar\\\/#\\\/schema\\\/logo\\\/image\\\/\"}}]}<\/script>\n<!-- \/ Yoast SEO plugin. -->","yoast_head_json":{"title":"F\u0151oldal - \u0218colar","robots":{"index":"index","follow":"follow","max-snippet":"max-snippet:-1","max-image-preview":"max-image-preview:large","max-video-preview":"max-video-preview:-1"},"canonical":"https:\/\/alexmobilier.ro\/scolar\/","og_locale":"en_US","og_type":"article","og_title":"F\u0151oldal - \u0218colar","og_url":"https:\/\/alexmobilier.ro\/scolar\/","og_site_name":"\u0218colar","article_modified_time":"2024-11-16T07:11:36+00:00","twitter_card":"summary_large_image","twitter_misc":{"Est. reading time":"1 minute"},"schema":{"@context":"https:\/\/schema.org","@graph":[{"@type":"WebPage","@id":"https:\/\/alexmobilier.ro\/scolar\/","url":"https:\/\/alexmobilier.ro\/scolar\/","name":"F\u0151oldal - \u0218colar","isPartOf":{"@id":"https:\/\/alexmobilier.ro\/scolar\/#website"},"primaryImageOfPage":{"@id":"https:\/\/alexmobilier.ro\/scolar\/#primaryimage"},"image":{"@id":"https:\/\/alexmobilier.ro\/scolar\/#primaryimage"},"thumbnailUrl":"","datePublished":"2016-06-08T07:57:17+00:00","dateModified":"2024-11-16T07:11:36+00:00","breadcrumb":{"@id":"https:\/\/alexmobilier.ro\/scolar\/#breadcrumb"},"inLanguage":"en-US","potentialAction":[{"@type":"ReadAction","target":["https:\/\/alexmobilier.ro\/scolar\/"]}]},{"@type":"ImageObject","inLanguage":"en-US","@id":"https:\/\/alexmobilier.ro\/scolar\/#primaryimage","url":"","contentUrl":""},{"@type":"BreadcrumbList","@id":"https:\/\/alexmobilier.ro\/scolar\/#breadcrumb","itemListElement":[{"@type":"ListItem","position":1,"name":"Home","item":"https:\/\/alexmobilier.ro\/scolar\/"},{"@type":"ListItem","position":2,"name":"F\u0151oldal"}]},{"@type":"WebSite","@id":"https:\/\/alexmobilier.ro\/scolar\/#website","url":"https:\/\/alexmobilier.ro\/scolar\/","name":"\u0218colar","description":"ALEX MOBILIER MACS","publisher":{"@id":"https:\/\/alexmobilier.ro\/scolar\/#organization"},"potentialAction":[{"@type":"SearchAction","target":{"@type":"EntryPoint","urlTemplate":"https:\/\/alexmobilier.ro\/scolar\/?s={search_term_string}"},"query-input":{"@type":"PropertyValueSpecification","valueRequired":true,"valueName":"search_term_string"}}],"inLanguage":"en-US"},{"@type":"Organization","@id":"https:\/\/alexmobilier.ro\/scolar\/#organization","name":"Alex Mobilier","url":"https:\/\/alexmobilier.ro\/scolar\/","logo":{"@type":"ImageObject","inLanguage":"en-US","@id":"https:\/\/alexmobilier.ro\/scolar\/#\/schema\/logo\/image\/","url":"https:\/\/alexmobilier.ro\/scolar\/wp-content\/uploads\/2025\/02\/LogoROMAN_allo_sarga-fekete.jpg","contentUrl":"https:\/\/alexmobilier.ro\/scolar\/wp-content\/uploads\/2025\/02\/LogoROMAN_allo_sarga-fekete.jpg","width":452,"height":500,"caption":"Alex Mobilier"},"image":{"@id":"https:\/\/alexmobilier.ro\/scolar\/#\/schema\/logo\/image\/"}}]}},"_links":{"self":[{"href":"https:\/\/alexmobilier.ro\/scolar\/wp-json\/wp\/v2\/pages\/8","targetHints":{"allow":["GET"]}}],"collection":[{"href":"https:\/\/alexmobilier.ro\/scolar\/wp-json\/wp\/v2\/pages"}],"about":[{"href":"https:\/\/alexmobilier.ro\/scolar\/wp-json\/wp\/v2\/types\/page"}],"author":[{"embeddable":true,"href":"https:\/\/alexmobilier.ro\/scolar\/wp-json\/wp\/v2\/users\/1"}],"replies":[{"embeddable":true,"href":"https:\/\/alexmobilier.ro\/scolar\/wp-json\/wp\/v2\/comments?post=8"}],"version-history":[{"count":20,"href":"https:\/\/alexmobilier.ro\/scolar\/wp-json\/wp\/v2\/pages\/8\/revisions"}],"predecessor-version":[{"id":118084,"href":"https:\/\/alexmobilier.ro\/scolar\/wp-json\/wp\/v2\/pages\/8\/revisions\/118084"}],"wp:featuredmedia":[{"embeddable":true,"href":"https:\/\/alexmobilier.ro\/scolar\/wp-json\/"}],"wp:attachment":[{"href":"https:\/\/alexmobilier.ro\/scolar\/wp-json\/wp\/v2\/media?parent=8"}],"curies":[{"name":"wp","href":"https:\/\/api.w.org\/{rel}","templated":true}]}}