{"id":48473,"date":"2017-05-24T09:51:36","date_gmt":"2017-05-24T09:51:36","guid":{"rendered":"http:\/\/alexbutor.hu\/iskolabutor\/?page_id=48473"},"modified":"2021-03-24T12:56:39","modified_gmt":"2021-03-24T12:56:39","slug":"grupa-de-mobilier-flex-justy","status":"publish","type":"page","link":"https:\/\/alexmobilier.ro\/scolar\/categorii\/mese-si-scaune\/inaltime-reglabila\/grupa-de-mobilier-flex-justy\/","title":{"rendered":"Grupa de mobilier FLEX JUSTY"},"content":{"rendered":"<div class=\"yt-row\">\n<div class=\"yt-subrow yt-subrow1\">\n<iframe width=\"448\" height=\"252\" src=\"https:\/\/www.youtube.com\/embed\/fliGSOA2PpQ\" frameborder=\"0\" allow=\"accelerometer; autoplay; clipboard-write; encrypted-media; gyroscope; picture-in-picture\" allowfullscreen><\/iframe>\n<\/div>\n<div class=\"yt-subrow yt-subrow2\">\n<p>Spa\u021biile de \u00eenv\u0103\u021bare, s\u0103lile de clase ar trebui s\u0103 fie proiectate pentru a \u00eencuraja \u0219i a le face atractive pentru elevi \u0219i profesori. \u00cen planificare, am considerat c\u0103 este important s\u0103 \u00eencuraj\u0103m imagina\u021bia elevilor \u0219i profesorilor prin utilizarea elementelor \u0219i materialelor de design creative. Cu mesele \u0219i scaunele grupei de mobilier FLEX Justy studen\u021bii pot profita de op\u021biunile u\u0219oare \u0219i practice de reamenajare din sal\u0103. Mediul de \u00eenv\u0103\u021bare de ast\u0103zi trebuie s\u0103 poat\u0103 oferi suport pentru metodele noi de predare, pentru activit\u0103\u021bile de \u00eenv\u0103\u021bare \u0219i nevoile elevilor, studen\u021bilor. Mesele noastre FLEX Justy reglabile pe \u00een\u0103l\u021bime, aliniabile \u0219i stivuibile stau la dispozi\u021bia elevilor \u0219i cadrelor didactice pentru a r\u0103spunde tuturor nevoilor acestora. Studiile arat\u0103 o rela\u021bie clar\u0103 \u00eentre mi\u0219care\/mobilitate \u0219i rezultat.<\/p>\n<\/div>\n<\/div>\n","protected":false},"excerpt":{"rendered":"<p>Spa\u021biile de \u00eenv\u0103\u021bare, s\u0103lile de clase ar trebui s\u0103 fie proiectate pentru a \u00eencuraja \u0219i a le face atractive pentru elevi \u0219i profesori. \u00cen planificare, am considerat c\u0103 este important s\u0103 \u00eencuraj\u0103m imagina\u021bia elevilor \u0219i profesorilor prin utilizarea elementelor \u0219i materialelor de design creative. Cu mesele \u0219i scaunele grupei de mobilier FLEX Justy studen\u021bii pot profita de op\u021biunile u\u0219oare \u0219i&nbsp;<a href=\"https:\/\/alexmobilier.ro\/scolar\/categorii\/mese-si-scaune\/inaltime-reglabila\/grupa-de-mobilier-flex-justy\/\" class=\"read-more\">...<\/a><\/p>\n","protected":false},"author":1,"featured_media":88437,"parent":48471,"menu_order":0,"comment_status":"closed","ping_status":"closed","template":"page-Portfolio4Cols-filterable.php","meta":{"footnotes":""},"class_list":["post-48473","page","type-page","status-publish","has-post-thumbnail","hentry"],"yoast_head":"<!-- This site is optimized with the Yoast SEO plugin v27.4 - https:\/\/yoast.com\/product\/yoast-seo-wordpress\/ -->\n<title>Grupa de mobilier FLEX JUSTY - \u0218colar<\/title>\n<meta name=\"robots\" content=\"index, follow, max-snippet:-1, max-image-preview:large, max-video-preview:-1\" \/>\n<link rel=\"canonical\" href=\"https:\/\/alexmobilier.ro\/scolar\/categorii\/mese-si-scaune\/inaltime-reglabila\/grupa-de-mobilier-flex-justy\/\" \/>\n<meta property=\"og:locale\" content=\"en_US\" \/>\n<meta property=\"og:type\" content=\"article\" \/>\n<meta property=\"og:title\" content=\"Grupa de mobilier FLEX JUSTY - \u0218colar\" \/>\n<meta property=\"og:description\" content=\"Spa\u021biile de \u00eenv\u0103\u021bare, s\u0103lile de clase ar trebui s\u0103 fie proiectate pentru a \u00eencuraja \u0219i a le face atractive pentru elevi \u0219i profesori. \u00cen planificare, am considerat c\u0103 este important s\u0103 \u00eencuraj\u0103m imagina\u021bia elevilor \u0219i profesorilor prin utilizarea elementelor \u0219i materialelor de design creative. Cu mesele \u0219i scaunele grupei de mobilier FLEX Justy studen\u021bii pot profita de op\u021biunile u\u0219oare \u0219i&nbsp;...\" \/>\n<meta property=\"og:url\" content=\"https:\/\/alexmobilier.ro\/scolar\/categorii\/mese-si-scaune\/inaltime-reglabila\/grupa-de-mobilier-flex-justy\/\" \/>\n<meta property=\"og:site_name\" content=\"\u0218colar\" \/>\n<meta property=\"article:modified_time\" content=\"2021-03-24T12:56:39+00:00\" \/>\n<meta property=\"og:image\" content=\"https:\/\/alexmobilier.ro\/scolar\/wp-content\/uploads\/2018\/06\/FLEX_800x560_kategoria_kep-1.jpg\" \/>\n\t<meta property=\"og:image:width\" content=\"800\" \/>\n\t<meta property=\"og:image:height\" content=\"560\" \/>\n\t<meta property=\"og:image:type\" content=\"image\/jpeg\" \/>\n<meta name=\"twitter:card\" content=\"summary_large_image\" \/>\n<meta name=\"twitter:label1\" content=\"Est. reading time\" \/>\n\t<meta name=\"twitter:data1\" content=\"1 minute\" \/>\n<script type=\"application\/ld+json\" class=\"yoast-schema-graph\">{\"@context\":\"https:\\\/\\\/schema.org\",\"@graph\":[{\"@type\":\"WebPage\",\"@id\":\"https:\\\/\\\/alexmobilier.ro\\\/scolar\\\/categorii\\\/mese-si-scaune\\\/inaltime-reglabila\\\/grupa-de-mobilier-flex-justy\\\/\",\"url\":\"https:\\\/\\\/alexmobilier.ro\\\/scolar\\\/categorii\\\/mese-si-scaune\\\/inaltime-reglabila\\\/grupa-de-mobilier-flex-justy\\\/\",\"name\":\"Grupa de mobilier FLEX JUSTY - \u0218colar\",\"isPartOf\":{\"@id\":\"https:\\\/\\\/alexmobilier.ro\\\/scolar\\\/#website\"},\"primaryImageOfPage\":{\"@id\":\"https:\\\/\\\/alexmobilier.ro\\\/scolar\\\/categorii\\\/mese-si-scaune\\\/inaltime-reglabila\\\/grupa-de-mobilier-flex-justy\\\/#primaryimage\"},\"image\":{\"@id\":\"https:\\\/\\\/alexmobilier.ro\\\/scolar\\\/categorii\\\/mese-si-scaune\\\/inaltime-reglabila\\\/grupa-de-mobilier-flex-justy\\\/#primaryimage\"},\"thumbnailUrl\":\"https:\\\/\\\/alexmobilier.ro\\\/scolar\\\/wp-content\\\/uploads\\\/2018\\\/06\\\/FLEX_800x560_kategoria_kep-1.jpg\",\"datePublished\":\"2017-05-24T09:51:36+00:00\",\"dateModified\":\"2021-03-24T12:56:39+00:00\",\"breadcrumb\":{\"@id\":\"https:\\\/\\\/alexmobilier.ro\\\/scolar\\\/categorii\\\/mese-si-scaune\\\/inaltime-reglabila\\\/grupa-de-mobilier-flex-justy\\\/#breadcrumb\"},\"inLanguage\":\"en-US\",\"potentialAction\":[{\"@type\":\"ReadAction\",\"target\":[\"https:\\\/\\\/alexmobilier.ro\\\/scolar\\\/categorii\\\/mese-si-scaune\\\/inaltime-reglabila\\\/grupa-de-mobilier-flex-justy\\\/\"]}]},{\"@type\":\"ImageObject\",\"inLanguage\":\"en-US\",\"@id\":\"https:\\\/\\\/alexmobilier.ro\\\/scolar\\\/categorii\\\/mese-si-scaune\\\/inaltime-reglabila\\\/grupa-de-mobilier-flex-justy\\\/#primaryimage\",\"url\":\"https:\\\/\\\/alexmobilier.ro\\\/scolar\\\/wp-content\\\/uploads\\\/2018\\\/06\\\/FLEX_800x560_kategoria_kep-1.jpg\",\"contentUrl\":\"https:\\\/\\\/alexmobilier.ro\\\/scolar\\\/wp-content\\\/uploads\\\/2018\\\/06\\\/FLEX_800x560_kategoria_kep-1.jpg\",\"width\":800,\"height\":560},{\"@type\":\"BreadcrumbList\",\"@id\":\"https:\\\/\\\/alexmobilier.ro\\\/scolar\\\/categorii\\\/mese-si-scaune\\\/inaltime-reglabila\\\/grupa-de-mobilier-flex-justy\\\/#breadcrumb\",\"itemListElement\":[{\"@type\":\"ListItem\",\"position\":1,\"name\":\"Home\",\"item\":\"https:\\\/\\\/alexmobilier.ro\\\/scolar\\\/\"},{\"@type\":\"ListItem\",\"position\":2,\"name\":\"Categorii\",\"item\":\"https:\\\/\\\/alexmobilier.ro\\\/scolar\\\/categorii\\\/\"},{\"@type\":\"ListItem\",\"position\":3,\"name\":\"Mese \u0219i scaune\",\"item\":\"https:\\\/\\\/alexmobilier.ro\\\/scolar\\\/categorii\\\/mese-si-scaune\\\/\"},{\"@type\":\"ListItem\",\"position\":4,\"name\":\"\u00cen\u0103l\u021bime reglabil\u0103\",\"item\":\"https:\\\/\\\/alexmobilier.ro\\\/scolar\\\/categorii\\\/mese-si-scaune\\\/inaltime-reglabila\\\/\"},{\"@type\":\"ListItem\",\"position\":5,\"name\":\"Grupa de mobilier FLEX JUSTY\"}]},{\"@type\":\"WebSite\",\"@id\":\"https:\\\/\\\/alexmobilier.ro\\\/scolar\\\/#website\",\"url\":\"https:\\\/\\\/alexmobilier.ro\\\/scolar\\\/\",\"name\":\"\u0218colar\",\"description\":\"ALEX MOBILIER MACS\",\"publisher\":{\"@id\":\"https:\\\/\\\/alexmobilier.ro\\\/scolar\\\/#organization\"},\"potentialAction\":[{\"@type\":\"SearchAction\",\"target\":{\"@type\":\"EntryPoint\",\"urlTemplate\":\"https:\\\/\\\/alexmobilier.ro\\\/scolar\\\/?s={search_term_string}\"},\"query-input\":{\"@type\":\"PropertyValueSpecification\",\"valueRequired\":true,\"valueName\":\"search_term_string\"}}],\"inLanguage\":\"en-US\"},{\"@type\":\"Organization\",\"@id\":\"https:\\\/\\\/alexmobilier.ro\\\/scolar\\\/#organization\",\"name\":\"Alex Mobilier\",\"url\":\"https:\\\/\\\/alexmobilier.ro\\\/scolar\\\/\",\"logo\":{\"@type\":\"ImageObject\",\"inLanguage\":\"en-US\",\"@id\":\"https:\\\/\\\/alexmobilier.ro\\\/scolar\\\/#\\\/schema\\\/logo\\\/image\\\/\",\"url\":\"https:\\\/\\\/alexmobilier.ro\\\/scolar\\\/wp-content\\\/uploads\\\/2025\\\/02\\\/LogoROMAN_allo_sarga-fekete.jpg\",\"contentUrl\":\"https:\\\/\\\/alexmobilier.ro\\\/scolar\\\/wp-content\\\/uploads\\\/2025\\\/02\\\/LogoROMAN_allo_sarga-fekete.jpg\",\"width\":452,\"height\":500,\"caption\":\"Alex Mobilier\"},\"image\":{\"@id\":\"https:\\\/\\\/alexmobilier.ro\\\/scolar\\\/#\\\/schema\\\/logo\\\/image\\\/\"}}]}<\/script>\n<!-- \/ Yoast SEO plugin. -->","yoast_head_json":{"title":"Grupa de mobilier FLEX JUSTY - \u0218colar","robots":{"index":"index","follow":"follow","max-snippet":"max-snippet:-1","max-image-preview":"max-image-preview:large","max-video-preview":"max-video-preview:-1"},"canonical":"https:\/\/alexmobilier.ro\/scolar\/categorii\/mese-si-scaune\/inaltime-reglabila\/grupa-de-mobilier-flex-justy\/","og_locale":"en_US","og_type":"article","og_title":"Grupa de mobilier FLEX JUSTY - \u0218colar","og_description":"Spa\u021biile de \u00eenv\u0103\u021bare, s\u0103lile de clase ar trebui s\u0103 fie proiectate pentru a \u00eencuraja \u0219i a le face atractive pentru elevi \u0219i profesori. \u00cen planificare, am considerat c\u0103 este important s\u0103 \u00eencuraj\u0103m imagina\u021bia elevilor \u0219i profesorilor prin utilizarea elementelor \u0219i materialelor de design creative. Cu mesele \u0219i scaunele grupei de mobilier FLEX Justy studen\u021bii pot profita de op\u021biunile u\u0219oare \u0219i&nbsp;...","og_url":"https:\/\/alexmobilier.ro\/scolar\/categorii\/mese-si-scaune\/inaltime-reglabila\/grupa-de-mobilier-flex-justy\/","og_site_name":"\u0218colar","article_modified_time":"2021-03-24T12:56:39+00:00","og_image":[{"width":800,"height":560,"url":"https:\/\/alexmobilier.ro\/scolar\/wp-content\/uploads\/2018\/06\/FLEX_800x560_kategoria_kep-1.jpg","type":"image\/jpeg"}],"twitter_card":"summary_large_image","twitter_misc":{"Est. reading time":"1 minute"},"schema":{"@context":"https:\/\/schema.org","@graph":[{"@type":"WebPage","@id":"https:\/\/alexmobilier.ro\/scolar\/categorii\/mese-si-scaune\/inaltime-reglabila\/grupa-de-mobilier-flex-justy\/","url":"https:\/\/alexmobilier.ro\/scolar\/categorii\/mese-si-scaune\/inaltime-reglabila\/grupa-de-mobilier-flex-justy\/","name":"Grupa de mobilier FLEX JUSTY - \u0218colar","isPartOf":{"@id":"https:\/\/alexmobilier.ro\/scolar\/#website"},"primaryImageOfPage":{"@id":"https:\/\/alexmobilier.ro\/scolar\/categorii\/mese-si-scaune\/inaltime-reglabila\/grupa-de-mobilier-flex-justy\/#primaryimage"},"image":{"@id":"https:\/\/alexmobilier.ro\/scolar\/categorii\/mese-si-scaune\/inaltime-reglabila\/grupa-de-mobilier-flex-justy\/#primaryimage"},"thumbnailUrl":"https:\/\/alexmobilier.ro\/scolar\/wp-content\/uploads\/2018\/06\/FLEX_800x560_kategoria_kep-1.jpg","datePublished":"2017-05-24T09:51:36+00:00","dateModified":"2021-03-24T12:56:39+00:00","breadcrumb":{"@id":"https:\/\/alexmobilier.ro\/scolar\/categorii\/mese-si-scaune\/inaltime-reglabila\/grupa-de-mobilier-flex-justy\/#breadcrumb"},"inLanguage":"en-US","potentialAction":[{"@type":"ReadAction","target":["https:\/\/alexmobilier.ro\/scolar\/categorii\/mese-si-scaune\/inaltime-reglabila\/grupa-de-mobilier-flex-justy\/"]}]},{"@type":"ImageObject","inLanguage":"en-US","@id":"https:\/\/alexmobilier.ro\/scolar\/categorii\/mese-si-scaune\/inaltime-reglabila\/grupa-de-mobilier-flex-justy\/#primaryimage","url":"https:\/\/alexmobilier.ro\/scolar\/wp-content\/uploads\/2018\/06\/FLEX_800x560_kategoria_kep-1.jpg","contentUrl":"https:\/\/alexmobilier.ro\/scolar\/wp-content\/uploads\/2018\/06\/FLEX_800x560_kategoria_kep-1.jpg","width":800,"height":560},{"@type":"BreadcrumbList","@id":"https:\/\/alexmobilier.ro\/scolar\/categorii\/mese-si-scaune\/inaltime-reglabila\/grupa-de-mobilier-flex-justy\/#breadcrumb","itemListElement":[{"@type":"ListItem","position":1,"name":"Home","item":"https:\/\/alexmobilier.ro\/scolar\/"},{"@type":"ListItem","position":2,"name":"Categorii","item":"https:\/\/alexmobilier.ro\/scolar\/categorii\/"},{"@type":"ListItem","position":3,"name":"Mese \u0219i scaune","item":"https:\/\/alexmobilier.ro\/scolar\/categorii\/mese-si-scaune\/"},{"@type":"ListItem","position":4,"name":"\u00cen\u0103l\u021bime reglabil\u0103","item":"https:\/\/alexmobilier.ro\/scolar\/categorii\/mese-si-scaune\/inaltime-reglabila\/"},{"@type":"ListItem","position":5,"name":"Grupa de mobilier FLEX JUSTY"}]},{"@type":"WebSite","@id":"https:\/\/alexmobilier.ro\/scolar\/#website","url":"https:\/\/alexmobilier.ro\/scolar\/","name":"\u0218colar","description":"ALEX MOBILIER MACS","publisher":{"@id":"https:\/\/alexmobilier.ro\/scolar\/#organization"},"potentialAction":[{"@type":"SearchAction","target":{"@type":"EntryPoint","urlTemplate":"https:\/\/alexmobilier.ro\/scolar\/?s={search_term_string}"},"query-input":{"@type":"PropertyValueSpecification","valueRequired":true,"valueName":"search_term_string"}}],"inLanguage":"en-US"},{"@type":"Organization","@id":"https:\/\/alexmobilier.ro\/scolar\/#organization","name":"Alex Mobilier","url":"https:\/\/alexmobilier.ro\/scolar\/","logo":{"@type":"ImageObject","inLanguage":"en-US","@id":"https:\/\/alexmobilier.ro\/scolar\/#\/schema\/logo\/image\/","url":"https:\/\/alexmobilier.ro\/scolar\/wp-content\/uploads\/2025\/02\/LogoROMAN_allo_sarga-fekete.jpg","contentUrl":"https:\/\/alexmobilier.ro\/scolar\/wp-content\/uploads\/2025\/02\/LogoROMAN_allo_sarga-fekete.jpg","width":452,"height":500,"caption":"Alex Mobilier"},"image":{"@id":"https:\/\/alexmobilier.ro\/scolar\/#\/schema\/logo\/image\/"}}]}},"_links":{"self":[{"href":"https:\/\/alexmobilier.ro\/scolar\/wp-json\/wp\/v2\/pages\/48473","targetHints":{"allow":["GET"]}}],"collection":[{"href":"https:\/\/alexmobilier.ro\/scolar\/wp-json\/wp\/v2\/pages"}],"about":[{"href":"https:\/\/alexmobilier.ro\/scolar\/wp-json\/wp\/v2\/types\/page"}],"author":[{"embeddable":true,"href":"https:\/\/alexmobilier.ro\/scolar\/wp-json\/wp\/v2\/users\/1"}],"replies":[{"embeddable":true,"href":"https:\/\/alexmobilier.ro\/scolar\/wp-json\/wp\/v2\/comments?post=48473"}],"version-history":[{"count":2,"href":"https:\/\/alexmobilier.ro\/scolar\/wp-json\/wp\/v2\/pages\/48473\/revisions"}],"predecessor-version":[{"id":99036,"href":"https:\/\/alexmobilier.ro\/scolar\/wp-json\/wp\/v2\/pages\/48473\/revisions\/99036"}],"up":[{"embeddable":true,"href":"https:\/\/alexmobilier.ro\/scolar\/wp-json\/wp\/v2\/pages\/48471"}],"wp:featuredmedia":[{"embeddable":true,"href":"https:\/\/alexmobilier.ro\/scolar\/wp-json\/wp\/v2\/media\/88437"}],"wp:attachment":[{"href":"https:\/\/alexmobilier.ro\/scolar\/wp-json\/wp\/v2\/media?parent=48473"}],"curies":[{"name":"wp","href":"https:\/\/api.w.org\/{rel}","templated":true}]}}