{"id":48421,"date":"2017-05-24T09:42:38","date_gmt":"2017-05-24T09:42:38","guid":{"rendered":"http:\/\/alexbutor.hu\/iskolabutor\/?page_id=48421"},"modified":"2025-11-25T08:49:43","modified_gmt":"2025-11-25T08:49:43","slug":"grupa-de-mobilier-kaleido","status":"publish","type":"page","link":"https:\/\/alexmobilier.ro\/scolar\/categorii\/mese-si-scaune\/inaltime-fixa\/grupa-de-mobilier-kaleido\/","title":{"rendered":"Grupa de mobilier Kaleido"},"content":{"rendered":"<div class=\"yt-row\">\n<div class=\"yt-subrow yt-subrow1\"><iframe src=\"https:\/\/www.youtube.com\/embed\/YHZDKqziphA\" width=\"448\" height=\"252\" frameborder=\"0\" allowfullscreen=\"allowfullscreen\"><\/iframe><\/div>\n<div class=\"yt-subrow yt-subrow2\">\n<p>Mobilate cu produse din familia de mobilier Kaleido, s\u0103lile de clase ofer\u0103 studen\u021bilor o nou\u0103 \u0219i modern\u0103 oportunitate de a lucra \u00een grupuri, de a aduna materiale pentru cursurile demonstrative \u0219i de a g\u0103si refugiu, intimitate \u00een ansambluri mici concepute \u00een moduri diferite. Mobilierul ofer\u0103 flexibilitate, iar pentru profesori oportunitatea de a satisface noile nevoi de \u00eenv\u0103\u021bare diferen\u021biate pe fiecare proiect. Cu mobilierul nostru, ei pot rearanja spa\u021biul u\u0219or \u0219i rapid.<\/p>\n<\/div>\n<\/div>\n","protected":false},"excerpt":{"rendered":"<p>Mobilate cu produse din familia de mobilier Kaleido, s\u0103lile de clase ofer\u0103 studen\u021bilor o nou\u0103 \u0219i modern\u0103 oportunitate de a lucra \u00een grupuri, de a aduna materiale pentru cursurile demonstrative \u0219i de a g\u0103si refugiu, intimitate \u00een ansambluri mici concepute \u00een moduri diferite. Mobilierul ofer\u0103 flexibilitate, iar pentru profesori oportunitatea de a satisface noile nevoi de \u00eenv\u0103\u021bare diferen\u021biate pe fiecare&nbsp;<a href=\"https:\/\/alexmobilier.ro\/scolar\/categorii\/mese-si-scaune\/inaltime-fixa\/grupa-de-mobilier-kaleido\/\" class=\"read-more\">...<\/a><\/p>\n","protected":false},"author":1,"featured_media":88346,"parent":48433,"menu_order":0,"comment_status":"closed","ping_status":"closed","template":"page-Portfolio4Cols-filterable.php","meta":{"footnotes":""},"class_list":["post-48421","page","type-page","status-publish","has-post-thumbnail","hentry"],"yoast_head":"<!-- This site is optimized with the Yoast SEO plugin v27.4 - https:\/\/yoast.com\/product\/yoast-seo-wordpress\/ -->\n<title>Grupa de mobilier Kaleido - \u0218colar<\/title>\n<meta name=\"robots\" content=\"index, follow, max-snippet:-1, max-image-preview:large, max-video-preview:-1\" \/>\n<link rel=\"canonical\" href=\"https:\/\/alexmobilier.ro\/scolar\/categorii\/mese-si-scaune\/inaltime-fixa\/grupa-de-mobilier-kaleido\/\" \/>\n<meta property=\"og:locale\" content=\"en_US\" \/>\n<meta property=\"og:type\" content=\"article\" \/>\n<meta property=\"og:title\" content=\"Grupa de mobilier Kaleido - \u0218colar\" \/>\n<meta property=\"og:description\" content=\"Mobilate cu produse din familia de mobilier Kaleido, s\u0103lile de clase ofer\u0103 studen\u021bilor o nou\u0103 \u0219i modern\u0103 oportunitate de a lucra \u00een grupuri, de a aduna materiale pentru cursurile demonstrative \u0219i de a g\u0103si refugiu, intimitate \u00een ansambluri mici concepute \u00een moduri diferite. Mobilierul ofer\u0103 flexibilitate, iar pentru profesori oportunitatea de a satisface noile nevoi de \u00eenv\u0103\u021bare diferen\u021biate pe fiecare&nbsp;...\" \/>\n<meta property=\"og:url\" content=\"https:\/\/alexmobilier.ro\/scolar\/categorii\/mese-si-scaune\/inaltime-fixa\/grupa-de-mobilier-kaleido\/\" \/>\n<meta property=\"og:site_name\" content=\"\u0218colar\" \/>\n<meta property=\"article:modified_time\" content=\"2025-11-25T08:49:43+00:00\" \/>\n<meta property=\"og:image\" content=\"https:\/\/alexmobilier.ro\/scolar\/wp-content\/uploads\/2018\/06\/Iskolabutor_01_Egesznapos_oktatas_butorai-04_Kaleido_butorcsalad.jpg\" \/>\n\t<meta property=\"og:image:width\" content=\"800\" \/>\n\t<meta property=\"og:image:height\" content=\"560\" \/>\n\t<meta property=\"og:image:type\" content=\"image\/jpeg\" \/>\n<meta name=\"twitter:card\" content=\"summary_large_image\" \/>\n<meta name=\"twitter:label1\" content=\"Est. reading time\" \/>\n\t<meta name=\"twitter:data1\" content=\"1 minute\" \/>\n<script type=\"application\/ld+json\" class=\"yoast-schema-graph\">{\"@context\":\"https:\\\/\\\/schema.org\",\"@graph\":[{\"@type\":\"WebPage\",\"@id\":\"https:\\\/\\\/alexmobilier.ro\\\/scolar\\\/categorii\\\/mese-si-scaune\\\/inaltime-fixa\\\/grupa-de-mobilier-kaleido\\\/\",\"url\":\"https:\\\/\\\/alexmobilier.ro\\\/scolar\\\/categorii\\\/mese-si-scaune\\\/inaltime-fixa\\\/grupa-de-mobilier-kaleido\\\/\",\"name\":\"Grupa de mobilier Kaleido - \u0218colar\",\"isPartOf\":{\"@id\":\"https:\\\/\\\/alexmobilier.ro\\\/scolar\\\/#website\"},\"primaryImageOfPage\":{\"@id\":\"https:\\\/\\\/alexmobilier.ro\\\/scolar\\\/categorii\\\/mese-si-scaune\\\/inaltime-fixa\\\/grupa-de-mobilier-kaleido\\\/#primaryimage\"},\"image\":{\"@id\":\"https:\\\/\\\/alexmobilier.ro\\\/scolar\\\/categorii\\\/mese-si-scaune\\\/inaltime-fixa\\\/grupa-de-mobilier-kaleido\\\/#primaryimage\"},\"thumbnailUrl\":\"https:\\\/\\\/alexmobilier.ro\\\/scolar\\\/wp-content\\\/uploads\\\/2018\\\/06\\\/Iskolabutor_01_Egesznapos_oktatas_butorai-04_Kaleido_butorcsalad.jpg\",\"datePublished\":\"2017-05-24T09:42:38+00:00\",\"dateModified\":\"2025-11-25T08:49:43+00:00\",\"breadcrumb\":{\"@id\":\"https:\\\/\\\/alexmobilier.ro\\\/scolar\\\/categorii\\\/mese-si-scaune\\\/inaltime-fixa\\\/grupa-de-mobilier-kaleido\\\/#breadcrumb\"},\"inLanguage\":\"en-US\",\"potentialAction\":[{\"@type\":\"ReadAction\",\"target\":[\"https:\\\/\\\/alexmobilier.ro\\\/scolar\\\/categorii\\\/mese-si-scaune\\\/inaltime-fixa\\\/grupa-de-mobilier-kaleido\\\/\"]}]},{\"@type\":\"ImageObject\",\"inLanguage\":\"en-US\",\"@id\":\"https:\\\/\\\/alexmobilier.ro\\\/scolar\\\/categorii\\\/mese-si-scaune\\\/inaltime-fixa\\\/grupa-de-mobilier-kaleido\\\/#primaryimage\",\"url\":\"https:\\\/\\\/alexmobilier.ro\\\/scolar\\\/wp-content\\\/uploads\\\/2018\\\/06\\\/Iskolabutor_01_Egesznapos_oktatas_butorai-04_Kaleido_butorcsalad.jpg\",\"contentUrl\":\"https:\\\/\\\/alexmobilier.ro\\\/scolar\\\/wp-content\\\/uploads\\\/2018\\\/06\\\/Iskolabutor_01_Egesznapos_oktatas_butorai-04_Kaleido_butorcsalad.jpg\",\"width\":800,\"height\":560},{\"@type\":\"BreadcrumbList\",\"@id\":\"https:\\\/\\\/alexmobilier.ro\\\/scolar\\\/categorii\\\/mese-si-scaune\\\/inaltime-fixa\\\/grupa-de-mobilier-kaleido\\\/#breadcrumb\",\"itemListElement\":[{\"@type\":\"ListItem\",\"position\":1,\"name\":\"Home\",\"item\":\"https:\\\/\\\/alexmobilier.ro\\\/scolar\\\/\"},{\"@type\":\"ListItem\",\"position\":2,\"name\":\"Categorii\",\"item\":\"https:\\\/\\\/alexmobilier.ro\\\/scolar\\\/categorii\\\/\"},{\"@type\":\"ListItem\",\"position\":3,\"name\":\"Mese \u0219i scaune\",\"item\":\"https:\\\/\\\/alexmobilier.ro\\\/scolar\\\/categorii\\\/mese-si-scaune\\\/\"},{\"@type\":\"ListItem\",\"position\":4,\"name\":\"\u00cen\u0103l\u021bime fix\u0103\",\"item\":\"https:\\\/\\\/alexmobilier.ro\\\/scolar\\\/categorii\\\/mese-si-scaune\\\/inaltime-fixa\\\/\"},{\"@type\":\"ListItem\",\"position\":5,\"name\":\"Grupa de mobilier Kaleido\"}]},{\"@type\":\"WebSite\",\"@id\":\"https:\\\/\\\/alexmobilier.ro\\\/scolar\\\/#website\",\"url\":\"https:\\\/\\\/alexmobilier.ro\\\/scolar\\\/\",\"name\":\"\u0218colar\",\"description\":\"ALEX MOBILIER MACS\",\"publisher\":{\"@id\":\"https:\\\/\\\/alexmobilier.ro\\\/scolar\\\/#organization\"},\"potentialAction\":[{\"@type\":\"SearchAction\",\"target\":{\"@type\":\"EntryPoint\",\"urlTemplate\":\"https:\\\/\\\/alexmobilier.ro\\\/scolar\\\/?s={search_term_string}\"},\"query-input\":{\"@type\":\"PropertyValueSpecification\",\"valueRequired\":true,\"valueName\":\"search_term_string\"}}],\"inLanguage\":\"en-US\"},{\"@type\":\"Organization\",\"@id\":\"https:\\\/\\\/alexmobilier.ro\\\/scolar\\\/#organization\",\"name\":\"Alex Mobilier\",\"url\":\"https:\\\/\\\/alexmobilier.ro\\\/scolar\\\/\",\"logo\":{\"@type\":\"ImageObject\",\"inLanguage\":\"en-US\",\"@id\":\"https:\\\/\\\/alexmobilier.ro\\\/scolar\\\/#\\\/schema\\\/logo\\\/image\\\/\",\"url\":\"https:\\\/\\\/alexmobilier.ro\\\/scolar\\\/wp-content\\\/uploads\\\/2025\\\/02\\\/LogoROMAN_allo_sarga-fekete.jpg\",\"contentUrl\":\"https:\\\/\\\/alexmobilier.ro\\\/scolar\\\/wp-content\\\/uploads\\\/2025\\\/02\\\/LogoROMAN_allo_sarga-fekete.jpg\",\"width\":452,\"height\":500,\"caption\":\"Alex Mobilier\"},\"image\":{\"@id\":\"https:\\\/\\\/alexmobilier.ro\\\/scolar\\\/#\\\/schema\\\/logo\\\/image\\\/\"}}]}<\/script>\n<!-- \/ Yoast SEO plugin. -->","yoast_head_json":{"title":"Grupa de mobilier Kaleido - \u0218colar","robots":{"index":"index","follow":"follow","max-snippet":"max-snippet:-1","max-image-preview":"max-image-preview:large","max-video-preview":"max-video-preview:-1"},"canonical":"https:\/\/alexmobilier.ro\/scolar\/categorii\/mese-si-scaune\/inaltime-fixa\/grupa-de-mobilier-kaleido\/","og_locale":"en_US","og_type":"article","og_title":"Grupa de mobilier Kaleido - \u0218colar","og_description":"Mobilate cu produse din familia de mobilier Kaleido, s\u0103lile de clase ofer\u0103 studen\u021bilor o nou\u0103 \u0219i modern\u0103 oportunitate de a lucra \u00een grupuri, de a aduna materiale pentru cursurile demonstrative \u0219i de a g\u0103si refugiu, intimitate \u00een ansambluri mici concepute \u00een moduri diferite. Mobilierul ofer\u0103 flexibilitate, iar pentru profesori oportunitatea de a satisface noile nevoi de \u00eenv\u0103\u021bare diferen\u021biate pe fiecare&nbsp;...","og_url":"https:\/\/alexmobilier.ro\/scolar\/categorii\/mese-si-scaune\/inaltime-fixa\/grupa-de-mobilier-kaleido\/","og_site_name":"\u0218colar","article_modified_time":"2025-11-25T08:49:43+00:00","og_image":[{"width":800,"height":560,"url":"https:\/\/alexmobilier.ro\/scolar\/wp-content\/uploads\/2018\/06\/Iskolabutor_01_Egesznapos_oktatas_butorai-04_Kaleido_butorcsalad.jpg","type":"image\/jpeg"}],"twitter_card":"summary_large_image","twitter_misc":{"Est. reading time":"1 minute"},"schema":{"@context":"https:\/\/schema.org","@graph":[{"@type":"WebPage","@id":"https:\/\/alexmobilier.ro\/scolar\/categorii\/mese-si-scaune\/inaltime-fixa\/grupa-de-mobilier-kaleido\/","url":"https:\/\/alexmobilier.ro\/scolar\/categorii\/mese-si-scaune\/inaltime-fixa\/grupa-de-mobilier-kaleido\/","name":"Grupa de mobilier Kaleido - \u0218colar","isPartOf":{"@id":"https:\/\/alexmobilier.ro\/scolar\/#website"},"primaryImageOfPage":{"@id":"https:\/\/alexmobilier.ro\/scolar\/categorii\/mese-si-scaune\/inaltime-fixa\/grupa-de-mobilier-kaleido\/#primaryimage"},"image":{"@id":"https:\/\/alexmobilier.ro\/scolar\/categorii\/mese-si-scaune\/inaltime-fixa\/grupa-de-mobilier-kaleido\/#primaryimage"},"thumbnailUrl":"https:\/\/alexmobilier.ro\/scolar\/wp-content\/uploads\/2018\/06\/Iskolabutor_01_Egesznapos_oktatas_butorai-04_Kaleido_butorcsalad.jpg","datePublished":"2017-05-24T09:42:38+00:00","dateModified":"2025-11-25T08:49:43+00:00","breadcrumb":{"@id":"https:\/\/alexmobilier.ro\/scolar\/categorii\/mese-si-scaune\/inaltime-fixa\/grupa-de-mobilier-kaleido\/#breadcrumb"},"inLanguage":"en-US","potentialAction":[{"@type":"ReadAction","target":["https:\/\/alexmobilier.ro\/scolar\/categorii\/mese-si-scaune\/inaltime-fixa\/grupa-de-mobilier-kaleido\/"]}]},{"@type":"ImageObject","inLanguage":"en-US","@id":"https:\/\/alexmobilier.ro\/scolar\/categorii\/mese-si-scaune\/inaltime-fixa\/grupa-de-mobilier-kaleido\/#primaryimage","url":"https:\/\/alexmobilier.ro\/scolar\/wp-content\/uploads\/2018\/06\/Iskolabutor_01_Egesznapos_oktatas_butorai-04_Kaleido_butorcsalad.jpg","contentUrl":"https:\/\/alexmobilier.ro\/scolar\/wp-content\/uploads\/2018\/06\/Iskolabutor_01_Egesznapos_oktatas_butorai-04_Kaleido_butorcsalad.jpg","width":800,"height":560},{"@type":"BreadcrumbList","@id":"https:\/\/alexmobilier.ro\/scolar\/categorii\/mese-si-scaune\/inaltime-fixa\/grupa-de-mobilier-kaleido\/#breadcrumb","itemListElement":[{"@type":"ListItem","position":1,"name":"Home","item":"https:\/\/alexmobilier.ro\/scolar\/"},{"@type":"ListItem","position":2,"name":"Categorii","item":"https:\/\/alexmobilier.ro\/scolar\/categorii\/"},{"@type":"ListItem","position":3,"name":"Mese \u0219i scaune","item":"https:\/\/alexmobilier.ro\/scolar\/categorii\/mese-si-scaune\/"},{"@type":"ListItem","position":4,"name":"\u00cen\u0103l\u021bime fix\u0103","item":"https:\/\/alexmobilier.ro\/scolar\/categorii\/mese-si-scaune\/inaltime-fixa\/"},{"@type":"ListItem","position":5,"name":"Grupa de mobilier Kaleido"}]},{"@type":"WebSite","@id":"https:\/\/alexmobilier.ro\/scolar\/#website","url":"https:\/\/alexmobilier.ro\/scolar\/","name":"\u0218colar","description":"ALEX MOBILIER MACS","publisher":{"@id":"https:\/\/alexmobilier.ro\/scolar\/#organization"},"potentialAction":[{"@type":"SearchAction","target":{"@type":"EntryPoint","urlTemplate":"https:\/\/alexmobilier.ro\/scolar\/?s={search_term_string}"},"query-input":{"@type":"PropertyValueSpecification","valueRequired":true,"valueName":"search_term_string"}}],"inLanguage":"en-US"},{"@type":"Organization","@id":"https:\/\/alexmobilier.ro\/scolar\/#organization","name":"Alex Mobilier","url":"https:\/\/alexmobilier.ro\/scolar\/","logo":{"@type":"ImageObject","inLanguage":"en-US","@id":"https:\/\/alexmobilier.ro\/scolar\/#\/schema\/logo\/image\/","url":"https:\/\/alexmobilier.ro\/scolar\/wp-content\/uploads\/2025\/02\/LogoROMAN_allo_sarga-fekete.jpg","contentUrl":"https:\/\/alexmobilier.ro\/scolar\/wp-content\/uploads\/2025\/02\/LogoROMAN_allo_sarga-fekete.jpg","width":452,"height":500,"caption":"Alex Mobilier"},"image":{"@id":"https:\/\/alexmobilier.ro\/scolar\/#\/schema\/logo\/image\/"}}]}},"_links":{"self":[{"href":"https:\/\/alexmobilier.ro\/scolar\/wp-json\/wp\/v2\/pages\/48421","targetHints":{"allow":["GET"]}}],"collection":[{"href":"https:\/\/alexmobilier.ro\/scolar\/wp-json\/wp\/v2\/pages"}],"about":[{"href":"https:\/\/alexmobilier.ro\/scolar\/wp-json\/wp\/v2\/types\/page"}],"author":[{"embeddable":true,"href":"https:\/\/alexmobilier.ro\/scolar\/wp-json\/wp\/v2\/users\/1"}],"replies":[{"embeddable":true,"href":"https:\/\/alexmobilier.ro\/scolar\/wp-json\/wp\/v2\/comments?post=48421"}],"version-history":[{"count":4,"href":"https:\/\/alexmobilier.ro\/scolar\/wp-json\/wp\/v2\/pages\/48421\/revisions"}],"predecessor-version":[{"id":118740,"href":"https:\/\/alexmobilier.ro\/scolar\/wp-json\/wp\/v2\/pages\/48421\/revisions\/118740"}],"up":[{"embeddable":true,"href":"https:\/\/alexmobilier.ro\/scolar\/wp-json\/wp\/v2\/pages\/48433"}],"wp:featuredmedia":[{"embeddable":true,"href":"https:\/\/alexmobilier.ro\/scolar\/wp-json\/wp\/v2\/media\/88346"}],"wp:attachment":[{"href":"https:\/\/alexmobilier.ro\/scolar\/wp-json\/wp\/v2\/media?parent=48421"}],"curies":[{"name":"wp","href":"https:\/\/api.w.org\/{rel}","templated":true}]}}