{"id":17,"date":"2016-06-08T07:58:40","date_gmt":"2016-06-08T07:58:40","guid":{"rendered":"http:\/\/szallodabutor.hu\/?page_id=17"},"modified":"2023-08-31T05:07:27","modified_gmt":"2023-08-31T05:07:27","slug":"despre-noi","status":"publish","type":"page","link":"https:\/\/alexmobilier.ro\/scolar\/despre-noi\/","title":{"rendered":"DESPRE NOI"},"content":{"rendered":"<div id=\"owl-demo\" class=\"owl-carousel owl-theme\">\n<div class=\"item\"><img decoding=\"async\" src=\"https:\/\/alexmobilier.ro\/scolar\/wp-content\/uploads\/2018\/09\/rolunk-1-jav.jpg\" alt=\"Alex B\u00fator - R\u00f3lunk\"><\/div>\n<div class=\"item\"><img decoding=\"async\" src=\"https:\/\/alexmobilier.ro\/scolar\/wp-content\/uploads\/2018\/09\/rolunk-2.jpg\" alt=\"DESPRE NOI\"><\/div>\n<div class=\"item\"><img decoding=\"async\" src=\"https:\/\/alexmobilier.ro\/scolar\/wp-content\/uploads\/2018\/09\/rolunk-3.jpg\" alt=\"DESPRE NOI\"><\/div>\n<div class=\"item\"><img decoding=\"async\" src=\"https:\/\/alexmobilier.ro\/scolar\/wp-content\/uploads\/2018\/09\/rolunk-4.jpg\" alt=\"DESPRE NOI\"><\/div>\n<div class=\"item\"><img decoding=\"async\" src=\"https:\/\/alexmobilier.ro\/scolar\/wp-content\/uploads\/2018\/09\/rolunk-5.jpg\" alt=\"DESPRE NOI\"><\/div>\n<div class=\"item\"><img decoding=\"async\" src=\"https:\/\/alexmobilier.ro\/scolar\/wp-content\/uploads\/2018\/09\/rolunk-6.jpg\" alt=\"DESPRE NOI\"><\/div>\n<div class=\"item\"><img decoding=\"async\" src=\"https:\/\/alexmobilier.ro\/scolar\/wp-content\/uploads\/2018\/09\/rolunk-7.jpg\" alt=\"DESPRE NOI\"><\/div>\n<div class=\"item\"><img decoding=\"async\" src=\"https:\/\/alexmobilier.ro\/scolar\/wp-content\/uploads\/2018\/09\/rolunk-8.jpg\" alt=\"DESPRE NOI\"><\/div>\n<div class=\"item\"><img decoding=\"async\" src=\"https:\/\/alexmobilier.ro\/scolar\/wp-content\/uploads\/2018\/09\/rolunk-9.jpg\" alt=\"DESPRE NOI\"><\/div>\n<\/div>\n<div class=\"spacer\"><\/div><!-- .spacer (end) -->\n<h3>ISTORIA NOASTR\u0102<\/h3>\n<p>Istoria noastr\u0103 debuteaz\u0103 \u00een 1991, c\u00e2nd schimbarea regimului a deschis calea spre \u00eenfiin\u021barea unei afaceri de familie. Ini\u021bial, am pornit cu produc\u021bia \u0219i comercializarea cretelor pentru tablele \u0219colare. Dup\u0103 un deceniu de cre\u0219tere intensiv\u0103, ast\u0103zi compania noastr\u0103 ofer\u0103 locuri de munc\u0103 \u00een produc\u021bie \u0219i desfacere pentru o echip\u0103 de 130 de profesioni\u0219ti, pe o suprafa\u021b\u0103 de 15.000 de metri p\u0103tra\u021bi.<\/p>\n<p>Dorin\u021ba noastr\u0103 de a diversifica gama de produse pentru a le adapta la cerin\u021bele institu\u021biilor de \u00eenv\u0103\u021b\u0103m\u00e2nt, ne-a ghidat c\u0103tre extinderea portofoliului \u0219i c\u0103tre dezvoltarea altor linii de produse: personalul administrativ al \u015fcolii avea nevoie de mobilier de birou, internatele de mobilier hotelier, cantinele de mobilier pentru restaurante, amfiteatrele de mobilier de conferin\u0163\u0103, iar \u00een curtea \u015fcolii era nevoie de mobilier stradal. Astfel, am ajuns la o ofert\u0103 complet\u0103 \u0219i variat\u0103.<\/p>\n<p>\u00cen 2003, am extins prezen\u021ba noastr\u0103 prin \u00eenfiin\u021barea unei filiale \u0219i a unui punct de lucru \u00een Rom\u00e2nia, sub numele de SC Alex Mobilier Metalic \u0219i de Uz Didactic SRL, cu sediul \u00een Cluj-Napoca. Acest demers a continuat sub conducerea administratorului Miklos Csilla, prin intermediul societ\u0103\u021bii Dezmembr\u0103ri Miki SRL, la punctul de lucru din Cluj, \u00een comuna G\u00e2rb\u0103u, satul N\u0103d\u0103\u0219elu.<\/p>\n<div class=\"spacer\"><\/div><!-- .spacer (end) -->\n<h3>PRODUC\u021aIA<\/h3>\n<p>Misiunea noastr\u0103 \u00een produc\u021bie se axeaz\u0103 pe crearea de produse destinate mobil\u0103rii durabile a institu\u021biilor. Suntem con\u0219tien\u021bi c\u0103 mobilierul cerut de partenerii no\u0219tri va fi supus unei utiliz\u0103ri intense, ceea ce ne determin\u0103 s\u0103 punem un accent deosebit pe calitate \u0219i rezisten\u021b\u0103 \u00eenalt\u0103. \u00cen acest sens, proiect\u0103m \u00een mod meticulos \u00een 2D \u0219i 3D, utiliz\u00e2nd o gam\u0103 variat\u0103 de materiale. <\/p>\n<p>Lucr\u0103m cu cadre metalice galvanizate, din o\u021bel \u0219i aluminiu, aplic\u00e2nd tehnici de vopsire \u00een c\u00e2mp electrostatic. \u00cen completare cu utilizarea lemnului masiv \u0219i a pl\u0103cilor aglomerate din lemn integr\u0103m \u0219i folosim produse de tapi\u021berie \u0219i t\u00e2mpl\u0103rie. Prin utilizarea utilajelor CNC d\u0103m via\u021b\u0103 unui mobilier modern, estetic \u0219i valoros, care se remarc\u0103 prin rezisten\u021b\u0103 sporit\u0103.<\/p>\n<p>Investim \u00een dezvoltarea continu\u0103 a echipamentelor de produc\u021bie, pun\u00e2nd \u00een func\u021biune pe l\u00e2ng\u0103 ehipamentele tradi\u021bionale ma\u0219ini cu performan\u021be ridicatem, echipamente moderne cu control digital provenite din investi\u021bii recente. Totu\u0219i, cea mai pre\u021bioas\u0103 resurs\u0103 pentru noi este omul. Profesioni\u0219tii din departamentele noastre tehnice, financiare \u0219i comerciale contribuie esen\u021bial la calitatea \u0219i succesul produselor noastre. Sistemul de management al calit\u0103\u021bii asigur\u0103 produse de \u00eenalt\u0103 calitate constant\u0103.<\/p>\n<div class=\"spacer\"><\/div><!-- .spacer (end) -->\n","protected":false},"excerpt":{"rendered":"<p>ISTORIA NOASTR\u0102 Istoria noastr\u0103 debuteaz\u0103 \u00een 1991, c\u00e2nd schimbarea regimului a deschis calea spre \u00eenfiin\u021barea unei afaceri de familie. Ini\u021bial, am pornit cu produc\u021bia \u0219i comercializarea cretelor pentru tablele \u0219colare. Dup\u0103 un deceniu de cre\u0219tere intensiv\u0103, ast\u0103zi compania noastr\u0103 ofer\u0103 locuri de munc\u0103 \u00een produc\u021bie \u0219i desfacere pentru o echip\u0103 de 130 de profesioni\u0219ti, pe o suprafa\u021b\u0103 de 15.000 de&nbsp;<a href=\"https:\/\/alexmobilier.ro\/scolar\/despre-noi\/\" class=\"read-more\">...<\/a><\/p>\n","protected":false},"author":1,"featured_media":0,"parent":0,"menu_order":0,"comment_status":"closed","ping_status":"closed","template":"page-fullwidth.php","meta":{"footnotes":""},"class_list":["post-17","page","type-page","status-publish","hentry"],"yoast_head":"<!-- This site is optimized with the Yoast SEO plugin v27.4 - https:\/\/yoast.com\/product\/yoast-seo-wordpress\/ -->\n<title>DESPRE NOI - \u0218colar<\/title>\n<meta name=\"robots\" content=\"index, follow, max-snippet:-1, max-image-preview:large, max-video-preview:-1\" \/>\n<link rel=\"canonical\" href=\"https:\/\/alexmobilier.ro\/scolar\/despre-noi\/\" \/>\n<meta property=\"og:locale\" content=\"en_US\" \/>\n<meta property=\"og:type\" content=\"article\" \/>\n<meta property=\"og:title\" content=\"DESPRE NOI - \u0218colar\" \/>\n<meta property=\"og:description\" content=\"ISTORIA NOASTR\u0102 Istoria noastr\u0103 debuteaz\u0103 \u00een 1991, c\u00e2nd schimbarea regimului a deschis calea spre \u00eenfiin\u021barea unei afaceri de familie. Ini\u021bial, am pornit cu produc\u021bia \u0219i comercializarea cretelor pentru tablele \u0219colare. Dup\u0103 un deceniu de cre\u0219tere intensiv\u0103, ast\u0103zi compania noastr\u0103 ofer\u0103 locuri de munc\u0103 \u00een produc\u021bie \u0219i desfacere pentru o echip\u0103 de 130 de profesioni\u0219ti, pe o suprafa\u021b\u0103 de 15.000 de&nbsp;...\" \/>\n<meta property=\"og:url\" content=\"https:\/\/alexmobilier.ro\/scolar\/despre-noi\/\" \/>\n<meta property=\"og:site_name\" content=\"\u0218colar\" \/>\n<meta property=\"article:modified_time\" content=\"2023-08-31T05:07:27+00:00\" \/>\n<meta property=\"og:image\" content=\"https:\/\/alexmobilier.ro\/scolar\/wp-content\/uploads\/2018\/09\/rolunk-1-jav.jpg\" \/>\n<meta name=\"twitter:card\" content=\"summary_large_image\" \/>\n<meta name=\"twitter:label1\" content=\"Est. reading time\" \/>\n\t<meta name=\"twitter:data1\" content=\"2 minutes\" \/>\n<script type=\"application\/ld+json\" class=\"yoast-schema-graph\">{\"@context\":\"https:\\\/\\\/schema.org\",\"@graph\":[{\"@type\":\"WebPage\",\"@id\":\"https:\\\/\\\/alexmobilier.ro\\\/scolar\\\/despre-noi\\\/\",\"url\":\"https:\\\/\\\/alexmobilier.ro\\\/scolar\\\/despre-noi\\\/\",\"name\":\"DESPRE NOI - \u0218colar\",\"isPartOf\":{\"@id\":\"https:\\\/\\\/alexmobilier.ro\\\/scolar\\\/#website\"},\"primaryImageOfPage\":{\"@id\":\"https:\\\/\\\/alexmobilier.ro\\\/scolar\\\/despre-noi\\\/#primaryimage\"},\"image\":{\"@id\":\"https:\\\/\\\/alexmobilier.ro\\\/scolar\\\/despre-noi\\\/#primaryimage\"},\"thumbnailUrl\":\"https:\\\/\\\/alexmobilier.ro\\\/scolar\\\/wp-content\\\/uploads\\\/2018\\\/09\\\/rolunk-1-jav.jpg\",\"datePublished\":\"2016-06-08T07:58:40+00:00\",\"dateModified\":\"2023-08-31T05:07:27+00:00\",\"breadcrumb\":{\"@id\":\"https:\\\/\\\/alexmobilier.ro\\\/scolar\\\/despre-noi\\\/#breadcrumb\"},\"inLanguage\":\"en-US\",\"potentialAction\":[{\"@type\":\"ReadAction\",\"target\":[\"https:\\\/\\\/alexmobilier.ro\\\/scolar\\\/despre-noi\\\/\"]}]},{\"@type\":\"ImageObject\",\"inLanguage\":\"en-US\",\"@id\":\"https:\\\/\\\/alexmobilier.ro\\\/scolar\\\/despre-noi\\\/#primaryimage\",\"url\":\"https:\\\/\\\/alexmobilier.ro\\\/scolar\\\/wp-content\\\/uploads\\\/2018\\\/09\\\/rolunk-1-jav.jpg\",\"contentUrl\":\"https:\\\/\\\/alexmobilier.ro\\\/scolar\\\/wp-content\\\/uploads\\\/2018\\\/09\\\/rolunk-1-jav.jpg\",\"width\":1170,\"height\":480},{\"@type\":\"BreadcrumbList\",\"@id\":\"https:\\\/\\\/alexmobilier.ro\\\/scolar\\\/despre-noi\\\/#breadcrumb\",\"itemListElement\":[{\"@type\":\"ListItem\",\"position\":1,\"name\":\"Home\",\"item\":\"https:\\\/\\\/alexmobilier.ro\\\/scolar\\\/\"},{\"@type\":\"ListItem\",\"position\":2,\"name\":\"DESPRE NOI\"}]},{\"@type\":\"WebSite\",\"@id\":\"https:\\\/\\\/alexmobilier.ro\\\/scolar\\\/#website\",\"url\":\"https:\\\/\\\/alexmobilier.ro\\\/scolar\\\/\",\"name\":\"\u0218colar\",\"description\":\"ALEX MOBILIER MACS\",\"publisher\":{\"@id\":\"https:\\\/\\\/alexmobilier.ro\\\/scolar\\\/#organization\"},\"potentialAction\":[{\"@type\":\"SearchAction\",\"target\":{\"@type\":\"EntryPoint\",\"urlTemplate\":\"https:\\\/\\\/alexmobilier.ro\\\/scolar\\\/?s={search_term_string}\"},\"query-input\":{\"@type\":\"PropertyValueSpecification\",\"valueRequired\":true,\"valueName\":\"search_term_string\"}}],\"inLanguage\":\"en-US\"},{\"@type\":\"Organization\",\"@id\":\"https:\\\/\\\/alexmobilier.ro\\\/scolar\\\/#organization\",\"name\":\"Alex Mobilier\",\"url\":\"https:\\\/\\\/alexmobilier.ro\\\/scolar\\\/\",\"logo\":{\"@type\":\"ImageObject\",\"inLanguage\":\"en-US\",\"@id\":\"https:\\\/\\\/alexmobilier.ro\\\/scolar\\\/#\\\/schema\\\/logo\\\/image\\\/\",\"url\":\"https:\\\/\\\/alexmobilier.ro\\\/scolar\\\/wp-content\\\/uploads\\\/2025\\\/02\\\/LogoROMAN_allo_sarga-fekete.jpg\",\"contentUrl\":\"https:\\\/\\\/alexmobilier.ro\\\/scolar\\\/wp-content\\\/uploads\\\/2025\\\/02\\\/LogoROMAN_allo_sarga-fekete.jpg\",\"width\":452,\"height\":500,\"caption\":\"Alex Mobilier\"},\"image\":{\"@id\":\"https:\\\/\\\/alexmobilier.ro\\\/scolar\\\/#\\\/schema\\\/logo\\\/image\\\/\"}}]}<\/script>\n<!-- \/ Yoast SEO plugin. -->","yoast_head_json":{"title":"DESPRE NOI - \u0218colar","robots":{"index":"index","follow":"follow","max-snippet":"max-snippet:-1","max-image-preview":"max-image-preview:large","max-video-preview":"max-video-preview:-1"},"canonical":"https:\/\/alexmobilier.ro\/scolar\/despre-noi\/","og_locale":"en_US","og_type":"article","og_title":"DESPRE NOI - \u0218colar","og_description":"ISTORIA NOASTR\u0102 Istoria noastr\u0103 debuteaz\u0103 \u00een 1991, c\u00e2nd schimbarea regimului a deschis calea spre \u00eenfiin\u021barea unei afaceri de familie. Ini\u021bial, am pornit cu produc\u021bia \u0219i comercializarea cretelor pentru tablele \u0219colare. Dup\u0103 un deceniu de cre\u0219tere intensiv\u0103, ast\u0103zi compania noastr\u0103 ofer\u0103 locuri de munc\u0103 \u00een produc\u021bie \u0219i desfacere pentru o echip\u0103 de 130 de profesioni\u0219ti, pe o suprafa\u021b\u0103 de 15.000 de&nbsp;...","og_url":"https:\/\/alexmobilier.ro\/scolar\/despre-noi\/","og_site_name":"\u0218colar","article_modified_time":"2023-08-31T05:07:27+00:00","og_image":[{"url":"https:\/\/alexmobilier.ro\/scolar\/wp-content\/uploads\/2018\/09\/rolunk-1-jav.jpg","type":"","width":"","height":""}],"twitter_card":"summary_large_image","twitter_misc":{"Est. reading time":"2 minutes"},"schema":{"@context":"https:\/\/schema.org","@graph":[{"@type":"WebPage","@id":"https:\/\/alexmobilier.ro\/scolar\/despre-noi\/","url":"https:\/\/alexmobilier.ro\/scolar\/despre-noi\/","name":"DESPRE NOI - \u0218colar","isPartOf":{"@id":"https:\/\/alexmobilier.ro\/scolar\/#website"},"primaryImageOfPage":{"@id":"https:\/\/alexmobilier.ro\/scolar\/despre-noi\/#primaryimage"},"image":{"@id":"https:\/\/alexmobilier.ro\/scolar\/despre-noi\/#primaryimage"},"thumbnailUrl":"https:\/\/alexmobilier.ro\/scolar\/wp-content\/uploads\/2018\/09\/rolunk-1-jav.jpg","datePublished":"2016-06-08T07:58:40+00:00","dateModified":"2023-08-31T05:07:27+00:00","breadcrumb":{"@id":"https:\/\/alexmobilier.ro\/scolar\/despre-noi\/#breadcrumb"},"inLanguage":"en-US","potentialAction":[{"@type":"ReadAction","target":["https:\/\/alexmobilier.ro\/scolar\/despre-noi\/"]}]},{"@type":"ImageObject","inLanguage":"en-US","@id":"https:\/\/alexmobilier.ro\/scolar\/despre-noi\/#primaryimage","url":"https:\/\/alexmobilier.ro\/scolar\/wp-content\/uploads\/2018\/09\/rolunk-1-jav.jpg","contentUrl":"https:\/\/alexmobilier.ro\/scolar\/wp-content\/uploads\/2018\/09\/rolunk-1-jav.jpg","width":1170,"height":480},{"@type":"BreadcrumbList","@id":"https:\/\/alexmobilier.ro\/scolar\/despre-noi\/#breadcrumb","itemListElement":[{"@type":"ListItem","position":1,"name":"Home","item":"https:\/\/alexmobilier.ro\/scolar\/"},{"@type":"ListItem","position":2,"name":"DESPRE NOI"}]},{"@type":"WebSite","@id":"https:\/\/alexmobilier.ro\/scolar\/#website","url":"https:\/\/alexmobilier.ro\/scolar\/","name":"\u0218colar","description":"ALEX MOBILIER MACS","publisher":{"@id":"https:\/\/alexmobilier.ro\/scolar\/#organization"},"potentialAction":[{"@type":"SearchAction","target":{"@type":"EntryPoint","urlTemplate":"https:\/\/alexmobilier.ro\/scolar\/?s={search_term_string}"},"query-input":{"@type":"PropertyValueSpecification","valueRequired":true,"valueName":"search_term_string"}}],"inLanguage":"en-US"},{"@type":"Organization","@id":"https:\/\/alexmobilier.ro\/scolar\/#organization","name":"Alex Mobilier","url":"https:\/\/alexmobilier.ro\/scolar\/","logo":{"@type":"ImageObject","inLanguage":"en-US","@id":"https:\/\/alexmobilier.ro\/scolar\/#\/schema\/logo\/image\/","url":"https:\/\/alexmobilier.ro\/scolar\/wp-content\/uploads\/2025\/02\/LogoROMAN_allo_sarga-fekete.jpg","contentUrl":"https:\/\/alexmobilier.ro\/scolar\/wp-content\/uploads\/2025\/02\/LogoROMAN_allo_sarga-fekete.jpg","width":452,"height":500,"caption":"Alex Mobilier"},"image":{"@id":"https:\/\/alexmobilier.ro\/scolar\/#\/schema\/logo\/image\/"}}]}},"_links":{"self":[{"href":"https:\/\/alexmobilier.ro\/scolar\/wp-json\/wp\/v2\/pages\/17","targetHints":{"allow":["GET"]}}],"collection":[{"href":"https:\/\/alexmobilier.ro\/scolar\/wp-json\/wp\/v2\/pages"}],"about":[{"href":"https:\/\/alexmobilier.ro\/scolar\/wp-json\/wp\/v2\/types\/page"}],"author":[{"embeddable":true,"href":"https:\/\/alexmobilier.ro\/scolar\/wp-json\/wp\/v2\/users\/1"}],"replies":[{"embeddable":true,"href":"https:\/\/alexmobilier.ro\/scolar\/wp-json\/wp\/v2\/comments?post=17"}],"version-history":[{"count":4,"href":"https:\/\/alexmobilier.ro\/scolar\/wp-json\/wp\/v2\/pages\/17\/revisions"}],"predecessor-version":[{"id":114519,"href":"https:\/\/alexmobilier.ro\/scolar\/wp-json\/wp\/v2\/pages\/17\/revisions\/114519"}],"wp:attachment":[{"href":"https:\/\/alexmobilier.ro\/scolar\/wp-json\/wp\/v2\/media?parent=17"}],"curies":[{"name":"wp","href":"https:\/\/api.w.org\/{rel}","templated":true}]}}