{"id":118735,"date":"2025-09-29T10:04:42","date_gmt":"2025-09-29T10:04:42","guid":{"rendered":"https:\/\/alexmobilier.ro\/scolar\/?page_id=118735"},"modified":"2025-11-25T10:59:19","modified_gmt":"2025-11-25T10:59:19","slug":"mese-si-scaune","status":"publish","type":"page","link":"https:\/\/alexmobilier.ro\/scolar\/categorii\/mese-si-scaune\/","title":{"rendered":"Mese \u0219i scaune"},"content":{"rendered":"\r\n\t<li class=\"portfolio_item isotope-item\"><div class=\"portfolio_item_holder\"><figure class=\"thumbnail thumbnail__portfolio\"><a href=\"https:\/\/alexmobilier.ro\/scolar\/mese-si-scaune\/catedre-scaune-si-mese-profesor\/\" class=\"image-wrap\"><img decoding=\"async\" src=\"https:\/\/alexmobilier.ro\/scolar\/wp-content\/uploads\/2021\/03\/Kategoria_kepek_800x5608.jpg\" alt=\"Catedre \u0219i scaune profesor\"><\/a><\/figure><div class=\"caption caption__portfolio\"><h3><a href=\"https:\/\/alexmobilier.ro\/scolar\/mese-si-scaune\/catedre-scaune-si-mese-profesor\/\">Catedre \u0219i scaune profesor<\/a><\/h3><\/div><\/div><\/li>\n\r\n\t<li class=\"portfolio_item isotope-item\"><div class=\"portfolio_item_holder\"><figure class=\"thumbnail thumbnail__portfolio\"><a href=\"https:\/\/alexmobilier.ro\/scolar\/categorii\/mese-si-scaune\/inaltime-reglabila\/\" class=\"image-wrap\"><img decoding=\"async\" src=\"https:\/\/alexmobilier.ro\/scolar\/wp-content\/uploads\/2022\/01\/AllithatoMagassagu-1.jpg\" alt=\"\u00een\u0103l\u021bime reglabil\u0103\"><\/a><\/figure><div class=\"caption caption__portfolio\"><h3><a href=\"https:\/\/alexmobilier.ro\/scolar\/categorii\/mese-si-scaune\/inaltime-reglabila\/\">\u00een\u0103l\u021bime reglabil\u0103<\/a><\/h3><\/div><\/div><\/li>\n\r\n\t<li class=\"portfolio_item isotope-item\"><div class=\"portfolio_item_holder\"><figure class=\"thumbnail thumbnail__portfolio\"><a href=\"https:\/\/alexmobilier.ro\/scolar\/categorii\/mese-si-scaune\/inaltime-fixa\/\" class=\"image-wrap\"><img decoding=\"async\" src=\"https:\/\/alexmobilier.ro\/scolar\/wp-content\/uploads\/2023\/02\/FixMagassagu2-uj.jpg\" alt=\"\u00een\u0103l\u021bime fix\u0103\"><\/a><\/figure><div class=\"caption caption__portfolio\"><h3><a href=\"https:\/\/alexmobilier.ro\/scolar\/categorii\/mese-si-scaune\/inaltime-fixa\/\">\u00een\u0103l\u021bime fix\u0103<\/a><\/h3><\/div><\/div><\/li>\n","protected":false},"excerpt":{"rendered":"","protected":false},"author":4,"featured_media":118485,"parent":9,"menu_order":0,"comment_status":"closed","ping_status":"closed","template":"page-Portfolio2Cols-alexsub.php","meta":{"footnotes":""},"class_list":["post-118735","page","type-page","status-publish","has-post-thumbnail","hentry"],"yoast_head":"<!-- This site is optimized with the Yoast SEO plugin v27.4 - https:\/\/yoast.com\/product\/yoast-seo-wordpress\/ -->\n<title>Mese \u0219i scaune - \u0218colar<\/title>\n<meta name=\"description\" content=\"Mese \u0219i scaune \u0219colare - \u00ceMese \u0219i scaune \u0219colare ergonomice, \u00een\u0103l\u021bime fix\u0103 sau reglabil\u0103. Calitate garantat\u0103, design modern pentru \u0219coli \u0219i gr\u0103dini\u021be.\" \/>\n<meta name=\"robots\" content=\"index, follow, max-snippet:-1, max-image-preview:large, max-video-preview:-1\" \/>\n<link rel=\"canonical\" href=\"https:\/\/alexmobilier.ro\/scolar\/categorii\/mese-si-scaune\/\" \/>\n<meta property=\"og:locale\" content=\"en_US\" \/>\n<meta property=\"og:type\" content=\"article\" \/>\n<meta property=\"og:title\" content=\"Mese \u0219i scaune - \u0218colar\" \/>\n<meta property=\"og:description\" content=\"Mese \u0219i scaune \u0219colare - \u00ceMese \u0219i scaune \u0219colare ergonomice, \u00een\u0103l\u021bime fix\u0103 sau reglabil\u0103. Calitate garantat\u0103, design modern pentru \u0219coli \u0219i gr\u0103dini\u021be.\" \/>\n<meta property=\"og:url\" content=\"https:\/\/alexmobilier.ro\/scolar\/categorii\/mese-si-scaune\/\" \/>\n<meta property=\"og:site_name\" content=\"\u0218colar\" \/>\n<meta property=\"article:modified_time\" content=\"2025-11-25T10:59:19+00:00\" \/>\n<meta property=\"og:image\" content=\"https:\/\/alexmobilier.ro\/scolar\/wp-content\/uploads\/2025\/05\/rajz3.jpg\" \/>\n\t<meta property=\"og:image:width\" content=\"1200\" \/>\n\t<meta property=\"og:image:height\" content=\"1600\" \/>\n\t<meta property=\"og:image:type\" content=\"image\/jpeg\" \/>\n<meta name=\"twitter:card\" content=\"summary_large_image\" \/>\n<meta name=\"twitter:label1\" content=\"Est. reading time\" \/>\n\t<meta name=\"twitter:data1\" content=\"1 minute\" \/>\n<script type=\"application\/ld+json\" class=\"yoast-schema-graph\">{\"@context\":\"https:\\\/\\\/schema.org\",\"@graph\":[{\"@type\":\"WebPage\",\"@id\":\"https:\\\/\\\/alexmobilier.ro\\\/scolar\\\/categorii\\\/mese-si-scaune\\\/\",\"url\":\"https:\\\/\\\/alexmobilier.ro\\\/scolar\\\/categorii\\\/mese-si-scaune\\\/\",\"name\":\"Mese \u0219i scaune - \u0218colar\",\"isPartOf\":{\"@id\":\"https:\\\/\\\/alexmobilier.ro\\\/scolar\\\/#website\"},\"primaryImageOfPage\":{\"@id\":\"https:\\\/\\\/alexmobilier.ro\\\/scolar\\\/categorii\\\/mese-si-scaune\\\/#primaryimage\"},\"image\":{\"@id\":\"https:\\\/\\\/alexmobilier.ro\\\/scolar\\\/categorii\\\/mese-si-scaune\\\/#primaryimage\"},\"thumbnailUrl\":\"https:\\\/\\\/alexmobilier.ro\\\/scolar\\\/wp-content\\\/uploads\\\/2025\\\/05\\\/rajz3.jpg\",\"datePublished\":\"2025-09-29T10:04:42+00:00\",\"dateModified\":\"2025-11-25T10:59:19+00:00\",\"description\":\"Mese \u0219i scaune \u0219colare - \u00ceMese \u0219i scaune \u0219colare ergonomice, \u00een\u0103l\u021bime fix\u0103 sau reglabil\u0103. Calitate garantat\u0103, design modern pentru \u0219coli \u0219i gr\u0103dini\u021be.\",\"breadcrumb\":{\"@id\":\"https:\\\/\\\/alexmobilier.ro\\\/scolar\\\/categorii\\\/mese-si-scaune\\\/#breadcrumb\"},\"inLanguage\":\"en-US\",\"potentialAction\":[{\"@type\":\"ReadAction\",\"target\":[\"https:\\\/\\\/alexmobilier.ro\\\/scolar\\\/categorii\\\/mese-si-scaune\\\/\"]}]},{\"@type\":\"ImageObject\",\"inLanguage\":\"en-US\",\"@id\":\"https:\\\/\\\/alexmobilier.ro\\\/scolar\\\/categorii\\\/mese-si-scaune\\\/#primaryimage\",\"url\":\"https:\\\/\\\/alexmobilier.ro\\\/scolar\\\/wp-content\\\/uploads\\\/2025\\\/05\\\/rajz3.jpg\",\"contentUrl\":\"https:\\\/\\\/alexmobilier.ro\\\/scolar\\\/wp-content\\\/uploads\\\/2025\\\/05\\\/rajz3.jpg\",\"width\":1200,\"height\":1600},{\"@type\":\"BreadcrumbList\",\"@id\":\"https:\\\/\\\/alexmobilier.ro\\\/scolar\\\/categorii\\\/mese-si-scaune\\\/#breadcrumb\",\"itemListElement\":[{\"@type\":\"ListItem\",\"position\":1,\"name\":\"Home\",\"item\":\"https:\\\/\\\/alexmobilier.ro\\\/scolar\\\/\"},{\"@type\":\"ListItem\",\"position\":2,\"name\":\"Categorii\",\"item\":\"https:\\\/\\\/alexmobilier.ro\\\/scolar\\\/categorii\\\/\"},{\"@type\":\"ListItem\",\"position\":3,\"name\":\"Mese \u0219i scaune\"}]},{\"@type\":\"WebSite\",\"@id\":\"https:\\\/\\\/alexmobilier.ro\\\/scolar\\\/#website\",\"url\":\"https:\\\/\\\/alexmobilier.ro\\\/scolar\\\/\",\"name\":\"\u0218colar\",\"description\":\"ALEX MOBILIER MACS\",\"publisher\":{\"@id\":\"https:\\\/\\\/alexmobilier.ro\\\/scolar\\\/#organization\"},\"potentialAction\":[{\"@type\":\"SearchAction\",\"target\":{\"@type\":\"EntryPoint\",\"urlTemplate\":\"https:\\\/\\\/alexmobilier.ro\\\/scolar\\\/?s={search_term_string}\"},\"query-input\":{\"@type\":\"PropertyValueSpecification\",\"valueRequired\":true,\"valueName\":\"search_term_string\"}}],\"inLanguage\":\"en-US\"},{\"@type\":\"Organization\",\"@id\":\"https:\\\/\\\/alexmobilier.ro\\\/scolar\\\/#organization\",\"name\":\"Alex Mobilier\",\"url\":\"https:\\\/\\\/alexmobilier.ro\\\/scolar\\\/\",\"logo\":{\"@type\":\"ImageObject\",\"inLanguage\":\"en-US\",\"@id\":\"https:\\\/\\\/alexmobilier.ro\\\/scolar\\\/#\\\/schema\\\/logo\\\/image\\\/\",\"url\":\"https:\\\/\\\/alexmobilier.ro\\\/scolar\\\/wp-content\\\/uploads\\\/2025\\\/02\\\/LogoROMAN_allo_sarga-fekete.jpg\",\"contentUrl\":\"https:\\\/\\\/alexmobilier.ro\\\/scolar\\\/wp-content\\\/uploads\\\/2025\\\/02\\\/LogoROMAN_allo_sarga-fekete.jpg\",\"width\":452,\"height\":500,\"caption\":\"Alex Mobilier\"},\"image\":{\"@id\":\"https:\\\/\\\/alexmobilier.ro\\\/scolar\\\/#\\\/schema\\\/logo\\\/image\\\/\"}}]}<\/script>\n<!-- \/ Yoast SEO plugin. -->","yoast_head_json":{"title":"Mese \u0219i scaune - \u0218colar","description":"Mese \u0219i scaune \u0219colare - \u00ceMese \u0219i scaune \u0219colare ergonomice, \u00een\u0103l\u021bime fix\u0103 sau reglabil\u0103. Calitate garantat\u0103, design modern pentru \u0219coli \u0219i gr\u0103dini\u021be.","robots":{"index":"index","follow":"follow","max-snippet":"max-snippet:-1","max-image-preview":"max-image-preview:large","max-video-preview":"max-video-preview:-1"},"canonical":"https:\/\/alexmobilier.ro\/scolar\/categorii\/mese-si-scaune\/","og_locale":"en_US","og_type":"article","og_title":"Mese \u0219i scaune - \u0218colar","og_description":"Mese \u0219i scaune \u0219colare - \u00ceMese \u0219i scaune \u0219colare ergonomice, \u00een\u0103l\u021bime fix\u0103 sau reglabil\u0103. Calitate garantat\u0103, design modern pentru \u0219coli \u0219i gr\u0103dini\u021be.","og_url":"https:\/\/alexmobilier.ro\/scolar\/categorii\/mese-si-scaune\/","og_site_name":"\u0218colar","article_modified_time":"2025-11-25T10:59:19+00:00","og_image":[{"width":1200,"height":1600,"url":"https:\/\/alexmobilier.ro\/scolar\/wp-content\/uploads\/2025\/05\/rajz3.jpg","type":"image\/jpeg"}],"twitter_card":"summary_large_image","twitter_misc":{"Est. reading time":"1 minute"},"schema":{"@context":"https:\/\/schema.org","@graph":[{"@type":"WebPage","@id":"https:\/\/alexmobilier.ro\/scolar\/categorii\/mese-si-scaune\/","url":"https:\/\/alexmobilier.ro\/scolar\/categorii\/mese-si-scaune\/","name":"Mese \u0219i scaune - \u0218colar","isPartOf":{"@id":"https:\/\/alexmobilier.ro\/scolar\/#website"},"primaryImageOfPage":{"@id":"https:\/\/alexmobilier.ro\/scolar\/categorii\/mese-si-scaune\/#primaryimage"},"image":{"@id":"https:\/\/alexmobilier.ro\/scolar\/categorii\/mese-si-scaune\/#primaryimage"},"thumbnailUrl":"https:\/\/alexmobilier.ro\/scolar\/wp-content\/uploads\/2025\/05\/rajz3.jpg","datePublished":"2025-09-29T10:04:42+00:00","dateModified":"2025-11-25T10:59:19+00:00","description":"Mese \u0219i scaune \u0219colare - \u00ceMese \u0219i scaune \u0219colare ergonomice, \u00een\u0103l\u021bime fix\u0103 sau reglabil\u0103. Calitate garantat\u0103, design modern pentru \u0219coli \u0219i gr\u0103dini\u021be.","breadcrumb":{"@id":"https:\/\/alexmobilier.ro\/scolar\/categorii\/mese-si-scaune\/#breadcrumb"},"inLanguage":"en-US","potentialAction":[{"@type":"ReadAction","target":["https:\/\/alexmobilier.ro\/scolar\/categorii\/mese-si-scaune\/"]}]},{"@type":"ImageObject","inLanguage":"en-US","@id":"https:\/\/alexmobilier.ro\/scolar\/categorii\/mese-si-scaune\/#primaryimage","url":"https:\/\/alexmobilier.ro\/scolar\/wp-content\/uploads\/2025\/05\/rajz3.jpg","contentUrl":"https:\/\/alexmobilier.ro\/scolar\/wp-content\/uploads\/2025\/05\/rajz3.jpg","width":1200,"height":1600},{"@type":"BreadcrumbList","@id":"https:\/\/alexmobilier.ro\/scolar\/categorii\/mese-si-scaune\/#breadcrumb","itemListElement":[{"@type":"ListItem","position":1,"name":"Home","item":"https:\/\/alexmobilier.ro\/scolar\/"},{"@type":"ListItem","position":2,"name":"Categorii","item":"https:\/\/alexmobilier.ro\/scolar\/categorii\/"},{"@type":"ListItem","position":3,"name":"Mese \u0219i scaune"}]},{"@type":"WebSite","@id":"https:\/\/alexmobilier.ro\/scolar\/#website","url":"https:\/\/alexmobilier.ro\/scolar\/","name":"\u0218colar","description":"ALEX MOBILIER MACS","publisher":{"@id":"https:\/\/alexmobilier.ro\/scolar\/#organization"},"potentialAction":[{"@type":"SearchAction","target":{"@type":"EntryPoint","urlTemplate":"https:\/\/alexmobilier.ro\/scolar\/?s={search_term_string}"},"query-input":{"@type":"PropertyValueSpecification","valueRequired":true,"valueName":"search_term_string"}}],"inLanguage":"en-US"},{"@type":"Organization","@id":"https:\/\/alexmobilier.ro\/scolar\/#organization","name":"Alex Mobilier","url":"https:\/\/alexmobilier.ro\/scolar\/","logo":{"@type":"ImageObject","inLanguage":"en-US","@id":"https:\/\/alexmobilier.ro\/scolar\/#\/schema\/logo\/image\/","url":"https:\/\/alexmobilier.ro\/scolar\/wp-content\/uploads\/2025\/02\/LogoROMAN_allo_sarga-fekete.jpg","contentUrl":"https:\/\/alexmobilier.ro\/scolar\/wp-content\/uploads\/2025\/02\/LogoROMAN_allo_sarga-fekete.jpg","width":452,"height":500,"caption":"Alex Mobilier"},"image":{"@id":"https:\/\/alexmobilier.ro\/scolar\/#\/schema\/logo\/image\/"}}]}},"_links":{"self":[{"href":"https:\/\/alexmobilier.ro\/scolar\/wp-json\/wp\/v2\/pages\/118735","targetHints":{"allow":["GET"]}}],"collection":[{"href":"https:\/\/alexmobilier.ro\/scolar\/wp-json\/wp\/v2\/pages"}],"about":[{"href":"https:\/\/alexmobilier.ro\/scolar\/wp-json\/wp\/v2\/types\/page"}],"author":[{"embeddable":true,"href":"https:\/\/alexmobilier.ro\/scolar\/wp-json\/wp\/v2\/users\/4"}],"replies":[{"embeddable":true,"href":"https:\/\/alexmobilier.ro\/scolar\/wp-json\/wp\/v2\/comments?post=118735"}],"version-history":[{"count":14,"href":"https:\/\/alexmobilier.ro\/scolar\/wp-json\/wp\/v2\/pages\/118735\/revisions"}],"predecessor-version":[{"id":118809,"href":"https:\/\/alexmobilier.ro\/scolar\/wp-json\/wp\/v2\/pages\/118735\/revisions\/118809"}],"up":[{"embeddable":true,"href":"https:\/\/alexmobilier.ro\/scolar\/wp-json\/wp\/v2\/pages\/9"}],"wp:featuredmedia":[{"embeddable":true,"href":"https:\/\/alexmobilier.ro\/scolar\/wp-json\/wp\/v2\/media\/118485"}],"wp:attachment":[{"href":"https:\/\/alexmobilier.ro\/scolar\/wp-json\/wp\/v2\/media?parent=118735"}],"curies":[{"name":"wp","href":"https:\/\/api.w.org\/{rel}","templated":true}]}}