{"id":100637,"date":"2021-09-18T08:58:45","date_gmt":"2021-09-18T08:58:45","guid":{"rendered":"http:\/\/alexmobilier.ro\/scolar\/?page_id=100637"},"modified":"2021-10-12T14:08:10","modified_gmt":"2021-10-12T14:08:10","slug":"domino","status":"publish","type":"page","link":"https:\/\/alexmobilier.ro\/scolar\/categorii\/mobilier-multifunctional\/domino\/","title":{"rendered":"Domino"},"content":{"rendered":"<div class=\"yt-row\">\n<div class=\"yt-subrow yt-subrow1\">\n<iframe width=\"448\" height=\"252\" src=\"https:\/\/www.youtube.com\/embed\/ESmEdNoXEIQ\" frameborder=\"0\" allow=\"accelerometer; autoplay; clipboard-write; encrypted-media; gyroscope; picture-in-picture\" allowfullscreen><\/iframe>\n<\/div>\n<div class=\"yt-subrow yt-subrow2\">\n<p>Forma gra\u021bioas\u0103 \u0219i aerisit\u0103 a b\u0103ncilor Domino se datoreaz\u0103 jocului delicat de propor\u021bii \u0219i picioarelor \u00eenguste. Datorit\u0103 designului structurii \u0219i al pernelor, care ne trimit cu g\u00e2ndul la piesele domino, varia\u021biile de dimensiune ne invit\u0103 s\u0103 ne juc\u0103m. Putem amenaja un spa\u021biu specific \u00een mai multe variante, fie c\u0103 este o zon\u0103 comun\u0103 \u00eentr-o cl\u0103dire cu birouri sau o sal\u0103 de a\u0219teptare, fie o sal\u0103 de gimnastic\u0103 \u0219i fitness. Cu un \u00eenc\u0103rc\u0103tor de telefon cu induc\u021bie \u0219i intr\u0103ri USB A \u0219i USB C plasate pe mobil\u0103, a\u0219teptatul nu va fi plictisitoare sau inutil\u0103. Pernele \u00eenalte, linoleul de mobilier aplicat pe placaj, pl\u0103cut tactil, t\u0103lpile autoreglabile cromate, toate reprezint\u0103 o categorie superioar\u0103 de calitate.<\/p>\n<\/div>\n<\/div>\n","protected":false},"excerpt":{"rendered":"<p>Forma gra\u021bioas\u0103 \u0219i aerisit\u0103 a b\u0103ncilor Domino se datoreaz\u0103 jocului delicat de propor\u021bii \u0219i picioarelor \u00eenguste. Datorit\u0103 designului structurii \u0219i al pernelor, care ne trimit cu g\u00e2ndul la piesele domino, varia\u021biile de dimensiune ne invit\u0103 s\u0103 ne juc\u0103m. Putem amenaja un spa\u021biu specific \u00een mai multe variante, fie c\u0103 este o zon\u0103 comun\u0103 \u00eentr-o cl\u0103dire cu birouri sau o sal\u0103&nbsp;<a href=\"https:\/\/alexmobilier.ro\/scolar\/categorii\/mobilier-multifunctional\/domino\/\" class=\"read-more\">...<\/a><\/p>\n","protected":false},"author":1,"featured_media":100630,"parent":97507,"menu_order":0,"comment_status":"closed","ping_status":"closed","template":"page-Portfolio4Cols-filterable.php","meta":{"footnotes":""},"class_list":["post-100637","page","type-page","status-publish","has-post-thumbnail","hentry"],"yoast_head":"<!-- This site is optimized with the Yoast SEO plugin v27.6 - https:\/\/yoast.com\/product\/yoast-seo-wordpress\/ -->\n<title>Domino - \u0218colar<\/title>\n<meta name=\"robots\" content=\"index, follow, max-snippet:-1, max-image-preview:large, max-video-preview:-1\" \/>\n<link rel=\"canonical\" href=\"https:\/\/alexmobilier.ro\/scolar\/categorii\/mobilier-multifunctional\/domino\/\" \/>\n<meta property=\"og:locale\" content=\"en_US\" \/>\n<meta property=\"og:type\" content=\"article\" \/>\n<meta property=\"og:title\" content=\"Domino - \u0218colar\" \/>\n<meta property=\"og:description\" content=\"Forma gra\u021bioas\u0103 \u0219i aerisit\u0103 a b\u0103ncilor Domino se datoreaz\u0103 jocului delicat de propor\u021bii \u0219i picioarelor \u00eenguste. Datorit\u0103 designului structurii \u0219i al pernelor, care ne trimit cu g\u00e2ndul la piesele domino, varia\u021biile de dimensiune ne invit\u0103 s\u0103 ne juc\u0103m. Putem amenaja un spa\u021biu specific \u00een mai multe variante, fie c\u0103 este o zon\u0103 comun\u0103 \u00eentr-o cl\u0103dire cu birouri sau o sal\u0103&nbsp;...\" \/>\n<meta property=\"og:url\" content=\"https:\/\/alexmobilier.ro\/scolar\/categorii\/mobilier-multifunctional\/domino\/\" \/>\n<meta property=\"og:site_name\" content=\"\u0218colar\" \/>\n<meta property=\"article:modified_time\" content=\"2021-10-12T14:08:10+00:00\" \/>\n<meta property=\"og:image\" content=\"https:\/\/alexmobilier.ro\/scolar\/wp-content\/uploads\/2021\/09\/domino_kat_kep.jpg\" \/>\n\t<meta property=\"og:image:width\" content=\"800\" \/>\n\t<meta property=\"og:image:height\" content=\"560\" \/>\n\t<meta property=\"og:image:type\" content=\"image\/jpeg\" \/>\n<meta name=\"twitter:card\" content=\"summary_large_image\" \/>\n<meta name=\"twitter:label1\" content=\"Est. reading time\" \/>\n\t<meta name=\"twitter:data1\" content=\"1 minute\" \/>\n<script type=\"application\/ld+json\" class=\"yoast-schema-graph\">{\"@context\":\"https:\\\/\\\/schema.org\",\"@graph\":[{\"@type\":\"WebPage\",\"@id\":\"https:\\\/\\\/alexmobilier.ro\\\/scolar\\\/categorii\\\/mobilier-multifunctional\\\/domino\\\/\",\"url\":\"https:\\\/\\\/alexmobilier.ro\\\/scolar\\\/categorii\\\/mobilier-multifunctional\\\/domino\\\/\",\"name\":\"Domino - \u0218colar\",\"isPartOf\":{\"@id\":\"https:\\\/\\\/alexmobilier.ro\\\/scolar\\\/#website\"},\"primaryImageOfPage\":{\"@id\":\"https:\\\/\\\/alexmobilier.ro\\\/scolar\\\/categorii\\\/mobilier-multifunctional\\\/domino\\\/#primaryimage\"},\"image\":{\"@id\":\"https:\\\/\\\/alexmobilier.ro\\\/scolar\\\/categorii\\\/mobilier-multifunctional\\\/domino\\\/#primaryimage\"},\"thumbnailUrl\":\"https:\\\/\\\/alexmobilier.ro\\\/scolar\\\/wp-content\\\/uploads\\\/2021\\\/09\\\/domino_kat_kep.jpg\",\"datePublished\":\"2021-09-18T08:58:45+00:00\",\"dateModified\":\"2021-10-12T14:08:10+00:00\",\"breadcrumb\":{\"@id\":\"https:\\\/\\\/alexmobilier.ro\\\/scolar\\\/categorii\\\/mobilier-multifunctional\\\/domino\\\/#breadcrumb\"},\"inLanguage\":\"en-US\",\"potentialAction\":[{\"@type\":\"ReadAction\",\"target\":[\"https:\\\/\\\/alexmobilier.ro\\\/scolar\\\/categorii\\\/mobilier-multifunctional\\\/domino\\\/\"]}]},{\"@type\":\"ImageObject\",\"inLanguage\":\"en-US\",\"@id\":\"https:\\\/\\\/alexmobilier.ro\\\/scolar\\\/categorii\\\/mobilier-multifunctional\\\/domino\\\/#primaryimage\",\"url\":\"https:\\\/\\\/alexmobilier.ro\\\/scolar\\\/wp-content\\\/uploads\\\/2021\\\/09\\\/domino_kat_kep.jpg\",\"contentUrl\":\"https:\\\/\\\/alexmobilier.ro\\\/scolar\\\/wp-content\\\/uploads\\\/2021\\\/09\\\/domino_kat_kep.jpg\",\"width\":800,\"height\":560},{\"@type\":\"BreadcrumbList\",\"@id\":\"https:\\\/\\\/alexmobilier.ro\\\/scolar\\\/categorii\\\/mobilier-multifunctional\\\/domino\\\/#breadcrumb\",\"itemListElement\":[{\"@type\":\"ListItem\",\"position\":1,\"name\":\"Home\",\"item\":\"https:\\\/\\\/alexmobilier.ro\\\/scolar\\\/\"},{\"@type\":\"ListItem\",\"position\":2,\"name\":\"Categorii\",\"item\":\"https:\\\/\\\/alexmobilier.ro\\\/scolar\\\/categorii\\\/\"},{\"@type\":\"ListItem\",\"position\":3,\"name\":\"Spa\u021bii multifunc\u021bionale\",\"item\":\"https:\\\/\\\/alexmobilier.ro\\\/scolar\\\/categorii\\\/mobilier-multifunctional\\\/\"},{\"@type\":\"ListItem\",\"position\":4,\"name\":\"Domino\"}]},{\"@type\":\"WebSite\",\"@id\":\"https:\\\/\\\/alexmobilier.ro\\\/scolar\\\/#website\",\"url\":\"https:\\\/\\\/alexmobilier.ro\\\/scolar\\\/\",\"name\":\"\u0218colar\",\"description\":\"ALEX MOBILIER MACS\",\"publisher\":{\"@id\":\"https:\\\/\\\/alexmobilier.ro\\\/scolar\\\/#organization\"},\"potentialAction\":[{\"@type\":\"SearchAction\",\"target\":{\"@type\":\"EntryPoint\",\"urlTemplate\":\"https:\\\/\\\/alexmobilier.ro\\\/scolar\\\/?s={search_term_string}\"},\"query-input\":{\"@type\":\"PropertyValueSpecification\",\"valueRequired\":true,\"valueName\":\"search_term_string\"}}],\"inLanguage\":\"en-US\"},{\"@type\":\"Organization\",\"@id\":\"https:\\\/\\\/alexmobilier.ro\\\/scolar\\\/#organization\",\"name\":\"Alex Mobilier\",\"url\":\"https:\\\/\\\/alexmobilier.ro\\\/scolar\\\/\",\"logo\":{\"@type\":\"ImageObject\",\"inLanguage\":\"en-US\",\"@id\":\"https:\\\/\\\/alexmobilier.ro\\\/scolar\\\/#\\\/schema\\\/logo\\\/image\\\/\",\"url\":\"https:\\\/\\\/alexmobilier.ro\\\/scolar\\\/wp-content\\\/uploads\\\/2025\\\/02\\\/LogoROMAN_allo_sarga-fekete.jpg\",\"contentUrl\":\"https:\\\/\\\/alexmobilier.ro\\\/scolar\\\/wp-content\\\/uploads\\\/2025\\\/02\\\/LogoROMAN_allo_sarga-fekete.jpg\",\"width\":452,\"height\":500,\"caption\":\"Alex Mobilier\"},\"image\":{\"@id\":\"https:\\\/\\\/alexmobilier.ro\\\/scolar\\\/#\\\/schema\\\/logo\\\/image\\\/\"}}]}<\/script>\n<!-- \/ Yoast SEO plugin. -->","yoast_head_json":{"title":"Domino - \u0218colar","robots":{"index":"index","follow":"follow","max-snippet":"max-snippet:-1","max-image-preview":"max-image-preview:large","max-video-preview":"max-video-preview:-1"},"canonical":"https:\/\/alexmobilier.ro\/scolar\/categorii\/mobilier-multifunctional\/domino\/","og_locale":"en_US","og_type":"article","og_title":"Domino - \u0218colar","og_description":"Forma gra\u021bioas\u0103 \u0219i aerisit\u0103 a b\u0103ncilor Domino se datoreaz\u0103 jocului delicat de propor\u021bii \u0219i picioarelor \u00eenguste. Datorit\u0103 designului structurii \u0219i al pernelor, care ne trimit cu g\u00e2ndul la piesele domino, varia\u021biile de dimensiune ne invit\u0103 s\u0103 ne juc\u0103m. Putem amenaja un spa\u021biu specific \u00een mai multe variante, fie c\u0103 este o zon\u0103 comun\u0103 \u00eentr-o cl\u0103dire cu birouri sau o sal\u0103&nbsp;...","og_url":"https:\/\/alexmobilier.ro\/scolar\/categorii\/mobilier-multifunctional\/domino\/","og_site_name":"\u0218colar","article_modified_time":"2021-10-12T14:08:10+00:00","og_image":[{"width":800,"height":560,"url":"https:\/\/alexmobilier.ro\/scolar\/wp-content\/uploads\/2021\/09\/domino_kat_kep.jpg","type":"image\/jpeg"}],"twitter_card":"summary_large_image","twitter_misc":{"Est. reading time":"1 minute"},"schema":{"@context":"https:\/\/schema.org","@graph":[{"@type":"WebPage","@id":"https:\/\/alexmobilier.ro\/scolar\/categorii\/mobilier-multifunctional\/domino\/","url":"https:\/\/alexmobilier.ro\/scolar\/categorii\/mobilier-multifunctional\/domino\/","name":"Domino - \u0218colar","isPartOf":{"@id":"https:\/\/alexmobilier.ro\/scolar\/#website"},"primaryImageOfPage":{"@id":"https:\/\/alexmobilier.ro\/scolar\/categorii\/mobilier-multifunctional\/domino\/#primaryimage"},"image":{"@id":"https:\/\/alexmobilier.ro\/scolar\/categorii\/mobilier-multifunctional\/domino\/#primaryimage"},"thumbnailUrl":"https:\/\/alexmobilier.ro\/scolar\/wp-content\/uploads\/2021\/09\/domino_kat_kep.jpg","datePublished":"2021-09-18T08:58:45+00:00","dateModified":"2021-10-12T14:08:10+00:00","breadcrumb":{"@id":"https:\/\/alexmobilier.ro\/scolar\/categorii\/mobilier-multifunctional\/domino\/#breadcrumb"},"inLanguage":"en-US","potentialAction":[{"@type":"ReadAction","target":["https:\/\/alexmobilier.ro\/scolar\/categorii\/mobilier-multifunctional\/domino\/"]}]},{"@type":"ImageObject","inLanguage":"en-US","@id":"https:\/\/alexmobilier.ro\/scolar\/categorii\/mobilier-multifunctional\/domino\/#primaryimage","url":"https:\/\/alexmobilier.ro\/scolar\/wp-content\/uploads\/2021\/09\/domino_kat_kep.jpg","contentUrl":"https:\/\/alexmobilier.ro\/scolar\/wp-content\/uploads\/2021\/09\/domino_kat_kep.jpg","width":800,"height":560},{"@type":"BreadcrumbList","@id":"https:\/\/alexmobilier.ro\/scolar\/categorii\/mobilier-multifunctional\/domino\/#breadcrumb","itemListElement":[{"@type":"ListItem","position":1,"name":"Home","item":"https:\/\/alexmobilier.ro\/scolar\/"},{"@type":"ListItem","position":2,"name":"Categorii","item":"https:\/\/alexmobilier.ro\/scolar\/categorii\/"},{"@type":"ListItem","position":3,"name":"Spa\u021bii multifunc\u021bionale","item":"https:\/\/alexmobilier.ro\/scolar\/categorii\/mobilier-multifunctional\/"},{"@type":"ListItem","position":4,"name":"Domino"}]},{"@type":"WebSite","@id":"https:\/\/alexmobilier.ro\/scolar\/#website","url":"https:\/\/alexmobilier.ro\/scolar\/","name":"\u0218colar","description":"ALEX MOBILIER MACS","publisher":{"@id":"https:\/\/alexmobilier.ro\/scolar\/#organization"},"potentialAction":[{"@type":"SearchAction","target":{"@type":"EntryPoint","urlTemplate":"https:\/\/alexmobilier.ro\/scolar\/?s={search_term_string}"},"query-input":{"@type":"PropertyValueSpecification","valueRequired":true,"valueName":"search_term_string"}}],"inLanguage":"en-US"},{"@type":"Organization","@id":"https:\/\/alexmobilier.ro\/scolar\/#organization","name":"Alex Mobilier","url":"https:\/\/alexmobilier.ro\/scolar\/","logo":{"@type":"ImageObject","inLanguage":"en-US","@id":"https:\/\/alexmobilier.ro\/scolar\/#\/schema\/logo\/image\/","url":"https:\/\/alexmobilier.ro\/scolar\/wp-content\/uploads\/2025\/02\/LogoROMAN_allo_sarga-fekete.jpg","contentUrl":"https:\/\/alexmobilier.ro\/scolar\/wp-content\/uploads\/2025\/02\/LogoROMAN_allo_sarga-fekete.jpg","width":452,"height":500,"caption":"Alex Mobilier"},"image":{"@id":"https:\/\/alexmobilier.ro\/scolar\/#\/schema\/logo\/image\/"}}]}},"_links":{"self":[{"href":"https:\/\/alexmobilier.ro\/scolar\/wp-json\/wp\/v2\/pages\/100637","targetHints":{"allow":["GET"]}}],"collection":[{"href":"https:\/\/alexmobilier.ro\/scolar\/wp-json\/wp\/v2\/pages"}],"about":[{"href":"https:\/\/alexmobilier.ro\/scolar\/wp-json\/wp\/v2\/types\/page"}],"author":[{"embeddable":true,"href":"https:\/\/alexmobilier.ro\/scolar\/wp-json\/wp\/v2\/users\/1"}],"replies":[{"embeddable":true,"href":"https:\/\/alexmobilier.ro\/scolar\/wp-json\/wp\/v2\/comments?post=100637"}],"version-history":[{"count":2,"href":"https:\/\/alexmobilier.ro\/scolar\/wp-json\/wp\/v2\/pages\/100637\/revisions"}],"predecessor-version":[{"id":101513,"href":"https:\/\/alexmobilier.ro\/scolar\/wp-json\/wp\/v2\/pages\/100637\/revisions\/101513"}],"up":[{"embeddable":true,"href":"https:\/\/alexmobilier.ro\/scolar\/wp-json\/wp\/v2\/pages\/97507"}],"wp:featuredmedia":[{"embeddable":true,"href":"https:\/\/alexmobilier.ro\/scolar\/wp-json\/wp\/v2\/media\/100630"}],"wp:attachment":[{"href":"https:\/\/alexmobilier.ro\/scolar\/wp-json\/wp\/v2\/media?parent=100637"}],"curies":[{"name":"wp","href":"https:\/\/api.w.org\/{rel}","templated":true}]}}